{"id":4192,"date":"2019-09-19T10:42:47","date_gmt":"2019-09-19T08:42:47","guid":{"rendered":"http:\/\/smartwebmo.cloud:74\/sertam2020\/prodotto\/bell-with-stainless-steel-overflow\/"},"modified":"2019-09-19T10:42:47","modified_gmt":"2019-09-19T08:42:47","slug":"bell-with-stainless-steel-overflow","status":"publish","type":"product","link":"https:\/\/www.sertam.it\/en\/prodotto\/bell-with-stainless-steel-overflow\/","title":{"rendered":"BELL WITH STAINLESS STEEL OVERFLOW"},"content":{"rendered":"<div class=\"vgblk-rw-wrapper limit-wrapper\">\n<figure class=\"wp-block-embed wp-block-embed-youtube is-type-video is-provider-youtube epyt-figure\"><div class=\"wp-block-embed__wrapper\"><iframe loading=\"lazy\"  id=\"_ytid_63545\"  width=\"630\" height=\"300\"  data-origwidth=\"630\" data-origheight=\"300\" src=\"https:\/\/www.youtube.com\/embed\/lkrhujeY9nk?enablejsapi=1&autoplay=0&cc_load_policy=0&cc_lang_pref=&iv_load_policy=3&loop=1&playlist=lkrhujeY9nk&rel=1&fs=1&playsinline=0&autohide=2&theme=dark&color=red&controls=1&\" class=\"__youtube_prefs__  no-lazyload\" title=\"YouTube player\"  allow=\"fullscreen; accelerometer; autoplay; clipboard-write; encrypted-media; gyroscope; picture-in-picture\" allowfullscreen data-no-lazy=\"1\" data-skipgform_ajax_framebjll=\"\"><\/iframe><\/div><\/figure>\n<p>&nbsp;<\/p>\n<p class=\"p1\">Device for applying glaze equipped with: stainless steel plate, anti-bubble tank for glaze supply with overflow system, valve for glaze flow regulation, glaze collection tank and galvanized steel support poles.<\/p>\n<p>&nbsp;<\/p>\n<p>&nbsp;<\/p>\n<table style=\"height: 494px;\" width=\"400\">\n<tbody>\n<tr>\n<th style=\"text-align: center;\" width=\"400\">MODEL<\/th>\n<th style=\"text-align: center;\" width=\"400\">MAX SIZE<\/th>\n<\/tr>\n<tr>\n<td width=\"110\">\n<p style=\"text-align: center;\">\u00d8 460<\/p>\n<\/td>\n<td width=\"213\">\n<p style=\"text-align: center;\">250 mm<\/p>\n<\/td>\n<\/tr>\n<tr>\n<td width=\"110\">\n<p style=\"text-align: center;\">\u00d8 660<\/p>\n<\/td>\n<td width=\"213\">\n<p style=\"text-align: center;\">440 mm<\/p>\n<\/td>\n<\/tr>\n<tr>\n<td width=\"110\">\n<p style=\"text-align: center;\">\u00d8 800<\/p>\n<\/td>\n<td style=\"text-align: center;\" width=\"400\">550 mm<\/td>\n<\/tr>\n<tr>\n<td width=\"110\">\n<p style=\"text-align: center;\">\u00d8 1000<\/p>\n<\/td>\n<td width=\"213\">\n<p style=\"text-align: center;\">660 mm<\/p>\n<\/td>\n<\/tr>\n<tr>\n<td width=\"110\">\n<p style=\"text-align: center;\">\u00d8 1200<\/p>\n<\/td>\n<td width=\"213\">\n<p style=\"text-align: center;\">900 mm<\/p>\n<\/td>\n<\/tr>\n<tr>\n<td width=\"110\">\n<p style=\"text-align: center;\">\u00d8 1500<\/p>\n<\/td>\n<td style=\"text-align: center;\" width=\"400\">1000 mm<\/td>\n<\/tr>\n<tr>\n<td style=\"text-align: center;\" width=\"110\">\u00d8 1800<\/td>\n<td width=\"213\">\n<p style=\"text-align: center;\">1350 mm<\/p>\n<\/td>\n<\/tr>\n<\/tbody>\n<\/table>\n<\/div>\n<p><!-- .vgblk-rw-wrapper --><\/p>\n","protected":false},"excerpt":{"rendered":"<p>&nbsp; Device for applying glaze equipped with: stainless steel plate, anti-bubble tank for glaze supply with overflow system, valve for glaze flow regulation, glaze collection tank and galvanized steel support poles. &nbsp; &nbsp; MODEL MAX SIZE \u00d8 460 250 mm \u00d8 660 440 mm \u00d8 800 550 mm \u00d8 1000 660 mm \u00d8 1200 900&#8230;<\/p>\n","protected":false},"featured_media":4195,"template":"","meta":[],"product_brand":[],"product_cat":[103],"product_tag":[],"class_list":{"0":"post-4192","1":"product","2":"type-product","3":"status-publish","4":"has-post-thumbnail","6":"product_cat-accessori-smalteria-en","8":"first","9":"instock","10":"shipping-taxable","11":"product-type-simple"},"_links":{"self":[{"href":"https:\/\/www.sertam.it\/en\/wp-json\/wp\/v2\/product\/4192","targetHints":{"allow":["GET"]}}],"collection":[{"href":"https:\/\/www.sertam.it\/en\/wp-json\/wp\/v2\/product"}],"about":[{"href":"https:\/\/www.sertam.it\/en\/wp-json\/wp\/v2\/types\/product"}],"wp:featuredmedia":[{"embeddable":true,"href":"https:\/\/www.sertam.it\/en\/wp-json\/wp\/v2\/media\/4195"}],"wp:attachment":[{"href":"https:\/\/www.sertam.it\/en\/wp-json\/wp\/v2\/media?parent=4192"}],"wp:term":[{"taxonomy":"product_brand","embeddable":true,"href":"https:\/\/www.sertam.it\/en\/wp-json\/wp\/v2\/product_brand?post=4192"},{"taxonomy":"product_cat","embeddable":true,"href":"https:\/\/www.sertam.it\/en\/wp-json\/wp\/v2\/product_cat?post=4192"},{"taxonomy":"product_tag","embeddable":true,"href":"https:\/\/www.sertam.it\/en\/wp-json\/wp\/v2\/product_tag?post=4192"}],"curies":[{"name":"wp","href":"https:\/\/api.w.org\/{rel}","templated":true}]}}