{"id":2462,"date":"2020-11-20T12:53:40","date_gmt":"2020-11-20T11:53:40","guid":{"rendered":"http:\/\/smartwebmo.cloud:74\/sertam2020\/empresa\/"},"modified":"2020-11-20T12:55:30","modified_gmt":"2020-11-20T11:55:30","slug":"empresa","status":"publish","type":"page","link":"https:\/\/www.sertam.it\/es\/empresa\/","title":{"rendered":"Empresa"},"content":{"rendered":"<div class=\"wpb-content-wrapper\"><div class=\"vgblk-rw-wrapper limit-wrapper\">[vc_row css=\u00bb.vc_custom_1557225262975{margin-right: 10px !important;margin-left: 10px !important;}\u00bb][vc_column width=\u00bb1\/3&#8243;][vc_single_image image=\u00bb2465&#8243; img_size=\u00bblarge\u00bb][\/vc_column][vc_column width=\u00bb2\/3&#8243;][vc_column_text]Desde siempre SERTAM es sin\u00f3nimo de m\u00e1quinas serigr\u00e1ficas de calidad. Conocida en todo el mundo por su decoradora plana y rotativa, cuenta con una amplia gama de productos y las mejores soluciones para el esmaltado cer\u00e1mico. <\/p>\n<div align=\"justify\">\n<div align=\"justify\">\n<p class=\"p1\">Nacida a fines de los ochenta, SERTAM ha sido adquirida por B.P.Elettronica en octubre de 2011, despu\u00e9s de una estrecha colaboraci\u00f3n de veinte a\u00f1os. La compra ha reforzado la posici\u00f3n en el mercado de B.P.Elettronica y SERTAM creando una realidad capaz de ofrecer una soluci\u00f3n completa para la decoraci\u00f3n cer\u00e1mica: m\u00e1quinas de alta calidad, automaci\u00f3n personalizada y asistencia t\u00e9cnica especializada.<\/p>\n<\/div>\n<\/div>\n<p>[\/vc_column_text][\/vc_column][\/vc_row][vc_row css=\u00bb.vc_custom_1557225366096{margin-right: 10px !important;margin-left: 10px !important;}\u00bb][vc_column][vc_separator][\/vc_column][\/vc_row][vc_row css=\u00bb.vc_custom_1557225279074{margin-right: 10px !important;margin-left: 10px !important;}\u00bb][vc_column width=\u00bb2\/3&#8243;][vc_column_text][\/vc_column_text][\/vc_column][vc_column width=\u00bb1\/3&#8243;][\/vc_column][\/vc_row][vc_row css=\u00bb.vc_custom_1557225376084{margin-right: 10px !important;margin-left: 10px !important;}\u00bb][vc_column][\/vc_column][\/vc_row][vc_row css=\u00bb.vc_custom_1557225289131{margin-right: 10px !important;margin-left: 10px !important;}\u00bb][vc_column width=\u00bb1\/3&#8243;][\/vc_column][vc_column width=\u00bb2\/3&#8243;][vc_column_text][\/vc_column_text][\/vc_column][\/vc_row][vc_row css=\u00bb.vc_custom_1557225387789{margin-right: 10px !important;margin-left: 10px !important;}\u00bb][vc_column][\/vc_column][\/vc_row][vc_row css=\u00bb.vc_custom_1557225299402{margin-right: 10px !important;margin-left: 10px !important;}\u00bb][vc_column width=\u00bb2\/3&#8243;][vc_column_text][\/vc_column_text][\/vc_column][vc_column width=\u00bb1\/3&#8243;][\/vc_column][\/vc_row][vc_row css=\u00bb.vc_custom_1557225396826{margin-right: 10px !important;margin-left: 10px !important;}\u00bb][vc_column][\/vc_column][\/vc_row][vc_row css=\u00bb.vc_custom_1557225309103{margin-right: 10px !important;margin-left: 10px !important;}\u00bb][vc_column width=\u00bb1\/3&#8243;][\/vc_column][vc_column width=\u00bb2\/3&#8243;][vc_column_text][\/vc_column_text][\/vc_column][\/vc_row][vc_row css=\u00bb.vc_custom_1557225406738{margin-right: 10px !important;margin-left: 10px !important;}\u00bb][vc_column][\/vc_column][\/vc_row][vc_row css=\u00bb.vc_custom_1557225320871{margin-right: 10px !important;margin-left: 10px !important;}\u00bb][vc_column width=\u00bb2\/3&#8243;][vc_column_text][\/vc_column_text][\/vc_column][vc_column width=\u00bb1\/3&#8243;][\/vc_column][\/vc_row][vc_row css=\u00bb.vc_custom_1557225416009{margin-right: 10px !important;margin-left: 10px !important;}\u00bb][vc_column][\/vc_column][\/vc_row][vc_row css=\u00bb.vc_custom_1557225330742{margin-right: 10px !important;margin-left: 10px !important;}\u00bb][vc_column width=\u00bb1\/3&#8243;][\/vc_column][vc_column width=\u00bb2\/3&#8243;][vc_column_text][\/vc_column_text][\/vc_column][\/vc_row][vc_row css=\u00bb.vc_custom_1557225425488{margin-right: 10px !important;margin-left: 10px !important;}\u00bb][vc_column][\/vc_column][\/vc_row][vc_row css=\u00bb.vc_custom_1557225341340{margin-right: 10px !important;margin-left: 10px !important;}\u00bb][vc_column width=\u00bb2\/3&#8243;][vc_column_text][\/vc_column_text][\/vc_column][vc_column width=\u00bb1\/3&#8243;][\/vc_column][\/vc_row]<\/p><\/div>\n<p><!-- .vgblk-rw-wrapper --><\/p>\n<\/div>","protected":false},"excerpt":{"rendered":"<p>[vc_row css=\u00bb.vc_custom_1557225262975{margin-right: 10px !important;margin-left: 10px !important;}\u00bb][vc_column width=\u00bb1\/3&#8243;][vc_single_image image=\u00bb2465&#8243; img_size=\u00bblarge\u00bb][\/vc_column][vc_column width=\u00bb2\/3&#8243;][vc_column_text]Desde siempre SERTAM es sin\u00f3nimo de m\u00e1quinas serigr\u00e1ficas de calidad. Conocida en todo el mundo por su decoradora plana y rotativa, cuenta con una amplia gama de productos y las mejores soluciones para el esmaltado cer\u00e1mico. Nacida a fines de los ochenta, SERTAM ha sido adquirida&#8230;<\/p>\n","protected":false},"author":3,"featured_media":0,"parent":0,"menu_order":0,"comment_status":"closed","ping_status":"closed","template":"","meta":{"footnotes":""},"class_list":["post-2462","page","type-page","status-publish","hentry"],"_links":{"self":[{"href":"https:\/\/www.sertam.it\/es\/wp-json\/wp\/v2\/pages\/2462","targetHints":{"allow":["GET"]}}],"collection":[{"href":"https:\/\/www.sertam.it\/es\/wp-json\/wp\/v2\/pages"}],"about":[{"href":"https:\/\/www.sertam.it\/es\/wp-json\/wp\/v2\/types\/page"}],"author":[{"embeddable":true,"href":"https:\/\/www.sertam.it\/es\/wp-json\/wp\/v2\/users\/3"}],"replies":[{"embeddable":true,"href":"https:\/\/www.sertam.it\/es\/wp-json\/wp\/v2\/comments?post=2462"}],"version-history":[{"count":0,"href":"https:\/\/www.sertam.it\/es\/wp-json\/wp\/v2\/pages\/2462\/revisions"}],"wp:attachment":[{"href":"https:\/\/www.sertam.it\/es\/wp-json\/wp\/v2\/media?parent=2462"}],"curies":[{"name":"wp","href":"https:\/\/api.w.org\/{rel}","templated":true}]}}