{"id":2610,"date":"2020-09-28T16:44:57","date_gmt":"2020-09-28T14:44:57","guid":{"rendered":"http:\/\/smartwebmo.cloud:74\/sertam2020\/prodotto\/calibrador-digital\/"},"modified":"2020-11-24T15:54:08","modified_gmt":"2020-11-24T14:54:08","slug":"calibrador-digital","status":"publish","type":"product","link":"https:\/\/www.sertam.it\/es\/prodotto\/calibrador-digital\/","title":{"rendered":"CALIBRADOR DIGITAL"},"content":{"rendered":"<div class=\"vgblk-rw-wrapper limit-wrapper\">\n<p>El calibrador digital es una herramienta de medici\u00f3n para control de calidad por muestreo.<br \/>Las operaciones de medici\u00f3n son simples y la pantalla LCD proporciona instant\u00e1neamente la medici\u00f3n de la azulejos.<br \/>\nEn comparaci\u00f3n con los instrumentos de medici\u00f3n manuales tradicionales, el Calibrador Digital ofrece un soporte angular particular sobre el que colocar el borde de la azulejos para realizar una medici\u00f3n m\u00e1s precisa de la diagonal.<br \/>El calibre digital est\u00e1 equipado con un carro con ruedas giratorias para facilitar su manejo.\n<\/p>\n<p>&nbsp;<\/p>\n<table>\n<tbody>\n<tr>\n<td width=\"300\">\n<p style=\"text-align: center;\">MAX TILE SIZE:<\/p>\n<\/td>\n<td style=\"text-align: center;\" width=\"300\">600&#215;1200 mm<\/td>\n<td style=\"text-align: center;\" width=\"300\">1200&#215;1800 mm<\/td>\n<td style=\"text-align: center;\" width=\"300\">1200&#215;1400 mm<\/td>\n<\/tr>\n<\/tbody>\n<\/table>\n<\/div>\n<p><!-- .vgblk-rw-wrapper --><\/p>\n","protected":false},"excerpt":{"rendered":"<p>El calibrador digital es una herramienta de medici\u00f3n para control de calidad por muestreo.Las operaciones de medici\u00f3n son simples y la pantalla LCD proporciona instant\u00e1neamente la medici\u00f3n de la azulejos. En comparaci\u00f3n con los instrumentos de medici\u00f3n manuales tradicionales, el Calibrador Digital ofrece un soporte angular particular sobre el que colocar el borde de la&#8230;<\/p>\n","protected":false},"featured_media":2613,"template":"","meta":[],"product_brand":[],"product_cat":[108],"product_tag":[],"class_list":{"0":"post-2610","1":"product","2":"type-product","3":"status-publish","4":"has-post-thumbnail","6":"product_cat-linea-de-seleccion","8":"first","9":"instock","10":"shipping-taxable","11":"product-type-simple"},"_links":{"self":[{"href":"https:\/\/www.sertam.it\/es\/wp-json\/wp\/v2\/product\/2610","targetHints":{"allow":["GET"]}}],"collection":[{"href":"https:\/\/www.sertam.it\/es\/wp-json\/wp\/v2\/product"}],"about":[{"href":"https:\/\/www.sertam.it\/es\/wp-json\/wp\/v2\/types\/product"}],"wp:featuredmedia":[{"embeddable":true,"href":"https:\/\/www.sertam.it\/es\/wp-json\/wp\/v2\/media\/2613"}],"wp:attachment":[{"href":"https:\/\/www.sertam.it\/es\/wp-json\/wp\/v2\/media?parent=2610"}],"wp:term":[{"taxonomy":"product_brand","embeddable":true,"href":"https:\/\/www.sertam.it\/es\/wp-json\/wp\/v2\/product_brand?post=2610"},{"taxonomy":"product_cat","embeddable":true,"href":"https:\/\/www.sertam.it\/es\/wp-json\/wp\/v2\/product_cat?post=2610"},{"taxonomy":"product_tag","embeddable":true,"href":"https:\/\/www.sertam.it\/es\/wp-json\/wp\/v2\/product_tag?post=2610"}],"curies":[{"name":"wp","href":"https:\/\/api.w.org\/{rel}","templated":true}]}}