{"id":2633,"date":"2020-09-01T11:12:31","date_gmt":"2020-09-01T09:12:31","guid":{"rendered":"http:\/\/smartwebmo.cloud:74\/sertam2020\/prodotto\/bomba-airless-automatica\/"},"modified":"2021-01-08T10:21:34","modified_gmt":"2021-01-08T09:21:34","slug":"bomba-airless-automatica","status":"publish","type":"product","link":"https:\/\/www.sertam.it\/es\/prodotto\/bomba-airless-automatica\/","title":{"rendered":"BOMBA AIRLESS AUTOMATICA 30-30"},"content":{"rendered":"<div class=\"vgblk-rw-wrapper limit-wrapper\">\n<p class=\"p1\">BOMBA AIRLESS AUTOM\u00c0TICA de tres pistones para aplicaciones perfectas en los azulejos de esmaltes, engobes, cristalinas y granillas tambi\u00e9n densas y abrasivas.<\/p>\n<p>Motor el\u00e9ctrico 1,5 kW o 3 kW.<\/p>\n<table style=\"height: 150px;\" width=\"500\">\n<tbody>\n<tr>\n<td width=\"300\">\n<p style=\"text-align: center;\">MAX BAR:<\/p>\n<\/td>\n<td style=\"text-align: center;\" width=\"300\">20<\/td>\n<td style=\"text-align: center;\" width=\"300\">25<\/td>\n<td style=\"text-align: center;\" width=\"300\">30<\/td>\n<\/tr>\n<tr>\n<td width=\"300\">\n<p style=\"text-align: center;\">MAX L\/MIN:<\/p>\n<\/td>\n<td style=\"text-align: center;\" width=\"300\">30<\/td>\n<\/tr>\n<\/tbody>\n<\/table>\n<\/div>\n<p><!-- .vgblk-rw-wrapper --><\/p>\n","protected":false},"excerpt":{"rendered":"<p>BOMBA AIRLESS AUTOM\u00c0TICA de tres pistones para aplicaciones perfectas en los azulejos de esmaltes, engobes, cristalinas y granillas tambi\u00e9n densas y abrasivas. Motor el\u00e9ctrico 1,5 kW o 3 kW. MAX BAR: 20 25 30 MAX L\/MIN: 30<\/p>\n","protected":false},"featured_media":2634,"template":"","meta":[],"product_brand":[],"product_cat":[105],"product_tag":[],"class_list":{"0":"post-2633","1":"product","2":"type-product","3":"status-publish","4":"has-post-thumbnail","6":"product_cat-accesorios-para-la-linea-de-esmaltado","8":"first","9":"instock","10":"shipping-taxable","11":"product-type-simple"},"_links":{"self":[{"href":"https:\/\/www.sertam.it\/es\/wp-json\/wp\/v2\/product\/2633","targetHints":{"allow":["GET"]}}],"collection":[{"href":"https:\/\/www.sertam.it\/es\/wp-json\/wp\/v2\/product"}],"about":[{"href":"https:\/\/www.sertam.it\/es\/wp-json\/wp\/v2\/types\/product"}],"wp:featuredmedia":[{"embeddable":true,"href":"https:\/\/www.sertam.it\/es\/wp-json\/wp\/v2\/media\/2634"}],"wp:attachment":[{"href":"https:\/\/www.sertam.it\/es\/wp-json\/wp\/v2\/media?parent=2633"}],"wp:term":[{"taxonomy":"product_brand","embeddable":true,"href":"https:\/\/www.sertam.it\/es\/wp-json\/wp\/v2\/product_brand?post=2633"},{"taxonomy":"product_cat","embeddable":true,"href":"https:\/\/www.sertam.it\/es\/wp-json\/wp\/v2\/product_cat?post=2633"},{"taxonomy":"product_tag","embeddable":true,"href":"https:\/\/www.sertam.it\/es\/wp-json\/wp\/v2\/product_tag?post=2633"}],"curies":[{"name":"wp","href":"https:\/\/api.w.org\/{rel}","templated":true}]}}