{"id":2699,"date":"2020-08-06T17:13:45","date_gmt":"2020-08-06T15:13:45","guid":{"rendered":"http:\/\/smartwebmo.cloud:74\/sertam2020\/prodotto\/pompa-smalti\/"},"modified":"2020-08-06T17:13:45","modified_gmt":"2020-08-06T15:13:45","slug":"pompa-smalti","status":"publish","type":"product","link":"https:\/\/www.sertam.it\/es\/prodotto\/pompa-smalti\/","title":{"rendered":"BOMBA DE ESMALTE"},"content":{"rendered":"<div class=\"vgblk-rw-wrapper limit-wrapper\">\n<p>Bomba neum\u00e1tica de pistones para alimentaci\u00f3n de esmalte.<br \/>\nCompleto de:<br \/>\n&#8211;\tV\u00e1lvula de solenoide;<br \/>\n&#8211;\tMan\u00f3metro;<br \/>\n&#8211;\tSoporte de montaje;<br \/>\n&#8211;\tManguera con filtro.<\/p>\n<\/div>\n<p><!-- .vgblk-rw-wrapper --><\/p>\n","protected":false},"excerpt":{"rendered":"<p>Bomba neum\u00e1tica de pistones para alimentaci\u00f3n de esmalte. Completo de: &#8211; V\u00e1lvula de solenoide; &#8211; Man\u00f3metro; &#8211; Soporte de montaje; &#8211; Manguera con filtro.<\/p>\n","protected":false},"featured_media":2700,"template":"","meta":[],"product_brand":[],"product_cat":[120,119],"product_tag":[],"class_list":{"0":"post-2699","1":"product","2":"type-product","3":"status-publish","4":"has-post-thumbnail","6":"product_cat-accesorios","7":"product_cat-decoradoras-plana","9":"first","10":"instock","11":"shipping-taxable","12":"product-type-simple"},"_links":{"self":[{"href":"https:\/\/www.sertam.it\/es\/wp-json\/wp\/v2\/product\/2699","targetHints":{"allow":["GET"]}}],"collection":[{"href":"https:\/\/www.sertam.it\/es\/wp-json\/wp\/v2\/product"}],"about":[{"href":"https:\/\/www.sertam.it\/es\/wp-json\/wp\/v2\/types\/product"}],"wp:featuredmedia":[{"embeddable":true,"href":"https:\/\/www.sertam.it\/es\/wp-json\/wp\/v2\/media\/2700"}],"wp:attachment":[{"href":"https:\/\/www.sertam.it\/es\/wp-json\/wp\/v2\/media?parent=2699"}],"wp:term":[{"taxonomy":"product_brand","embeddable":true,"href":"https:\/\/www.sertam.it\/es\/wp-json\/wp\/v2\/product_brand?post=2699"},{"taxonomy":"product_cat","embeddable":true,"href":"https:\/\/www.sertam.it\/es\/wp-json\/wp\/v2\/product_cat?post=2699"},{"taxonomy":"product_tag","embeddable":true,"href":"https:\/\/www.sertam.it\/es\/wp-json\/wp\/v2\/product_tag?post=2699"}],"curies":[{"name":"wp","href":"https:\/\/api.w.org\/{rel}","templated":true}]}}