{"id":2737,"date":"2020-08-04T19:00:50","date_gmt":"2020-08-04T17:00:50","guid":{"rendered":"http:\/\/smartwebmo.cloud:74\/sertam2020\/prodotto\/tf-12-copia\/"},"modified":"2020-08-04T19:00:50","modified_gmt":"2020-08-04T17:00:50","slug":"tf-12-copia","status":"publish","type":"product","link":"https:\/\/www.sertam.it\/es\/prodotto\/tf-12-copia\/","title":{"rendered":"TF-12"},"content":{"rendered":"<div class=\"vgblk-rw-wrapper limit-wrapper\">\n<p>M\u00e1quina para la decoraci\u00f3n de cer\u00e1mica en monococci\u00f3n, bicocci\u00f3n, porcel\u00e1nico y lastras de vidrio.<br \/>\nMovimientos de la esp\u00e1tula controlados por inversores OMRON.<br \/>\nM\u00e1quina equipada con tope mec\u00e1nico.<br \/>\nGesti\u00f3n electr\u00f3nica con PLC RENESAS 32 Bit.<\/p>\n<table>\n<tbody>\n<tr>\n<th style=\"text-align: center;\" width=\"400\">MODEL<\/th>\n<th style=\"text-align: center;\" width=\"400\">MIN. SIZE<\/th>\n<th style=\"text-align: center;\" width=\"400\">MAX. SIZE<\/th>\n<\/tr>\n<tr>\n<td style=\"text-align: center;\">10\/45<\/td>\n<td style=\"text-align: center;\">100&#215;100 mm<\/td>\n<td style=\"text-align: center;\">450&#215;450 mm<\/td>\n<\/tr>\n<tr>\n<td style=\"text-align: center;\">15\/60<\/td>\n<td style=\"text-align: center;\">150&#215;150 mm<\/td>\n<td style=\"text-align: center;\">600&#215;600 mm<\/td>\n<\/tr>\n<\/tbody>\n<\/table>\n<\/div>\n<p><!-- .vgblk-rw-wrapper --><\/p>\n","protected":false},"excerpt":{"rendered":"<p>M\u00e1quina para la decoraci\u00f3n de cer\u00e1mica en monococci\u00f3n, bicocci\u00f3n, porcel\u00e1nico y lastras de vidrio. Movimientos de la esp\u00e1tula controlados por inversores OMRON. M\u00e1quina equipada con tope mec\u00e1nico. Gesti\u00f3n electr\u00f3nica con PLC RENESAS 32 Bit. MODEL MIN. SIZE MAX. SIZE 10\/45 100&#215;100 mm 450&#215;450 mm 15\/60 150&#215;150 mm 600&#215;600 mm<\/p>\n","protected":false},"featured_media":2738,"template":"","meta":[],"product_brand":[],"product_cat":[119,126],"product_tag":[],"class_list":{"0":"post-2737","1":"product","2":"type-product","3":"status-publish","4":"has-post-thumbnail","6":"product_cat-decoradoras-plana","7":"product_cat-decoradoras-plana-tf","9":"first","10":"instock","11":"shipping-taxable","12":"product-type-simple"},"_links":{"self":[{"href":"https:\/\/www.sertam.it\/es\/wp-json\/wp\/v2\/product\/2737","targetHints":{"allow":["GET"]}}],"collection":[{"href":"https:\/\/www.sertam.it\/es\/wp-json\/wp\/v2\/product"}],"about":[{"href":"https:\/\/www.sertam.it\/es\/wp-json\/wp\/v2\/types\/product"}],"wp:featuredmedia":[{"embeddable":true,"href":"https:\/\/www.sertam.it\/es\/wp-json\/wp\/v2\/media\/2738"}],"wp:attachment":[{"href":"https:\/\/www.sertam.it\/es\/wp-json\/wp\/v2\/media?parent=2737"}],"wp:term":[{"taxonomy":"product_brand","embeddable":true,"href":"https:\/\/www.sertam.it\/es\/wp-json\/wp\/v2\/product_brand?post=2737"},{"taxonomy":"product_cat","embeddable":true,"href":"https:\/\/www.sertam.it\/es\/wp-json\/wp\/v2\/product_cat?post=2737"},{"taxonomy":"product_tag","embeddable":true,"href":"https:\/\/www.sertam.it\/es\/wp-json\/wp\/v2\/product_tag?post=2737"}],"curies":[{"name":"wp","href":"https:\/\/api.w.org\/{rel}","templated":true}]}}