{"id":2762,"date":"2020-08-04T15:44:57","date_gmt":"2020-08-04T13:44:57","guid":{"rendered":"http:\/\/smartwebmo.cloud:74\/sertam2020\/prodotto\/smussatrice-automatica-2\/"},"modified":"2020-08-04T15:44:57","modified_gmt":"2020-08-04T13:44:57","slug":"smussatrice-automatica-2","status":"publish","type":"product","link":"https:\/\/www.sertam.it\/es\/prodotto\/smussatrice-automatica-2\/","title":{"rendered":"M\u00c1QUINA ACHAFLANADORA AUTOM\u00c1TICA RG6"},"content":{"rendered":"<div class=\"vgblk-rw-wrapper limit-wrapper\">\n<p>M\u00c1QUINA ACHAFLANADORA AUTOM\u00c1TICA RG6<\/p>\n<p>&nbsp;<\/p>\n<p>Maquina autom\u00e1tica para la \u00a0ejecuci\u00f3n de bordes moldurados \u00a0y perfiles toroidales \u00a0para piezas especiales, por medio de la remoci\u00f3n de material con objetos abrasivos\u00a0<\/p>\n<p>Id\u00f3nea para trabajar sobre azulejos verdes en monococci\u00f3n \u00a0o gres porcel\u00e1nico, compuesto por:<\/p>\n<p>&nbsp;<\/p>\n<ul>\n<li>Estructura en acero con tubulares y placas rectificadas barnizadas RAL 7032.<\/li>\n<li>Grupo transporte con correas llanas con recubrimiento a alta adherencia, en goma roja 35 SH y dentadura que se auto alinea.<\/li>\n<li>Motoreductor de tracci\u00f3n 0,75 kw, controlado por INVERTER.<\/li>\n<li>Grupo prensor de moderaci\u00f3n: compuesto por una banda m\u00f3rbida con recubrimiento vulcanizado en goma roja; motorizaci\u00f3n controlada por Inverter.<\/li>\n<li>Banda de tope con recubrimiento en goma roja 35 SH, accionado por moto reductor controlado por \u00a0Inverter.<\/li>\n<li>Gu\u00eda de tope con mando el\u00e9ctrico-neum\u00e1tico para entrada \u00a0azulejos sobre el transporte.<\/li>\n<li>Grupos de trabajo compuestos por \u00a0moto mandriles de 2,2 kw, controlados por Inverter, completos de \u00a0carter en acero para la protecci\u00f3n de las herramientas y provistos de ajuste vertical y horizontal de tipo manual, mediante trineo con escala milim\u00e9trica.<\/li>\n<li>Posibilidad de utilizaci\u00f3n de muelas \u00a0de diamante o en carburo di silicio.<\/li>\n<li>Colector central de aspiraci\u00f3n polvos de 6 carter muelas, con 2 salidas, que se conectan al filtre general.<\/li>\n<li>Grupo cepillo horizontal con motor de 0,4 kw, en crin de caballo, carter y dispositivos de regulaci\u00f3n.<\/li>\n<\/ul>\n<\/div>\n<p><!-- .vgblk-rw-wrapper --><\/p>\n","protected":false},"excerpt":{"rendered":"<p>M\u00c1QUINA ACHAFLANADORA AUTOM\u00c1TICA RG6 &nbsp; Maquina autom\u00e1tica para la \u00a0ejecuci\u00f3n de bordes moldurados \u00a0y perfiles toroidales \u00a0para piezas especiales, por medio de la remoci\u00f3n de material con objetos abrasivos\u00a0 Id\u00f3nea para trabajar sobre azulejos verdes en monococci\u00f3n \u00a0o gres porcel\u00e1nico, compuesto por: &nbsp; Estructura en acero con tubulares y placas rectificadas barnizadas RAL 7032. Grupo&#8230;<\/p>\n","protected":false},"featured_media":2763,"template":"","meta":[],"product_brand":[],"product_cat":[105],"product_tag":[],"class_list":{"0":"post-2762","1":"product","2":"type-product","3":"status-publish","4":"has-post-thumbnail","6":"product_cat-accesorios-para-la-linea-de-esmaltado","8":"first","9":"instock","10":"shipping-taxable","11":"product-type-simple"},"_links":{"self":[{"href":"https:\/\/www.sertam.it\/es\/wp-json\/wp\/v2\/product\/2762","targetHints":{"allow":["GET"]}}],"collection":[{"href":"https:\/\/www.sertam.it\/es\/wp-json\/wp\/v2\/product"}],"about":[{"href":"https:\/\/www.sertam.it\/es\/wp-json\/wp\/v2\/types\/product"}],"wp:featuredmedia":[{"embeddable":true,"href":"https:\/\/www.sertam.it\/es\/wp-json\/wp\/v2\/media\/2763"}],"wp:attachment":[{"href":"https:\/\/www.sertam.it\/es\/wp-json\/wp\/v2\/media?parent=2762"}],"wp:term":[{"taxonomy":"product_brand","embeddable":true,"href":"https:\/\/www.sertam.it\/es\/wp-json\/wp\/v2\/product_brand?post=2762"},{"taxonomy":"product_cat","embeddable":true,"href":"https:\/\/www.sertam.it\/es\/wp-json\/wp\/v2\/product_cat?post=2762"},{"taxonomy":"product_tag","embeddable":true,"href":"https:\/\/www.sertam.it\/es\/wp-json\/wp\/v2\/product_tag?post=2762"}],"curies":[{"name":"wp","href":"https:\/\/api.w.org\/{rel}","templated":true}]}}