{"id":2783,"date":"2020-07-02T17:44:45","date_gmt":"2020-07-02T15:44:45","guid":{"rendered":"http:\/\/smartwebmo.cloud:74\/sertam2020\/prodotto\/tanque-agitador-8-d-800mm\/"},"modified":"2021-01-14T18:16:27","modified_gmt":"2021-01-14T17:16:27","slug":"tanque-agitador-8-d-800mm","status":"publish","type":"product","link":"https:\/\/www.sertam.it\/es\/prodotto\/tanque-agitador-8-d-800mm\/","title":{"rendered":"TANQUE AGITADOR 8 D.800mm"},"content":{"rendered":"<div class=\"vgblk-rw-wrapper limit-wrapper\">\n<p>Indicado para agitar l\u00edquidos de media y alta densidad y viscosidad donde el producto se mueve mediante una lenta rotaci\u00f3n de las palas.<br \/>Tiene predisposici\u00f3n para una bomba vertical.<\/p>\n<p><strong>Aplicaciones:<\/strong><\/p>\n<ul>\n<li>Acoplado a la bomba vertical en l\u00edneas de esmaltado es especialmente adecuado para la alimentaci\u00f3n de campanas o vela.<\/li>\n<\/ul>\n<p><strong>Vantajas:<\/strong><\/p>\n<ul>\n<li>La lenta agitaci\u00f3n de las palas evita la formaci\u00f3n de burbujas de aire<\/li>\n<li>Si la bomba no est\u00e1 en uso, se puede extraer y el glaseado se mantiene listo con las paletas del agitador (por ejemplo, por la noche).<\/li>\n<li>M\u00e1xima sencillez.<\/li>\n<li>La construcci\u00f3n del carro facilita el movimiento.<\/li>\n<li>Precio reducido.<\/li>\n<\/ul>\n<\/div>\n<p><!-- .vgblk-rw-wrapper --><\/p>\n","protected":false},"excerpt":{"rendered":"<p>Indicado para agitar l\u00edquidos de media y alta densidad y viscosidad donde el producto se mueve mediante una lenta rotaci\u00f3n de las palas.Tiene predisposici\u00f3n para una bomba vertical. Aplicaciones: Acoplado a la bomba vertical en l\u00edneas de esmaltado es especialmente adecuado para la alimentaci\u00f3n de campanas o vela. Vantajas: La lenta agitaci\u00f3n de las palas&#8230;<\/p>\n","protected":false},"featured_media":2784,"template":"","meta":[],"product_brand":[],"product_cat":[105],"product_tag":[],"class_list":{"0":"post-2783","1":"product","2":"type-product","3":"status-publish","4":"has-post-thumbnail","6":"product_cat-accesorios-para-la-linea-de-esmaltado","8":"first","9":"instock","10":"shipping-taxable","11":"product-type-simple"},"_links":{"self":[{"href":"https:\/\/www.sertam.it\/es\/wp-json\/wp\/v2\/product\/2783","targetHints":{"allow":["GET"]}}],"collection":[{"href":"https:\/\/www.sertam.it\/es\/wp-json\/wp\/v2\/product"}],"about":[{"href":"https:\/\/www.sertam.it\/es\/wp-json\/wp\/v2\/types\/product"}],"wp:featuredmedia":[{"embeddable":true,"href":"https:\/\/www.sertam.it\/es\/wp-json\/wp\/v2\/media\/2784"}],"wp:attachment":[{"href":"https:\/\/www.sertam.it\/es\/wp-json\/wp\/v2\/media?parent=2783"}],"wp:term":[{"taxonomy":"product_brand","embeddable":true,"href":"https:\/\/www.sertam.it\/es\/wp-json\/wp\/v2\/product_brand?post=2783"},{"taxonomy":"product_cat","embeddable":true,"href":"https:\/\/www.sertam.it\/es\/wp-json\/wp\/v2\/product_cat?post=2783"},{"taxonomy":"product_tag","embeddable":true,"href":"https:\/\/www.sertam.it\/es\/wp-json\/wp\/v2\/product_tag?post=2783"}],"curies":[{"name":"wp","href":"https:\/\/api.w.org\/{rel}","templated":true}]}}