{"id":2812,"date":"2020-06-22T15:49:18","date_gmt":"2020-06-22T13:49:18","guid":{"rendered":"http:\/\/smartwebmo.cloud:74\/sertam2020\/prodotto\/vibrosetaccio-bordo-mastello-d-450mm\/"},"modified":"2020-06-22T15:49:18","modified_gmt":"2020-06-22T13:49:18","slug":"vibrosetaccio-bordo-mastello-d-450mm","status":"publish","type":"product","link":"https:\/\/www.sertam.it\/es\/prodotto\/vibrosetaccio-bordo-mastello-d-450mm\/","title":{"rendered":"TAMIZ VIBRANTE D.450mm PARA TANQUE"},"content":{"rendered":"<div class=\"vgblk-rw-wrapper limit-wrapper\">\n<p class=\"p1\">Tamiz vibrante D.450mm para esmaltes y engobes con una red de proyecci\u00f3n compuesto de <\/p>\n<p class=\"p1\">Tapa superior de cono con desag\u00fce y cierre de pomo;<\/p>\n<p class=\"p1\">Anillo tensor con anillos tensores relativos;<\/p>\n<p class=\"p1\">Base porta motor de 4 muelles con brida de fijaci\u00f3n motor-vibrador;<\/p>\n<p class=\"p1\">Motovibrador 0,19 kW, 3000 rpm, 230\/400v, 50 Hz, IP65;<\/p>\n<p class=\"p1\">Escuadra de fijaci\u00f3n al borde de la ba\u00f1era en acero inoxidable AISI 304 con patas regulables para adaptaci\u00f3n.<\/p>\n<\/div>\n<p><!-- .vgblk-rw-wrapper --><\/p>\n","protected":false},"excerpt":{"rendered":"<p>Tamiz vibrante D.450mm para esmaltes y engobes con una red de proyecci\u00f3n compuesto de Tapa superior de cono con desag\u00fce y cierre de pomo; Anillo tensor con anillos tensores relativos; Base porta motor de 4 muelles con brida de fijaci\u00f3n motor-vibrador; Motovibrador 0,19 kW, 3000 rpm, 230\/400v, 50 Hz, IP65; Escuadra de fijaci\u00f3n al borde&#8230;<\/p>\n","protected":false},"featured_media":2813,"template":"","meta":[],"product_brand":[],"product_cat":[105],"product_tag":[],"class_list":{"0":"post-2812","1":"product","2":"type-product","3":"status-publish","4":"has-post-thumbnail","6":"product_cat-accesorios-para-la-linea-de-esmaltado","8":"first","9":"instock","10":"shipping-taxable","11":"product-type-simple"},"_links":{"self":[{"href":"https:\/\/www.sertam.it\/es\/wp-json\/wp\/v2\/product\/2812","targetHints":{"allow":["GET"]}}],"collection":[{"href":"https:\/\/www.sertam.it\/es\/wp-json\/wp\/v2\/product"}],"about":[{"href":"https:\/\/www.sertam.it\/es\/wp-json\/wp\/v2\/types\/product"}],"wp:featuredmedia":[{"embeddable":true,"href":"https:\/\/www.sertam.it\/es\/wp-json\/wp\/v2\/media\/2813"}],"wp:attachment":[{"href":"https:\/\/www.sertam.it\/es\/wp-json\/wp\/v2\/media?parent=2812"}],"wp:term":[{"taxonomy":"product_brand","embeddable":true,"href":"https:\/\/www.sertam.it\/es\/wp-json\/wp\/v2\/product_brand?post=2812"},{"taxonomy":"product_cat","embeddable":true,"href":"https:\/\/www.sertam.it\/es\/wp-json\/wp\/v2\/product_cat?post=2812"},{"taxonomy":"product_tag","embeddable":true,"href":"https:\/\/www.sertam.it\/es\/wp-json\/wp\/v2\/product_tag?post=2812"}],"curies":[{"name":"wp","href":"https:\/\/api.w.org\/{rel}","templated":true}]}}