{"id":2821,"date":"2020-06-22T15:49:11","date_gmt":"2020-06-22T13:49:11","guid":{"rendered":"http:\/\/smartwebmo.cloud:74\/sertam2020\/prodotto\/tamiz-vibrante-pata-tanque\/"},"modified":"2020-06-22T15:49:11","modified_gmt":"2020-06-22T13:49:11","slug":"tamiz-vibrante-pata-tanque","status":"publish","type":"product","link":"https:\/\/www.sertam.it\/es\/prodotto\/tamiz-vibrante-pata-tanque\/","title":{"rendered":"TAMIZ VIBRANTE PATA TANQUE"},"content":{"rendered":"<div class=\"vgblk-rw-wrapper limit-wrapper\">\n<p>Tamiz vibrante para esmaltes y engobes compuesto de<\/p>\n<p>Vibrador el\u00e9ctrico con masas exc\u00e9ntricas regulables 0,09 kW, 3000 rpm , 230\/400V, 50 Hz, IP65;<\/p>\n<p>Fuerza centr\u00edfuga m\u00e1x.35 kg;<\/p>\n<p>Abrazadera de acero inoxidable AISI 304 con dos pomos para fijaci\u00f3n al tanque;<\/p>\n<p>N. 3 soportes antivibraciones en NBR;<\/p>\n<p>Escuadra de soporte en acero inoxidable AISI 304 con gancho de cierre r\u00e1pido para colador;<\/p>\n<p>Aro porta red de acero inoxidable AISI 304 con cierre de pomo (para tensado mec\u00e1nico de la red);<\/p>\n<p>N. 4 pomos de nailon;<\/p>\n<p>Juntas de caucho natural.<\/p>\n<p>&nbsp;<\/p>\n<table style=\"height: 100px;\" width=\"803\">\n<tbody>\n<tr>\n<th style=\"text-align: center;\" width=\"400\">DIAMETER \u00d8<\/th>\n<\/tr>\n<tr>\n<td style=\"text-align: center;\">143 mm<\/td>\n<\/tr>\n<tr>\n<td style=\"text-align: center;\">190 mm<\/td>\n<\/tr>\n<tr>\n<td style=\"text-align: center;\">240 mm<\/td>\n<\/tr>\n<tr>\n<td style=\"text-align: center;\">315 mm<\/td>\n<\/tr>\n<\/tbody>\n<\/table>\n<p>&nbsp;<\/p>\n<\/div>\n<p><!-- .vgblk-rw-wrapper --><\/p>\n","protected":false},"excerpt":{"rendered":"<p>Tamiz vibrante para esmaltes y engobes compuesto de Vibrador el\u00e9ctrico con masas exc\u00e9ntricas regulables 0,09 kW, 3000 rpm , 230\/400V, 50 Hz, IP65; Fuerza centr\u00edfuga m\u00e1x.35 kg; Abrazadera de acero inoxidable AISI 304 con dos pomos para fijaci\u00f3n al tanque; N. 3 soportes antivibraciones en NBR; Escuadra de soporte en acero inoxidable AISI 304 con&#8230;<\/p>\n","protected":false},"featured_media":2822,"template":"","meta":[],"product_brand":[],"product_cat":[105],"product_tag":[],"class_list":{"0":"post-2821","1":"product","2":"type-product","3":"status-publish","4":"has-post-thumbnail","6":"product_cat-accesorios-para-la-linea-de-esmaltado","8":"first","9":"instock","10":"shipping-taxable","11":"product-type-simple"},"_links":{"self":[{"href":"https:\/\/www.sertam.it\/es\/wp-json\/wp\/v2\/product\/2821","targetHints":{"allow":["GET"]}}],"collection":[{"href":"https:\/\/www.sertam.it\/es\/wp-json\/wp\/v2\/product"}],"about":[{"href":"https:\/\/www.sertam.it\/es\/wp-json\/wp\/v2\/types\/product"}],"wp:featuredmedia":[{"embeddable":true,"href":"https:\/\/www.sertam.it\/es\/wp-json\/wp\/v2\/media\/2822"}],"wp:attachment":[{"href":"https:\/\/www.sertam.it\/es\/wp-json\/wp\/v2\/media?parent=2821"}],"wp:term":[{"taxonomy":"product_brand","embeddable":true,"href":"https:\/\/www.sertam.it\/es\/wp-json\/wp\/v2\/product_brand?post=2821"},{"taxonomy":"product_cat","embeddable":true,"href":"https:\/\/www.sertam.it\/es\/wp-json\/wp\/v2\/product_cat?post=2821"},{"taxonomy":"product_tag","embeddable":true,"href":"https:\/\/www.sertam.it\/es\/wp-json\/wp\/v2\/product_tag?post=2821"}],"curies":[{"name":"wp","href":"https:\/\/api.w.org\/{rel}","templated":true}]}}