{"id":2865,"date":"2020-06-17T12:40:54","date_gmt":"2020-06-17T10:40:54","guid":{"rendered":"http:\/\/smartwebmo.cloud:74\/sertam2020\/prodotto\/gruppo-raschiante-automatico-con-dischi-in-feltro\/"},"modified":"2020-06-17T12:40:54","modified_gmt":"2020-06-17T10:40:54","slug":"gruppo-raschiante-automatico-con-dischi-in-feltro","status":"publish","type":"product","link":"https:\/\/www.sertam.it\/es\/prodotto\/gruppo-raschiante-automatico-con-dischi-in-feltro\/","title":{"rendered":"GRUPO DE RASPADO AUTOM\u00c1TICO CON DISCOS DE FIELTRO"},"content":{"rendered":"<div class=\"vgblk-rw-wrapper limit-wrapper\">\n<figure class=\"wp-block-embed wp-block-embed-youtube is-type-video is-provider-youtube epyt-figure\"><div class=\"wp-block-embed__wrapper\"><iframe loading=\"lazy\"  id=\"_ytid_29848\"  width=\"630\" height=\"300\"  data-origwidth=\"630\" data-origheight=\"300\" src=\"https:\/\/www.youtube.com\/embed\/A5orT-TBw54?enablejsapi=1&autoplay=0&cc_load_policy=0&cc_lang_pref=&iv_load_policy=3&loop=1&playlist=A5orT-TBw54&rel=1&fs=1&playsinline=0&autohide=2&theme=dark&color=red&controls=1&\" class=\"__youtube_prefs__  no-lazyload\" title=\"YouTube player\"  allow=\"fullscreen; accelerometer; autoplay; clipboard-write; encrypted-media; gyroscope; picture-in-picture\" allowfullscreen data-no-lazy=\"1\" data-skipgform_ajax_framebjll=\"\"><\/iframe><\/div><\/figure>\n<p>&nbsp;<\/p>\n<p class=\"p1\">M\u00e1quina para remover esmaltes o rebabas de los lados de azulejo en monococci\u00f3n y bicocci\u00f3n con sistema AUTOM\u00c1TICO de regulaci\u00f3n y regulaci\u00f3n del consumo de discos de fieltro equipados con:<\/p>\n<p class=\"p1\">\u2022 Cuadro el\u00e9ctrico con PLC y HMI;<br \/>\u2022 N. 2 fotoc\u00e9lulas HD para control de discos de fieltro;<br \/>\u2022N. 2 inversor trif\u00e1sico de 400 V;<br \/>\u2022 N. 2 motorreductores de 0,25 Kw para mover el grupo motor y el disco;<br \/>\u2022 Lectura de fotoc\u00e9lula de azulejo y control de obstrucci\u00f3n de entrada;<br \/>\u2022 Contador de piezas para estad\u00edsticas de consumo de disco;<br \/>\u2022 Rel\u00e9 de bloque de l\u00ednea;<br \/>\u2022 N. 4 finales de carrera;<br \/>\u2022 Boton de emergencia;<br \/>\u2022 Gesti\u00f3n de par\u00e1metros y alarmas desde el controlador;<br \/>\u2022 Discos de fieltro de dureza media;<br \/>\u2022 Unidades de motorizaci\u00f3n de disco de fieltro de 0,37 Kw;<br \/>\u2022 Base de apoyo con barras deslizantes axiales cromadas y tornillos de posicionamiento antibloqueo con carcasa de acero inoxidable AISI 304;<\/p>\n<p class=\"p1\">\u2022 Posibilidad de ajustar la altura y el \u00e1ngulo de los discos mediante pomos.<\/p>\n<p class=\"p1\">Las unidades de motor y disco se pueden ajustar en apertura y cierre independientemente entre s\u00ed, el ajuste se puede realizar en ambos lados de la m\u00e1quina, pudiendo as\u00ed adaptarlo al tama\u00f1o de la teja y al nivel de consumo de los discos. La m\u00e1quina est\u00e1 equipada con n. 2 motores de 0,37 Kw, tensi\u00f3n y frecuencia bajo pedido.<\/p>\n<p class=\"p1\">Optional:<\/p>\n<ul class=\"ul1\">\n<li class=\"li1\">N.2 inversores para ajustar la velocidad de los discos de fieltro;<\/li>\n<li class=\"li1\">Control autom\u00e1tico de la rotaci\u00f3n del disco con se\u00f1al de alarma y \/ o bloqueo de l\u00ednea en caso de detener la rotaci\u00f3n incluso de un solo disco;<\/li>\n<li class=\"li1\">Ajuste digital del tama\u00f1o de azulejo.<\/li>\n<\/ul>\n<p class=\"p1\">Ventajas:<\/p>\n<ul class=\"ul1\">\n<li class=\"li1\">Mantenimiento constante en el tiempo del correcto posicionamiento de los discos;<\/li>\n<li class=\"li1\">Menor consumo de discos;<\/li>\n<li class=\"li1\">Reducci\u00f3n del n\u00famero de intervenciones por parte del operador.<\/li>\n<\/ul>\n<p>&nbsp;<\/p>\n<table style=\"height: 403px;\" width=\"803\">\n<tbody>\n<tr>\n<th style=\"text-align: center;\" width=\"400\">MODEL<\/th>\n<th style=\"text-align: center;\" width=\"400\">MIN. SIZE<\/th>\n<th style=\"text-align: center;\" width=\"400\">MAX. ENTRY SIZE<\/th>\n<\/tr>\n<tr>\n<td style=\"text-align: center;\">450<\/td>\n<td style=\"text-align: center;\">100 mm<\/td>\n<td style=\"text-align: center;\">450 mm<\/td>\n<\/tr>\n<tr>\n<td style=\"text-align: center;\">660<\/td>\n<td style=\"text-align: center;\">100 mm<\/td>\n<td style=\"text-align: center;\">660 mm<\/td>\n<\/tr>\n<tr>\n<td style=\"text-align: center;\">900<\/td>\n<td style=\"text-align: center;\">100 mm<\/td>\n<td style=\"text-align: center;\">900 mm<\/td>\n<\/tr>\n<tr>\n<td style=\"text-align: center;\">1100<\/td>\n<td style=\"text-align: center;\">100 mm<\/td>\n<td style=\"text-align: center;\">1100 mm<\/td>\n<\/tr>\n<tr>\n<td style=\"text-align: center;\">1300<\/td>\n<td style=\"text-align: center;\">100 mm<\/td>\n<td style=\"text-align: center;\">1300 mm<\/td>\n<\/tr>\n<tr>\n<td style=\"text-align: center;\">1500<\/td>\n<td style=\"text-align: center;\">100 mm<\/td>\n<td style=\"text-align: center;\">1500 mm<\/td>\n<\/tr>\n<tr>\n<td style=\"text-align: center;\">1850<\/td>\n<td style=\"text-align: center;\">100 mm<\/td>\n<td style=\"text-align: center;\">1850 mm<\/td>\n<\/tr>\n<\/tbody>\n<\/table>\n<p>&nbsp;<\/p>\n<\/div>\n<p><!-- .vgblk-rw-wrapper --><\/p>\n","protected":false},"excerpt":{"rendered":"<p>&nbsp; M\u00e1quina para remover esmaltes o rebabas de los lados de azulejo en monococci\u00f3n y bicocci\u00f3n con sistema AUTOM\u00c1TICO de regulaci\u00f3n y regulaci\u00f3n del consumo de discos de fieltro equipados con: \u2022 Cuadro el\u00e9ctrico con PLC y HMI;\u2022 N. 2 fotoc\u00e9lulas HD para control de discos de fieltro;\u2022N. 2 inversor trif\u00e1sico de 400 V;\u2022 N&#8230;.<\/p>\n","protected":false},"featured_media":2870,"template":"","meta":[],"product_brand":[],"product_cat":[105],"product_tag":[],"class_list":{"0":"post-2865","1":"product","2":"type-product","3":"status-publish","4":"has-post-thumbnail","6":"product_cat-accesorios-para-la-linea-de-esmaltado","8":"first","9":"instock","10":"shipping-taxable","11":"product-type-simple"},"_links":{"self":[{"href":"https:\/\/www.sertam.it\/es\/wp-json\/wp\/v2\/product\/2865","targetHints":{"allow":["GET"]}}],"collection":[{"href":"https:\/\/www.sertam.it\/es\/wp-json\/wp\/v2\/product"}],"about":[{"href":"https:\/\/www.sertam.it\/es\/wp-json\/wp\/v2\/types\/product"}],"wp:featuredmedia":[{"embeddable":true,"href":"https:\/\/www.sertam.it\/es\/wp-json\/wp\/v2\/media\/2870"}],"wp:attachment":[{"href":"https:\/\/www.sertam.it\/es\/wp-json\/wp\/v2\/media?parent=2865"}],"wp:term":[{"taxonomy":"product_brand","embeddable":true,"href":"https:\/\/www.sertam.it\/es\/wp-json\/wp\/v2\/product_brand?post=2865"},{"taxonomy":"product_cat","embeddable":true,"href":"https:\/\/www.sertam.it\/es\/wp-json\/wp\/v2\/product_cat?post=2865"},{"taxonomy":"product_tag","embeddable":true,"href":"https:\/\/www.sertam.it\/es\/wp-json\/wp\/v2\/product_tag?post=2865"}],"curies":[{"name":"wp","href":"https:\/\/api.w.org\/{rel}","templated":true}]}}