{"id":2893,"date":"2020-05-29T12:44:05","date_gmt":"2020-05-29T10:44:05","guid":{"rendered":"http:\/\/smartwebmo.cloud:74\/sertam2020\/prodotto\/cabina-airless-grandi-formati\/"},"modified":"2020-05-29T12:44:05","modified_gmt":"2020-05-29T10:44:05","slug":"cabina-airless-grandi-formati","status":"publish","type":"product","link":"https:\/\/www.sertam.it\/es\/prodotto\/cabina-airless-grandi-formati\/","title":{"rendered":"CABINA DE NEBULIZACION"},"content":{"rendered":"<div class=\"vgblk-rw-wrapper limit-wrapper\">\n<p>CARACTER\u00cdSTICAS T\u00c9CNICAS:<\/p>\n<ul>\n<li>Marco de acero inoxidable AISI 304.<\/li>\n<li>Redes contra rebote.<\/li>\n<li>Soporte N\u00ba 4 para el kit de nebulizaci\u00f3n (est\u00e1ndar).<\/li>\n<li>Max No.6 soporta el kit de nebulizaci\u00f3n.<\/li>\n<li>\u00c1ngulo del rociador regolable.<\/li>\n<li>Puerta doble en ambos lados.<\/li>\n<li>Tanque de recuperaci\u00f3n.<\/li>\n<li>No. 4 orificios de succi\u00f3n.<\/li>\n<li>Abrazaderas para la conexi\u00f3n a la l\u00ednea.<\/li>\n<li>Soportes para correas en acero inoxidable.<\/li>\n<\/ul>\n<p>&nbsp;<\/p>\n<p>CABINA PERSONALIZADA:<\/p>\n<p>La Cabina de nebulizacion se puede personalizar.<\/p>\n<p>&nbsp;<\/p>\n<table style=\"height: 500px;\" width=\"500\">\n<tbody>\n<tr>\n<th style=\"text-align: center;\" width=\"300\">MAX GREEN SIZE<\/th>\n<th style=\"text-align: center;\" width=\"300\">CABIN OPENING<\/th>\n<\/tr>\n<tr>\n<td width=\"110\">\n<p style=\"text-align: center;\">700 mm<\/p>\n<\/td>\n<td width=\"284\">\n<p style=\"text-align: center;\">900 mm<\/p>\n<\/td>\n<\/tr>\n<tr>\n<td width=\"110\">\n<p style=\"text-align: center;\">800 mm<\/p>\n<\/td>\n<td width=\"284\">\n<p style=\"text-align: center;\">1000 mm<\/p>\n<\/td>\n<\/tr>\n<tr>\n<td width=\"110\">\n<p style=\"text-align: center;\">1000 mm<\/p>\n<\/td>\n<td width=\"284\">\n<p style=\"text-align: center;\">1200 mm<\/p>\n<\/td>\n<\/tr>\n<tr>\n<td style=\"text-align: center;\" width=\"110\">1350 mm<\/td>\n<td width=\"284\">\n<p style=\"text-align: center;\">1500 mm<\/p>\n<\/td>\n<\/tr>\n<tr>\n<td style=\"text-align: center;\" width=\"110\">1450 mm<\/td>\n<td width=\"284\">\n<p style=\"text-align: center;\">1600 mm<\/p>\n<\/td>\n<\/tr>\n<tr>\n<td style=\"text-align: center;\" width=\"110\">1800 mm<\/td>\n<td width=\"284\">\n<p style=\"text-align: center;\">2000 mm<\/p>\n<\/td>\n<\/tr>\n<tr>\n<td style=\"text-align: center;\" width=\"110\">2000 mm<\/td>\n<td style=\"text-align: center;\" width=\"284\">2200 mm<\/td>\n<\/tr>\n<\/tbody>\n<\/table>\n<\/div>\n<p><!-- .vgblk-rw-wrapper --><\/p>\n","protected":false},"excerpt":{"rendered":"<p>CARACTER\u00cdSTICAS T\u00c9CNICAS: Marco de acero inoxidable AISI 304. Redes contra rebote. Soporte N\u00ba 4 para el kit de nebulizaci\u00f3n (est\u00e1ndar). Max No.6 soporta el kit de nebulizaci\u00f3n. \u00c1ngulo del rociador regolable. Puerta doble en ambos lados. Tanque de recuperaci\u00f3n. No. 4 orificios de succi\u00f3n. Abrazaderas para la conexi\u00f3n a la l\u00ednea. Soportes para correas en&#8230;<\/p>\n","protected":false},"featured_media":2894,"template":"","meta":[],"product_brand":[],"product_cat":[105],"product_tag":[],"class_list":{"0":"post-2893","1":"product","2":"type-product","3":"status-publish","4":"has-post-thumbnail","6":"product_cat-accesorios-para-la-linea-de-esmaltado","8":"first","9":"instock","10":"shipping-taxable","11":"product-type-simple"},"_links":{"self":[{"href":"https:\/\/www.sertam.it\/es\/wp-json\/wp\/v2\/product\/2893","targetHints":{"allow":["GET"]}}],"collection":[{"href":"https:\/\/www.sertam.it\/es\/wp-json\/wp\/v2\/product"}],"about":[{"href":"https:\/\/www.sertam.it\/es\/wp-json\/wp\/v2\/types\/product"}],"wp:featuredmedia":[{"embeddable":true,"href":"https:\/\/www.sertam.it\/es\/wp-json\/wp\/v2\/media\/2894"}],"wp:attachment":[{"href":"https:\/\/www.sertam.it\/es\/wp-json\/wp\/v2\/media?parent=2893"}],"wp:term":[{"taxonomy":"product_brand","embeddable":true,"href":"https:\/\/www.sertam.it\/es\/wp-json\/wp\/v2\/product_brand?post=2893"},{"taxonomy":"product_cat","embeddable":true,"href":"https:\/\/www.sertam.it\/es\/wp-json\/wp\/v2\/product_cat?post=2893"},{"taxonomy":"product_tag","embeddable":true,"href":"https:\/\/www.sertam.it\/es\/wp-json\/wp\/v2\/product_tag?post=2893"}],"curies":[{"name":"wp","href":"https:\/\/api.w.org\/{rel}","templated":true}]}}