{"id":2899,"date":"2020-05-29T12:40:30","date_gmt":"2020-05-29T10:40:30","guid":{"rendered":"http:\/\/smartwebmo.cloud:74\/sertam2020\/prodotto\/cabina-airless-2\/"},"modified":"2020-05-29T12:40:30","modified_gmt":"2020-05-29T10:40:30","slug":"cabina-airless-2","status":"publish","type":"product","link":"https:\/\/www.sertam.it\/es\/prodotto\/cabina-airless-2\/","title":{"rendered":"CABINE DE NEBULIZACION PARAB\u00d3LICA"},"content":{"rendered":"<div class=\"vgblk-rw-wrapper limit-wrapper\">\n<p>Cabina airless con cierre superior parab\u00f3lico, con ranuras para pistolas de pulverizaci\u00f3n con posicionamiento ajustable.<br \/>\nCARACTER\u00cdSTICAS T\u00c9CNICAS:<\/p>\n<ul>\n<li>Marco de acero inoxidable AISI 304.<\/li>\n<li>Redes contra rebote.<\/li>\n<li>Soporte N\u00ba 4 para el kit de nebulizaci\u00f3n .<\/li>\n<li>Max No.6 soporta el kit de nebulizaci\u00f3n.<\/li>\n<li>\u00c1ngulo del rociador regolable.<\/li>\n<li>Puerta doble en ambos lados.<\/li>\n<li>Tanque de recuperaci\u00f3n.<\/li>\n<li>No. 4 orificios de succi\u00f3n.<\/li>\n<li>Abrazaderas para la conexi\u00f3n a la l\u00ednea.<\/li>\n<li>Soportes para correas en acero inoxidable.<\/li>\n<\/ul>\n<p>&nbsp;<\/p>\n<p>CABINA PERSONALIZADA:<\/p>\n<p>La Cabina de nebulizacion se puede personalizar.<\/p>\n<p>DIMENSIONES M\u00c1S USADAS:<\/p>\n<ul>\n<li>Tama\u00f1o m\u00e1ximo 450 mm<\/li>\n<li>Tama\u00f1o m\u00e1ximo 660 mm<\/li>\n<li>Tama\u00f1o m\u00e1ximo 900 mm<\/li>\n<li>Tama\u00f1o m\u00e1ximo 1.000 mm<\/li>\n<li>Tama\u00f1o m\u00e1ximo 1.200 mm<\/li>\n<\/ul>\n<\/div>\n<p><!-- .vgblk-rw-wrapper --><\/p>\n","protected":false},"excerpt":{"rendered":"<p>Cabina airless con cierre superior parab\u00f3lico, con ranuras para pistolas de pulverizaci\u00f3n con posicionamiento ajustable. CARACTER\u00cdSTICAS T\u00c9CNICAS: Marco de acero inoxidable AISI 304. Redes contra rebote. Soporte N\u00ba 4 para el kit de nebulizaci\u00f3n . Max No.6 soporta el kit de nebulizaci\u00f3n. \u00c1ngulo del rociador regolable. Puerta doble en ambos lados. Tanque de recuperaci\u00f3n. No&#8230;.<\/p>\n","protected":false},"featured_media":2900,"template":"","meta":[],"product_brand":[],"product_cat":[105],"product_tag":[],"class_list":{"0":"post-2899","1":"product","2":"type-product","3":"status-publish","4":"has-post-thumbnail","6":"product_cat-accesorios-para-la-linea-de-esmaltado","8":"first","9":"instock","10":"shipping-taxable","11":"product-type-simple"},"_links":{"self":[{"href":"https:\/\/www.sertam.it\/es\/wp-json\/wp\/v2\/product\/2899","targetHints":{"allow":["GET"]}}],"collection":[{"href":"https:\/\/www.sertam.it\/es\/wp-json\/wp\/v2\/product"}],"about":[{"href":"https:\/\/www.sertam.it\/es\/wp-json\/wp\/v2\/types\/product"}],"wp:featuredmedia":[{"embeddable":true,"href":"https:\/\/www.sertam.it\/es\/wp-json\/wp\/v2\/media\/2900"}],"wp:attachment":[{"href":"https:\/\/www.sertam.it\/es\/wp-json\/wp\/v2\/media?parent=2899"}],"wp:term":[{"taxonomy":"product_brand","embeddable":true,"href":"https:\/\/www.sertam.it\/es\/wp-json\/wp\/v2\/product_brand?post=2899"},{"taxonomy":"product_cat","embeddable":true,"href":"https:\/\/www.sertam.it\/es\/wp-json\/wp\/v2\/product_cat?post=2899"},{"taxonomy":"product_tag","embeddable":true,"href":"https:\/\/www.sertam.it\/es\/wp-json\/wp\/v2\/product_tag?post=2899"}],"curies":[{"name":"wp","href":"https:\/\/api.w.org\/{rel}","templated":true}]}}