{"id":2948,"date":"2020-05-27T12:21:01","date_gmt":"2020-05-27T10:21:01","guid":{"rendered":"http:\/\/smartwebmo.cloud:74\/sertam2020\/prodotto\/difusor-transversal-para-green-blow\/"},"modified":"2020-05-27T12:21:01","modified_gmt":"2020-05-27T10:21:01","slug":"difusor-transversal-para-green-blow","status":"publish","type":"product","link":"https:\/\/www.sertam.it\/es\/prodotto\/difusor-transversal-para-green-blow\/","title":{"rendered":"DIFUSOR TRANSVERSAL PARA GREEN BLOW"},"content":{"rendered":"<div class=\"vgblk-rw-wrapper limit-wrapper\">\n<p class=\"p1\"><span class=\"s1\">El Difusor Transversal fue creado para limpiar \/ enfriar \/ secar baldosas de gran formato.<\/span><br \/>\n<span class=\"s1\">Conectado con el Green Blow con le permite obtener una \u00abcuchilla\u00bb de aire de hasta 1930 mm de largo.<\/span><br \/>\n<span class=\"s1\">El f\u00e1cil montaje y el amplio rango de rotaci\u00f3n del difusor permiten un uso vers\u00e1til.<\/span><\/p>\n<p>&nbsp;<\/p>\n<table style=\"height: 403px;\" width=\"803\">\n<tbody>\n<tr>\n<th style=\"text-align: center;\" width=\"400\">MODEL<\/th>\n<th style=\"text-align: center;\" width=\"400\">AIRBLADE<\/th>\n<\/tr>\n<tr>\n<td style=\"text-align: center;\">800<\/td>\n<td style=\"text-align: center;\">730 mm<\/td>\n<\/tr>\n<tr>\n<td style=\"text-align: center;\">1000<\/td>\n<td style=\"text-align: center;\">930 mm<\/td>\n<\/tr>\n<tr>\n<td style=\"text-align: center;\">1200<\/td>\n<td style=\"text-align: center;\">1130 mm<\/td>\n<\/tr>\n<tr>\n<td style=\"text-align: center;\">1400<\/td>\n<td style=\"text-align: center;\">1330 mm<\/td>\n<\/tr>\n<tr>\n<td style=\"text-align: center;\">1600<\/td>\n<td style=\"text-align: center;\">1530 mm<\/td>\n<\/tr>\n<tr>\n<td style=\"text-align: center;\">1800<\/td>\n<td style=\"text-align: center;\">1730 mm<\/td>\n<\/tr>\n<tr>\n<td style=\"text-align: center;\">2000<\/td>\n<td style=\"text-align: center;\">1930 mm<\/td>\n<\/tr>\n<\/tbody>\n<\/table>\n<\/div>\n<p><!-- .vgblk-rw-wrapper --><\/p>\n","protected":false},"excerpt":{"rendered":"<p>El Difusor Transversal fue creado para limpiar \/ enfriar \/ secar baldosas de gran formato. Conectado con el Green Blow con le permite obtener una \u00abcuchilla\u00bb de aire de hasta 1930 mm de largo. El f\u00e1cil montaje y el amplio rango de rotaci\u00f3n del difusor permiten un uso vers\u00e1til. &nbsp; MODEL AIRBLADE 800 730 mm&#8230;<\/p>\n","protected":false},"featured_media":2659,"template":"","meta":[],"product_brand":[],"product_cat":[105],"product_tag":[],"class_list":{"0":"post-2948","1":"product","2":"type-product","3":"status-publish","4":"has-post-thumbnail","6":"product_cat-accesorios-para-la-linea-de-esmaltado","8":"first","9":"instock","10":"shipping-taxable","11":"product-type-simple"},"_links":{"self":[{"href":"https:\/\/www.sertam.it\/es\/wp-json\/wp\/v2\/product\/2948","targetHints":{"allow":["GET"]}}],"collection":[{"href":"https:\/\/www.sertam.it\/es\/wp-json\/wp\/v2\/product"}],"about":[{"href":"https:\/\/www.sertam.it\/es\/wp-json\/wp\/v2\/types\/product"}],"wp:featuredmedia":[{"embeddable":true,"href":"https:\/\/www.sertam.it\/es\/wp-json\/wp\/v2\/media\/2659"}],"wp:attachment":[{"href":"https:\/\/www.sertam.it\/es\/wp-json\/wp\/v2\/media?parent=2948"}],"wp:term":[{"taxonomy":"product_brand","embeddable":true,"href":"https:\/\/www.sertam.it\/es\/wp-json\/wp\/v2\/product_brand?post=2948"},{"taxonomy":"product_cat","embeddable":true,"href":"https:\/\/www.sertam.it\/es\/wp-json\/wp\/v2\/product_cat?post=2948"},{"taxonomy":"product_tag","embeddable":true,"href":"https:\/\/www.sertam.it\/es\/wp-json\/wp\/v2\/product_tag?post=2948"}],"curies":[{"name":"wp","href":"https:\/\/api.w.org\/{rel}","templated":true}]}}