{"id":3061,"date":"2020-05-26T17:55:47","date_gmt":"2020-05-26T15:55:47","guid":{"rendered":"http:\/\/smartwebmo.cloud:74\/sertam2020\/prodotto\/tamiz-vibrante-de-ruedas-con-desferrizador-bomba-y-tanque\/"},"modified":"2020-05-26T17:55:47","modified_gmt":"2020-05-26T15:55:47","slug":"tamiz-vibrante-de-ruedas-con-desferrizador-bomba-y-tanque","status":"publish","type":"product","link":"https:\/\/www.sertam.it\/es\/prodotto\/tamiz-vibrante-de-ruedas-con-desferrizador-bomba-y-tanque\/","title":{"rendered":"TAMIZ VIBRANTE DE RUEDAS CON DESFERRIZADOR, BOMBA Y TANQUE"},"content":{"rendered":"<div class=\"vgblk-rw-wrapper limit-wrapper\">\n<p>Unidad de ruedas para la descarga de molinos y cisternas compuesta por:<\/p>\n<p>Tamiz vibrante<\/p>\n<p>Tanque rectangular en acero inoxidable AISI 304<\/p>\n<p>Bomba de doble diafragma Sand Piper<\/p>\n<p>Grupo de filtros &#8211; reductor lubricador con man\u00f3metro relativo.<\/p>\n<p>Interruptor de arranque de parada de criba vibratoria con magnetotermia relativa.<\/p>\n<p>Estructura carro con asa construida en tubo de acero inoxidable AISI 304 con:<\/p>\n<p>Ruedas fijas D. Soporte de nailon poliuretano galvanizado de 150mm.<\/p>\n<p>Ruedas giratorias con freno D. Soporte de nailon poliuretano galvanizado de 150 mm.<\/p>\n<p>Material de construcci\u00f3n en contacto con el producto: Acero inoxidable AISI 304 L.<\/p>\n<p>Acabado superficial: decapado, pasivado y granallado con esferas de cer\u00e1mica RA 1.5-2.5<\/p>\n<p>&nbsp;<\/p>\n<p>Optional:<\/p>\n<p>&nbsp;<\/p>\n<p>Sistema de extracci\u00f3n de hierro fuente con pozo de extracci\u00f3n de hierro doble que contiene 5 + 5 barras magn\u00e9ticas d.32 en ferrita (2500 gauss).<\/p>\n<p>&nbsp;<\/p>\n<p>Sistema de extracci\u00f3n de hierro fuente con pozo de extracci\u00f3n de hierro doble que contiene 5 + 5 barras magn\u00e9ticas d.25 en neodimio (13.500 gauss).<\/p>\n<p>&nbsp;<\/p>\n<table style=\"height: 100px;\" width=\"803\">\n<tbody>\n<tr>\n<th style=\"text-align: center;\" width=\"400\">\u00a0DIAMETER \u00d8<\/th>\n<\/tr>\n<tr>\n<td style=\"text-align: center;\">800 mm<\/td>\n<\/tr>\n<tr>\n<td style=\"text-align: center;\">900 mm<\/td>\n<\/tr>\n<tr>\n<td style=\"text-align: center;\">1200 mm<\/td>\n<\/tr>\n<tr>\n<td style=\"text-align: center;\">1500 mm<\/td>\n<\/tr>\n<tr>\n<td style=\"text-align: center;\">1800 mm<\/td>\n<\/tr>\n<\/tbody>\n<\/table>\n<\/div>\n<p><!-- .vgblk-rw-wrapper --><\/p>\n","protected":false},"excerpt":{"rendered":"<p>Unidad de ruedas para la descarga de molinos y cisternas compuesta por: Tamiz vibrante Tanque rectangular en acero inoxidable AISI 304 Bomba de doble diafragma Sand Piper Grupo de filtros &#8211; reductor lubricador con man\u00f3metro relativo. Interruptor de arranque de parada de criba vibratoria con magnetotermia relativa. Estructura carro con asa construida en tubo de&#8230;<\/p>\n","protected":false},"featured_media":3062,"template":"","meta":[],"product_brand":[],"product_cat":[105],"product_tag":[],"class_list":{"0":"post-3061","1":"product","2":"type-product","3":"status-publish","4":"has-post-thumbnail","6":"product_cat-accesorios-para-la-linea-de-esmaltado","8":"first","9":"instock","10":"shipping-taxable","11":"product-type-simple"},"_links":{"self":[{"href":"https:\/\/www.sertam.it\/es\/wp-json\/wp\/v2\/product\/3061","targetHints":{"allow":["GET"]}}],"collection":[{"href":"https:\/\/www.sertam.it\/es\/wp-json\/wp\/v2\/product"}],"about":[{"href":"https:\/\/www.sertam.it\/es\/wp-json\/wp\/v2\/types\/product"}],"wp:featuredmedia":[{"embeddable":true,"href":"https:\/\/www.sertam.it\/es\/wp-json\/wp\/v2\/media\/3062"}],"wp:attachment":[{"href":"https:\/\/www.sertam.it\/es\/wp-json\/wp\/v2\/media?parent=3061"}],"wp:term":[{"taxonomy":"product_brand","embeddable":true,"href":"https:\/\/www.sertam.it\/es\/wp-json\/wp\/v2\/product_brand?post=3061"},{"taxonomy":"product_cat","embeddable":true,"href":"https:\/\/www.sertam.it\/es\/wp-json\/wp\/v2\/product_cat?post=3061"},{"taxonomy":"product_tag","embeddable":true,"href":"https:\/\/www.sertam.it\/es\/wp-json\/wp\/v2\/product_tag?post=3061"}],"curies":[{"name":"wp","href":"https:\/\/api.w.org\/{rel}","templated":true}]}}