{"id":3067,"date":"2020-05-26T17:53:17","date_gmt":"2020-05-26T15:53:17","guid":{"rendered":"http:\/\/smartwebmo.cloud:74\/sertam2020\/prodotto\/tamiz-vibrante-pour-barbotine\/"},"modified":"2020-05-26T17:53:17","modified_gmt":"2020-05-26T15:53:17","slug":"tamiz-vibrante-pour-barbotine","status":"publish","type":"product","link":"https:\/\/www.sertam.it\/es\/prodotto\/tamiz-vibrante-pour-barbotine\/","title":{"rendered":"TAMIZ VIBRANTE POUR BARBOTINE"},"content":{"rendered":"<div class=\"vgblk-rw-wrapper limit-wrapper\">\n<p>Tamiz vibratorio para barbotine compuesto por:<\/p>\n<p>Banda superior de protecci\u00f3n contra salpicaduras H. 350 mm en acero inoxidable AISI 304 con desag\u00fce de canal abierto.<\/p>\n<p>Anillo de sujeci\u00f3n de dos piezas para media barra de acoplamiento.<\/p>\n<p>Anillo de soporte de red de doble ranura con anillos tensores relativos.<\/p>\n<p>Sello \u00abV\u00bb en nbr.<\/p>\n<p>Junta plana beige certificada FDA.<\/p>\n<p>Fondo monol\u00edtico porta-motor con brida porta-vibrador de alto espesor y buena boca de descarga D.160mm.<\/p>\n<p>N. 8 muelles en acero galvanizado arm\u00f3nico.<\/p>\n<p>N. 16 almohadillas porta resortes en sbr.<\/p>\n<p>Vibrador el\u00e9ctrico de 1,25 kW, 230\/400 V, 50 Hz, 1500 rpm, modelo monol\u00edtico, fuerza centr\u00edfuga 1500 kg. con posibilidad de regular las masas exc\u00e9ntricas.<\/p>\n<p>Base en acero inoxidable con puerta en abs termoformado negro para acceso al vibrador.<\/p>\n<p>Caja de conexiones el\u00e9ctricas con soporte de fijaci\u00f3n relativo.<\/p>\n<p>Interruptor de parada con im\u00e1n t\u00e9rmico y carcasa de polietileno y respectiva escuadra de fijaci\u00f3n a la m\u00e1quina en chapa de acero inoxidable;<\/p>\n<p>Material de construcci\u00f3n en contacto con el producto: Acero inoxidable AISI 304 L.<\/p>\n<p>Acabado superficial: decapado, pasivado y micro granallado con bolas de cer\u00e1mica RA.1.6.<\/p>\n<p>N. deck 1\/2\/3.<\/p>\n<p>&nbsp;<\/p>\n<p>Optional<\/p>\n<p>Tapa en acero inoxidable AISI 304 compuesta por:<\/p>\n<p>Difusor extra\u00edble en acero inoxidable AISI 304;<\/p>\n<p>Boca de alimentaci\u00f3n D. 200 mm;<\/p>\n<p>Puertos de inspecci\u00f3n D. 200 mm con tapa de cierre relativo;<\/p>\n<p>Boca de succi\u00f3n D. 90mm;<\/p>\n<p>Sello \u00abV\u00bb en nbr;<\/p>\n<p>Semianillo de bloqueo de dos piezas con tirantes.<\/p>\n<p>&nbsp;<\/p>\n<table style=\"height: 100px;\" width=\"803\">\n<tbody>\n<tr>\n<th style=\"text-align: center;\" width=\"400\">DIAMETER \u00d8<\/th>\n<\/tr>\n<tr>\n<td style=\"text-align: center;\">800 mm<\/td>\n<\/tr>\n<tr>\n<td style=\"text-align: center;\">900 mm<\/td>\n<\/tr>\n<tr>\n<td style=\"text-align: center;\">1200 mm<\/td>\n<\/tr>\n<tr>\n<td style=\"text-align: center;\">1500 mm<\/td>\n<\/tr>\n<tr>\n<td style=\"text-align: center;\">1800 mm<\/td>\n<\/tr>\n<\/tbody>\n<\/table>\n<\/div>\n<p><!-- .vgblk-rw-wrapper --><\/p>\n","protected":false},"excerpt":{"rendered":"<p>Tamiz vibratorio para barbotine compuesto por: Banda superior de protecci\u00f3n contra salpicaduras H. 350 mm en acero inoxidable AISI 304 con desag\u00fce de canal abierto. Anillo de sujeci\u00f3n de dos piezas para media barra de acoplamiento. Anillo de soporte de red de doble ranura con anillos tensores relativos. Sello \u00abV\u00bb en nbr. Junta plana beige&#8230;<\/p>\n","protected":false},"featured_media":3068,"template":"","meta":[],"product_brand":[],"product_cat":[105],"product_tag":[],"class_list":{"0":"post-3067","1":"product","2":"type-product","3":"status-publish","4":"has-post-thumbnail","6":"product_cat-accesorios-para-la-linea-de-esmaltado","8":"first","9":"instock","10":"shipping-taxable","11":"product-type-simple"},"_links":{"self":[{"href":"https:\/\/www.sertam.it\/es\/wp-json\/wp\/v2\/product\/3067","targetHints":{"allow":["GET"]}}],"collection":[{"href":"https:\/\/www.sertam.it\/es\/wp-json\/wp\/v2\/product"}],"about":[{"href":"https:\/\/www.sertam.it\/es\/wp-json\/wp\/v2\/types\/product"}],"wp:featuredmedia":[{"embeddable":true,"href":"https:\/\/www.sertam.it\/es\/wp-json\/wp\/v2\/media\/3068"}],"wp:attachment":[{"href":"https:\/\/www.sertam.it\/es\/wp-json\/wp\/v2\/media?parent=3067"}],"wp:term":[{"taxonomy":"product_brand","embeddable":true,"href":"https:\/\/www.sertam.it\/es\/wp-json\/wp\/v2\/product_brand?post=3067"},{"taxonomy":"product_cat","embeddable":true,"href":"https:\/\/www.sertam.it\/es\/wp-json\/wp\/v2\/product_cat?post=3067"},{"taxonomy":"product_tag","embeddable":true,"href":"https:\/\/www.sertam.it\/es\/wp-json\/wp\/v2\/product_tag?post=3067"}],"curies":[{"name":"wp","href":"https:\/\/api.w.org\/{rel}","templated":true}]}}