{"id":3096,"date":"2020-05-25T16:15:15","date_gmt":"2020-05-25T14:15:15","guid":{"rendered":"http:\/\/smartwebmo.cloud:74\/sertam2020\/prodotto\/mass-meter-preparacion-del-esmalte-fuera-de-la-linea-de-decoracion\/"},"modified":"2020-05-25T16:15:15","modified_gmt":"2020-05-25T14:15:15","slug":"mass-meter-preparacion-del-esmalte-fuera-de-la-linea-de-decoracion","status":"publish","type":"product","link":"https:\/\/www.sertam.it\/es\/prodotto\/mass-meter-preparacion-del-esmalte-fuera-de-la-linea-de-decoracion\/","title":{"rendered":"MASS METER: PREPARACI\u00d3N DEL ESMALTE FUERA DE LA L\u00cdNEA DE DECORACI\u00d3N"},"content":{"rendered":"<div class=\"vgblk-rw-wrapper limit-wrapper\">\n<p class=\"p1\">Dispositivo para la preparaci\u00f3n autom\u00e1tica del esmalte.<\/p>\n<p class=\"p1\">El operador tiene que llenar parcialmente el tanque de almacenamiento con esmalte de base y conectarlo con el MMPS. Despu\u00e9s de introducir la densidad deseada en el controlador, el dispositivo efectuar\u00e1 la lectura y el ajuste de la densidad con agua. Terminado este proceso, el tanque de almacenamiento podr\u00e1 ser empleado en la l\u00ednea de esmaltado y el dispositivo MMPS conectado a otro tanque de almacenamiento. De esta manera, se acelerar\u00e1 el proceso de preparaci\u00f3n<br \/>\neliminando los errores debidos a controles manuales y reduciendo los desgastes.\n<\/p>\n<p class=\"p1\">El dispositivo funciona a trav\u00e9s de una bomba airless con tres pistones.<\/p>\n<\/div>\n<p><!-- .vgblk-rw-wrapper --><\/p>\n","protected":false},"excerpt":{"rendered":"<p>Dispositivo para la preparaci\u00f3n autom\u00e1tica del esmalte. El operador tiene que llenar parcialmente el tanque de almacenamiento con esmalte de base y conectarlo con el MMPS. Despu\u00e9s de introducir la densidad deseada en el controlador, el dispositivo efectuar\u00e1 la lectura y el ajuste de la densidad con agua. Terminado este proceso, el tanque de almacenamiento&#8230;<\/p>\n","protected":false},"featured_media":3098,"template":"","meta":[],"product_brand":[],"product_cat":[105],"product_tag":[],"class_list":{"0":"post-3096","1":"product","2":"type-product","3":"status-publish","4":"has-post-thumbnail","6":"product_cat-accesorios-para-la-linea-de-esmaltado","8":"first","9":"instock","10":"shipping-taxable","11":"product-type-simple"},"_links":{"self":[{"href":"https:\/\/www.sertam.it\/es\/wp-json\/wp\/v2\/product\/3096","targetHints":{"allow":["GET"]}}],"collection":[{"href":"https:\/\/www.sertam.it\/es\/wp-json\/wp\/v2\/product"}],"about":[{"href":"https:\/\/www.sertam.it\/es\/wp-json\/wp\/v2\/types\/product"}],"wp:featuredmedia":[{"embeddable":true,"href":"https:\/\/www.sertam.it\/es\/wp-json\/wp\/v2\/media\/3098"}],"wp:attachment":[{"href":"https:\/\/www.sertam.it\/es\/wp-json\/wp\/v2\/media?parent=3096"}],"wp:term":[{"taxonomy":"product_brand","embeddable":true,"href":"https:\/\/www.sertam.it\/es\/wp-json\/wp\/v2\/product_brand?post=3096"},{"taxonomy":"product_cat","embeddable":true,"href":"https:\/\/www.sertam.it\/es\/wp-json\/wp\/v2\/product_cat?post=3096"},{"taxonomy":"product_tag","embeddable":true,"href":"https:\/\/www.sertam.it\/es\/wp-json\/wp\/v2\/product_tag?post=3096"}],"curies":[{"name":"wp","href":"https:\/\/api.w.org\/{rel}","templated":true}]}}