{"id":3127,"date":"2020-05-25T16:11:07","date_gmt":"2020-05-25T14:11:07","guid":{"rendered":"http:\/\/smartwebmo.cloud:74\/sertam2020\/prodotto\/mass-meter-automatico-controllo-densita\/"},"modified":"2020-05-25T16:11:07","modified_gmt":"2020-05-25T14:11:07","slug":"mass-meter-automatico-controllo-densita","status":"publish","type":"product","link":"https:\/\/www.sertam.it\/es\/prodotto\/mass-meter-automatico-controllo-densita\/","title":{"rendered":"MASS METER DENSITY CONTROL AUTOMATICO"},"content":{"rendered":"<div class=\"vgblk-rw-wrapper limit-wrapper\">\n<figure class=\"wp-block-embed wp-block-embed-youtube is-type-video is-provider-youtube epyt-figure\"><div class=\"wp-block-embed__wrapper\"><iframe loading=\"lazy\"  id=\"_ytid_51626\"  width=\"630\" height=\"300\"  data-origwidth=\"630\" data-origheight=\"300\" src=\"https:\/\/www.youtube.com\/embed\/P3Y26k3ZwyA?enablejsapi=1&autoplay=0&cc_load_policy=0&cc_lang_pref=&iv_load_policy=3&loop=1&playlist=P3Y26k3ZwyA&rel=1&fs=1&playsinline=0&autohide=2&theme=dark&color=red&controls=1&\" class=\"__youtube_prefs__  no-lazyload\" title=\"YouTube player\"  allow=\"fullscreen; accelerometer; autoplay; clipboard-write; encrypted-media; gyroscope; picture-in-picture\" allowfullscreen data-no-lazy=\"1\" data-skipgform_ajax_framebjll=\"\"><\/iframe><\/div><\/figure>\n<p>&nbsp;<\/p>\n<p class=\"p1\">Dispositivo para la preparaci\u00f3n autom\u00e1tica de la densidad del esmalte.<\/p>\n<p class=\"p1\">El Mass Meter Autom\u00e1tico tiene que ser conectado por un lado con el agua de la red y por el otro con un tanque de almacenamiento del esmalte de alta densidad o esmalte base. Una vez configurada la densidad deseada en el controlador, la regulaci\u00f3n se producir\u00e1 de forma autom\u00e1tica mediante la adici\u00f3n de agua y esmalte base, a trav\u00e9s de n\u00fam. 2 electrov\u00e1lvulas. Gracias al Mass Meter Autom\u00e1tico, todo el procedimiento de control y correcci\u00f3n de la densidad ser\u00e1 autom\u00e1tico.<\/p>\n<\/div>\n<p><!-- .vgblk-rw-wrapper --><\/p>\n","protected":false},"excerpt":{"rendered":"<p>&nbsp; Dispositivo para la preparaci\u00f3n autom\u00e1tica de la densidad del esmalte. El Mass Meter Autom\u00e1tico tiene que ser conectado por un lado con el agua de la red y por el otro con un tanque de almacenamiento del esmalte de alta densidad o esmalte base. Una vez configurada la densidad deseada en el controlador, la&#8230;<\/p>\n","protected":false},"featured_media":3129,"template":"","meta":[],"product_brand":[],"product_cat":[105],"product_tag":[],"class_list":{"0":"post-3127","1":"product","2":"type-product","3":"status-publish","4":"has-post-thumbnail","6":"product_cat-accesorios-para-la-linea-de-esmaltado","8":"first","9":"instock","10":"shipping-taxable","11":"product-type-simple"},"_links":{"self":[{"href":"https:\/\/www.sertam.it\/es\/wp-json\/wp\/v2\/product\/3127","targetHints":{"allow":["GET"]}}],"collection":[{"href":"https:\/\/www.sertam.it\/es\/wp-json\/wp\/v2\/product"}],"about":[{"href":"https:\/\/www.sertam.it\/es\/wp-json\/wp\/v2\/types\/product"}],"wp:featuredmedia":[{"embeddable":true,"href":"https:\/\/www.sertam.it\/es\/wp-json\/wp\/v2\/media\/3129"}],"wp:attachment":[{"href":"https:\/\/www.sertam.it\/es\/wp-json\/wp\/v2\/media?parent=3127"}],"wp:term":[{"taxonomy":"product_brand","embeddable":true,"href":"https:\/\/www.sertam.it\/es\/wp-json\/wp\/v2\/product_brand?post=3127"},{"taxonomy":"product_cat","embeddable":true,"href":"https:\/\/www.sertam.it\/es\/wp-json\/wp\/v2\/product_cat?post=3127"},{"taxonomy":"product_tag","embeddable":true,"href":"https:\/\/www.sertam.it\/es\/wp-json\/wp\/v2\/product_tag?post=3127"}],"curies":[{"name":"wp","href":"https:\/\/api.w.org\/{rel}","templated":true}]}}