{"id":3344,"date":"2020-04-03T10:57:47","date_gmt":"2020-04-03T08:57:47","guid":{"rendered":"http:\/\/smartwebmo.cloud:74\/sertam2020\/prodotto\/centro-automatico-con-control-electro-neumatico\/"},"modified":"2020-04-03T10:57:47","modified_gmt":"2020-04-03T08:57:47","slug":"centro-automatico-con-control-electro-neumatico","status":"publish","type":"product","link":"https:\/\/www.sertam.it\/es\/prodotto\/centro-automatico-con-control-electro-neumatico\/","title":{"rendered":"CENTRO AUTOM\u00c1TICO CON CONTROL ELECTRO-NEUM\u00c1TICO"},"content":{"rendered":"<div class=\"vgblk-rw-wrapper limit-wrapper\">\n<figure class=\"wp-block-embed wp-block-embed-youtube is-type-video is-provider-youtube epyt-figure\"><div class=\"wp-block-embed__wrapper\"><iframe loading=\"lazy\"  id=\"_ytid_36466\"  width=\"630\" height=\"300\"  data-origwidth=\"630\" data-origheight=\"300\" src=\"https:\/\/www.youtube.com\/embed\/s7RCyMB8rnI?enablejsapi=1&autoplay=0&cc_load_policy=0&cc_lang_pref=&iv_load_policy=3&loop=1&playlist=s7RCyMB8rnI&rel=1&fs=1&playsinline=0&autohide=2&theme=dark&color=red&controls=1&\" class=\"__youtube_prefs__  no-lazyload\" title=\"YouTube player\"  allow=\"fullscreen; accelerometer; autoplay; clipboard-write; encrypted-media; gyroscope; picture-in-picture\" allowfullscreen data-no-lazy=\"1\" data-skipgform_ajax_framebjll=\"\"><\/iframe><\/div><\/figure>\n<p>Dispositivo de centrado autom\u00e1tico de baldosas.<br \/>\nSistema de pist\u00f3n utilizado antes de la decoraci\u00f3n para centrar la baldosa durante el tr\u00e1nsito.<br \/>\nRuedas c\u00f3nicas de silicona de diferentes durezas.<\/p>\n<p>&nbsp;<\/p>\n<table style=\"height: px;\" width=\"710\">\n<tbody>\n<tr>\n<td style=\"text-align: center;\">MODEL<\/td>\n<\/tr>\n<tr>\n<td style=\"text-align: center;\">450 mm<\/td>\n<\/tr>\n<tr>\n<td style=\"text-align: center;\">660 mm<\/td>\n<\/tr>\n<tr>\n<td style=\"text-align: center;\">900 mm<\/td>\n<\/tr>\n<tr>\n<td style=\"text-align: center;\">1100 mm<\/td>\n<\/tr>\n<tr>\n<td style=\"text-align: center;\">1300 mm<\/td>\n<\/tr>\n<\/tbody>\n<\/table>\n<\/div>\n<p><!-- .vgblk-rw-wrapper --><\/p>\n","protected":false},"excerpt":{"rendered":"<p>Dispositivo de centrado autom\u00e1tico de baldosas. Sistema de pist\u00f3n utilizado antes de la decoraci\u00f3n para centrar la baldosa durante el tr\u00e1nsito. Ruedas c\u00f3nicas de silicona de diferentes durezas. &nbsp; MODEL 450 mm 660 mm 900 mm 1100 mm 1300 mm<\/p>\n","protected":false},"featured_media":3345,"template":"","meta":[],"product_brand":[],"product_cat":[105],"product_tag":[],"class_list":{"0":"post-3344","1":"product","2":"type-product","3":"status-publish","4":"has-post-thumbnail","6":"product_cat-accesorios-para-la-linea-de-esmaltado","8":"first","9":"instock","10":"shipping-taxable","11":"product-type-simple"},"_links":{"self":[{"href":"https:\/\/www.sertam.it\/es\/wp-json\/wp\/v2\/product\/3344","targetHints":{"allow":["GET"]}}],"collection":[{"href":"https:\/\/www.sertam.it\/es\/wp-json\/wp\/v2\/product"}],"about":[{"href":"https:\/\/www.sertam.it\/es\/wp-json\/wp\/v2\/types\/product"}],"wp:featuredmedia":[{"embeddable":true,"href":"https:\/\/www.sertam.it\/es\/wp-json\/wp\/v2\/media\/3345"}],"wp:attachment":[{"href":"https:\/\/www.sertam.it\/es\/wp-json\/wp\/v2\/media?parent=3344"}],"wp:term":[{"taxonomy":"product_brand","embeddable":true,"href":"https:\/\/www.sertam.it\/es\/wp-json\/wp\/v2\/product_brand?post=3344"},{"taxonomy":"product_cat","embeddable":true,"href":"https:\/\/www.sertam.it\/es\/wp-json\/wp\/v2\/product_cat?post=3344"},{"taxonomy":"product_tag","embeddable":true,"href":"https:\/\/www.sertam.it\/es\/wp-json\/wp\/v2\/product_tag?post=3344"}],"curies":[{"name":"wp","href":"https:\/\/api.w.org\/{rel}","templated":true}]}}