{"id":3350,"date":"2020-04-03T10:01:48","date_gmt":"2020-04-03T08:01:48","guid":{"rendered":"http:\/\/smartwebmo.cloud:74\/sertam2020\/prodotto\/alineador-electronico-automatico\/"},"modified":"2020-04-03T10:01:48","modified_gmt":"2020-04-03T08:01:48","slug":"alineador-electronico-automatico","status":"publish","type":"product","link":"https:\/\/www.sertam.it\/es\/prodotto\/alineador-electronico-automatico\/","title":{"rendered":"ALINEADOR ELECTR\u00d3NICO AUTOM\u00c1TICO"},"content":{"rendered":"<div class=\"vgblk-rw-wrapper limit-wrapper\">\n<p>ALINEADOR ELECTR\u00d3NICO AUTOM\u00c1TICO es un dispositivo que le permite igualar los baldosas en tr\u00e1nsito.<br \/>\nCompleto con Nr. 2 motorreductores y Nr. 2 o 4 accionamientos independientes y ajustables con correas revestidas en Tenax con alto coeficiente de fricci\u00f3n.<br \/>\nCuadro el\u00e9ctrico con PLC y HMI, Nr. 2 inversores OMRON y Nr. 2 Fotoc\u00e9lulas para recorte.<br \/>\nMarco y soportes para instalaci\u00f3n en l\u00ednea de esmaltado incluidos.<\/p>\n<p>&nbsp;<\/p>\n<table style=\"height: 400px;\" width=\"710\">\n<tbody>\n<tr>\n<td style=\"text-align: center;\">MODEL<\/td>\n<\/tr>\n<tr>\n<td style=\"text-align: center;\">200<\/td>\n<\/tr>\n<tr>\n<td style=\"text-align: center;\">400<\/td>\n<\/tr>\n<tr>\n<td style=\"text-align: center;\">500<\/td>\n<\/tr>\n<tr>\n<td style=\"text-align: center;\">600<\/td>\n<\/tr>\n<\/tbody>\n<\/table>\n<\/div>\n<p><!-- .vgblk-rw-wrapper --><\/p>\n","protected":false},"excerpt":{"rendered":"<p>ALINEADOR ELECTR\u00d3NICO AUTOM\u00c1TICO es un dispositivo que le permite igualar los baldosas en tr\u00e1nsito. Completo con Nr. 2 motorreductores y Nr. 2 o 4 accionamientos independientes y ajustables con correas revestidas en Tenax con alto coeficiente de fricci\u00f3n. Cuadro el\u00e9ctrico con PLC y HMI, Nr. 2 inversores OMRON y Nr. 2 Fotoc\u00e9lulas para recorte. Marco&#8230;<\/p>\n","protected":false},"featured_media":3351,"template":"","meta":[],"product_brand":[],"product_cat":[105],"product_tag":[],"class_list":{"0":"post-3350","1":"product","2":"type-product","3":"status-publish","4":"has-post-thumbnail","6":"product_cat-accesorios-para-la-linea-de-esmaltado","8":"first","9":"instock","10":"shipping-taxable","11":"product-type-simple"},"_links":{"self":[{"href":"https:\/\/www.sertam.it\/es\/wp-json\/wp\/v2\/product\/3350","targetHints":{"allow":["GET"]}}],"collection":[{"href":"https:\/\/www.sertam.it\/es\/wp-json\/wp\/v2\/product"}],"about":[{"href":"https:\/\/www.sertam.it\/es\/wp-json\/wp\/v2\/types\/product"}],"wp:featuredmedia":[{"embeddable":true,"href":"https:\/\/www.sertam.it\/es\/wp-json\/wp\/v2\/media\/3351"}],"wp:attachment":[{"href":"https:\/\/www.sertam.it\/es\/wp-json\/wp\/v2\/media?parent=3350"}],"wp:term":[{"taxonomy":"product_brand","embeddable":true,"href":"https:\/\/www.sertam.it\/es\/wp-json\/wp\/v2\/product_brand?post=3350"},{"taxonomy":"product_cat","embeddable":true,"href":"https:\/\/www.sertam.it\/es\/wp-json\/wp\/v2\/product_cat?post=3350"},{"taxonomy":"product_tag","embeddable":true,"href":"https:\/\/www.sertam.it\/es\/wp-json\/wp\/v2\/product_tag?post=3350"}],"curies":[{"name":"wp","href":"https:\/\/api.w.org\/{rel}","templated":true}]}}