{"id":3356,"date":"2020-04-02T17:16:48","date_gmt":"2020-04-02T15:16:48","guid":{"rendered":"http:\/\/smartwebmo.cloud:74\/sertam2020\/prodotto\/enfriador-automatico-para-azulejos\/"},"modified":"2020-04-02T17:16:48","modified_gmt":"2020-04-02T15:16:48","slug":"enfriador-automatico-para-azulejos","status":"publish","type":"product","link":"https:\/\/www.sertam.it\/es\/prodotto\/enfriador-automatico-para-azulejos\/","title":{"rendered":"ENFRIADOR AUTOM\u00c1TICO PARA AZULEJOS"},"content":{"rendered":"<div class=\"vgblk-rw-wrapper limit-wrapper\">\n<p>Enfriador autom\u00e1tico de azulejos, para colocar en la l\u00ednea de vidriado para bajar la temperatura de las piezas antes de la decoraci\u00f3n digital con m\u00e1quinas de decoraci\u00f3n digital. Facilita una decoraci\u00f3n uniforme y sin defectos, alarga la vida de los cabezales de impresi\u00f3n y elimina los problemas derivados de la liberaci\u00f3n de vapores de las baldosas en tr\u00e1nsito.Es un dispositivo de compresor \u00fanico \u00abtodo en uno\u00bb y no requiere unidades externas de enfriamiento o condensaci\u00f3n. No requiere ciclos de limpieza durante el funcionamiento, ya que la m\u00e1quina no est\u00e1 equipada con filtros y utiliza dispositivos de limpieza autom\u00e1tica para los radiadores de refrigeraci\u00f3n. Se instala en minutos ya que utiliza el transporte existente evitando trabajos mec\u00e1nicos adicionales como la interrupci\u00f3n de la l\u00ednea o la instalaci\u00f3n de tuber\u00edas.<\/p>\n<p>&nbsp;<\/p>\n<table style=\"height: 64px;\" width=\"896\">\n<tbody>\n<tr>\n<td width=\"900\">\n<p style=\"text-align: center;\">MAX SIZE<\/p>\n<\/td>\n<td style=\"text-align: center;\" width=\"900\">KW<\/td>\n<td style=\"text-align: center;\" width=\"900\">MIN OUT TEMPERATURE<\/td>\n<\/tr>\n<tr>\n<td width=\"110\">\n<p style=\"text-align: center;\">1000 mm<\/p>\n<\/td>\n<td style=\"text-align: center;\" width=\"284\">13<\/td>\n<td style=\"text-align: center;\" width=\"298\">-5\u00b0<\/td>\n<\/tr>\n<\/tbody>\n<\/table>\n<\/div>\n<p><!-- .vgblk-rw-wrapper --><\/p>\n","protected":false},"excerpt":{"rendered":"<p>Enfriador autom\u00e1tico de azulejos, para colocar en la l\u00ednea de vidriado para bajar la temperatura de las piezas antes de la decoraci\u00f3n digital con m\u00e1quinas de decoraci\u00f3n digital. Facilita una decoraci\u00f3n uniforme y sin defectos, alarga la vida de los cabezales de impresi\u00f3n y elimina los problemas derivados de la liberaci\u00f3n de vapores de las&#8230;<\/p>\n","protected":false},"featured_media":3357,"template":"","meta":[],"product_brand":[],"product_cat":[105],"product_tag":[],"class_list":{"0":"post-3356","1":"product","2":"type-product","3":"status-publish","4":"has-post-thumbnail","6":"product_cat-accesorios-para-la-linea-de-esmaltado","8":"first","9":"instock","10":"shipping-taxable","11":"product-type-simple"},"_links":{"self":[{"href":"https:\/\/www.sertam.it\/es\/wp-json\/wp\/v2\/product\/3356","targetHints":{"allow":["GET"]}}],"collection":[{"href":"https:\/\/www.sertam.it\/es\/wp-json\/wp\/v2\/product"}],"about":[{"href":"https:\/\/www.sertam.it\/es\/wp-json\/wp\/v2\/types\/product"}],"wp:featuredmedia":[{"embeddable":true,"href":"https:\/\/www.sertam.it\/es\/wp-json\/wp\/v2\/media\/3357"}],"wp:attachment":[{"href":"https:\/\/www.sertam.it\/es\/wp-json\/wp\/v2\/media?parent=3356"}],"wp:term":[{"taxonomy":"product_brand","embeddable":true,"href":"https:\/\/www.sertam.it\/es\/wp-json\/wp\/v2\/product_brand?post=3356"},{"taxonomy":"product_cat","embeddable":true,"href":"https:\/\/www.sertam.it\/es\/wp-json\/wp\/v2\/product_cat?post=3356"},{"taxonomy":"product_tag","embeddable":true,"href":"https:\/\/www.sertam.it\/es\/wp-json\/wp\/v2\/product_tag?post=3356"}],"curies":[{"name":"wp","href":"https:\/\/api.w.org\/{rel}","templated":true}]}}