{"id":3376,"date":"2020-03-30T15:01:23","date_gmt":"2020-03-30T13:01:23","guid":{"rendered":"http:\/\/smartwebmo.cloud:74\/sertam2020\/prodotto\/fast-turner-girador-y-alineador-automatico\/"},"modified":"2020-03-30T15:01:23","modified_gmt":"2020-03-30T13:01:23","slug":"fast-turner-girador-y-alineador-automatico","status":"publish","type":"product","link":"https:\/\/www.sertam.it\/es\/prodotto\/fast-turner-girador-y-alineador-automatico\/","title":{"rendered":"FAST TURNER: GIRADOR Y ALINEADOR AUTOM\u00c1TICO"},"content":{"rendered":"<div class=\"vgblk-rw-wrapper limit-wrapper\">\n<p><figure class=\"wp-block-embed wp-block-embed-youtube is-type-video is-provider-youtube epyt-figure\"><div class=\"wp-block-embed__wrapper\"><iframe loading=\"lazy\"  id=\"_ytid_52193\"  width=\"630\" height=\"300\"  data-origwidth=\"630\" data-origheight=\"300\" src=\"https:\/\/www.youtube.com\/embed\/e5fJp3O6zF4?enablejsapi=1&autoplay=0&cc_load_policy=0&cc_lang_pref=&iv_load_policy=3&loop=1&playlist=e5fJp3O6zF4&rel=1&fs=1&playsinline=0&autohide=2&theme=dark&color=red&controls=1&\" class=\"__youtube_prefs__  no-lazyload\" title=\"YouTube player\"  allow=\"fullscreen; accelerometer; autoplay; clipboard-write; encrypted-media; gyroscope; picture-in-picture\" allowfullscreen data-no-lazy=\"1\" data-skipgform_ajax_framebjll=\"\"><\/iframe><\/div><\/figure><br \/>\n<figure class=\"wp-block-embed wp-block-embed-youtube is-type-video is-provider-youtube epyt-figure\"><div class=\"wp-block-embed__wrapper\"><iframe loading=\"lazy\"  id=\"_ytid_47454\"  width=\"630\" height=\"300\"  data-origwidth=\"630\" data-origheight=\"300\" src=\"https:\/\/www.youtube.com\/embed\/eYo5nXiQ4QY?enablejsapi=1&autoplay=0&cc_load_policy=0&cc_lang_pref=&iv_load_policy=3&loop=1&playlist=eYo5nXiQ4QY&rel=1&fs=1&playsinline=0&autohide=2&theme=dark&color=red&controls=1&\" class=\"__youtube_prefs__  no-lazyload\" title=\"YouTube player\"  allow=\"fullscreen; accelerometer; autoplay; clipboard-write; encrypted-media; gyroscope; picture-in-picture\" allowfullscreen data-no-lazy=\"1\" data-skipgform_ajax_framebjll=\"\"><\/iframe><\/div><\/figure><\/p>\n<p>&nbsp;<\/p>\n<p>FAST TURNER es un girador y alineador autom\u00e1tico.<br \/>\nCompleto de n\u00fam. 2 motorreductores y n\u00fam. 2 o 4 tracciones independientes y ajustables con correas con alto coeficiente de fricci\u00f3n revestidas en Tenax. <br \/>\nPanel el\u00e9ctrico con PLC y HMI, n\u00fam. 2 variadores de frecuencia OMRON y n\u00fam. 3 c\u00e9lulas fotoel\u00e9ctricas para la inversi\u00f3n y la alineaci\u00f3n. <br \/>\nCon un sistema innovador de inversi\u00f3n de marcha, hace posible una r\u00e1pida rotaci\u00f3n y alineaci\u00f3n para obtener azulejos perfectamente alineados a la salida del dispositivo. <br \/>\nEl bastidor y los soportes para la instalaci\u00f3n sobre la l\u00ednea de esmaltado est\u00e1n incluidos.<\/p>\n<p>&nbsp;<\/p>\n<table style=\"height: 166px;\" width=\"896\">\n<tbody>\n<tr>\n<td width=\"900\">\n<p style=\"text-align: center;\">MODEL<\/p>\n<\/td>\n<td style=\"text-align: center;\" width=\"900\">MIN. SIZE<\/td>\n<td style=\"text-align: center;\" width=\"900\">MAX. SIZE<\/td>\n<\/tr>\n<tr>\n<td width=\"110\">\n<p style=\"text-align: center;\">L=750<\/p>\n<\/td>\n<td style=\"text-align: center;\" width=\"284\">100&#215;100<\/td>\n<td style=\"text-align: center;\" width=\"298\">700&#215;700<\/td>\n<\/tr>\n<tr>\n<td width=\"110\">\n<p style=\"text-align: center;\">L=910<\/p>\n<\/td>\n<td width=\"284\">\n<p style=\"text-align: center;\">200&#215;200<\/p>\n<\/td>\n<td width=\"298\">\n<p style=\"text-align: center;\">1200&#215;1200<\/p>\n<\/td>\n<\/tr>\n<\/tbody>\n<\/table>\n<\/div>\n<p><!-- .vgblk-rw-wrapper --><\/p>\n","protected":false},"excerpt":{"rendered":"<p>&nbsp; FAST TURNER es un girador y alineador autom\u00e1tico. Completo de n\u00fam. 2 motorreductores y n\u00fam. 2 o 4 tracciones independientes y ajustables con correas con alto coeficiente de fricci\u00f3n revestidas en Tenax. Panel el\u00e9ctrico con PLC y HMI, n\u00fam. 2 variadores de frecuencia OMRON y n\u00fam. 3 c\u00e9lulas fotoel\u00e9ctricas para la inversi\u00f3n y la&#8230;<\/p>\n","protected":false},"featured_media":3378,"template":"","meta":[],"product_brand":[],"product_cat":[105],"product_tag":[],"class_list":{"0":"post-3376","1":"product","2":"type-product","3":"status-publish","4":"has-post-thumbnail","6":"product_cat-accesorios-para-la-linea-de-esmaltado","8":"first","9":"instock","10":"shipping-taxable","11":"product-type-simple"},"_links":{"self":[{"href":"https:\/\/www.sertam.it\/es\/wp-json\/wp\/v2\/product\/3376","targetHints":{"allow":["GET"]}}],"collection":[{"href":"https:\/\/www.sertam.it\/es\/wp-json\/wp\/v2\/product"}],"about":[{"href":"https:\/\/www.sertam.it\/es\/wp-json\/wp\/v2\/types\/product"}],"wp:featuredmedia":[{"embeddable":true,"href":"https:\/\/www.sertam.it\/es\/wp-json\/wp\/v2\/media\/3378"}],"wp:attachment":[{"href":"https:\/\/www.sertam.it\/es\/wp-json\/wp\/v2\/media?parent=3376"}],"wp:term":[{"taxonomy":"product_brand","embeddable":true,"href":"https:\/\/www.sertam.it\/es\/wp-json\/wp\/v2\/product_brand?post=3376"},{"taxonomy":"product_cat","embeddable":true,"href":"https:\/\/www.sertam.it\/es\/wp-json\/wp\/v2\/product_cat?post=3376"},{"taxonomy":"product_tag","embeddable":true,"href":"https:\/\/www.sertam.it\/es\/wp-json\/wp\/v2\/product_tag?post=3376"}],"curies":[{"name":"wp","href":"https:\/\/api.w.org\/{rel}","templated":true}]}}