{"id":3404,"date":"2019-09-26T17:51:35","date_gmt":"2019-09-26T15:51:35","guid":{"rendered":"http:\/\/smartwebmo.cloud:74\/sertam2020\/prodotto\/lineas-completas-de-tercer-fuego\/"},"modified":"2019-09-26T17:51:35","modified_gmt":"2019-09-26T15:51:35","slug":"lineas-completas-de-tercer-fuego","status":"publish","type":"product","link":"https:\/\/www.sertam.it\/es\/prodotto\/lineas-completas-de-tercer-fuego\/","title":{"rendered":"L\u00cdNEAS COMPLETAS DE TERCER FUEGO"},"content":{"rendered":"<div class=\"vgblk-rw-wrapper limit-wrapper\">\n<p>SERTAM fabrica l\u00edneas completas para la decoraci\u00f3n de baldosas de tercera cocci\u00f3n.<\/p>\n<p>Todas las l\u00edneas se personalizan seg\u00fan las especificaciones del cliente.<\/p>\n<\/div>\n<p><!-- .vgblk-rw-wrapper --><\/p>\n","protected":false},"excerpt":{"rendered":"<p>SERTAM fabrica l\u00edneas completas para la decoraci\u00f3n de baldosas de tercera cocci\u00f3n. Todas las l\u00edneas se personalizan seg\u00fan las especificaciones del cliente.<\/p>\n","protected":false},"featured_media":3405,"template":"","meta":[],"product_brand":[],"product_cat":[135],"product_tag":[],"class_list":{"0":"post-3404","1":"product","2":"type-product","3":"status-publish","4":"has-post-thumbnail","6":"product_cat-plantas-completas","8":"first","9":"instock","10":"shipping-taxable","11":"product-type-simple"},"_links":{"self":[{"href":"https:\/\/www.sertam.it\/es\/wp-json\/wp\/v2\/product\/3404","targetHints":{"allow":["GET"]}}],"collection":[{"href":"https:\/\/www.sertam.it\/es\/wp-json\/wp\/v2\/product"}],"about":[{"href":"https:\/\/www.sertam.it\/es\/wp-json\/wp\/v2\/types\/product"}],"wp:featuredmedia":[{"embeddable":true,"href":"https:\/\/www.sertam.it\/es\/wp-json\/wp\/v2\/media\/3405"}],"wp:attachment":[{"href":"https:\/\/www.sertam.it\/es\/wp-json\/wp\/v2\/media?parent=3404"}],"wp:term":[{"taxonomy":"product_brand","embeddable":true,"href":"https:\/\/www.sertam.it\/es\/wp-json\/wp\/v2\/product_brand?post=3404"},{"taxonomy":"product_cat","embeddable":true,"href":"https:\/\/www.sertam.it\/es\/wp-json\/wp\/v2\/product_cat?post=3404"},{"taxonomy":"product_tag","embeddable":true,"href":"https:\/\/www.sertam.it\/es\/wp-json\/wp\/v2\/product_tag?post=3404"}],"curies":[{"name":"wp","href":"https:\/\/api.w.org\/{rel}","templated":true}]}}