{"id":3436,"date":"2019-09-26T17:48:53","date_gmt":"2019-09-26T15:48:53","guid":{"rendered":"http:\/\/smartwebmo.cloud:74\/sertam2020\/prodotto\/hd-code-printer-2\/"},"modified":"2019-09-26T17:48:53","modified_gmt":"2019-09-26T15:48:53","slug":"hd-code-printer-2","status":"publish","type":"product","link":"https:\/\/www.sertam.it\/es\/prodotto\/hd-code-printer-2\/","title":{"rendered":"HD CODE PRINTER"},"content":{"rendered":"<div class=\"vgblk-rw-wrapper limit-wrapper\">\n<p>El sistema de impresi\u00f3n en alta definiti\u00f3n y a chorro de tinta de la serie HD permite de imprimir sobre cualquier tipo de embalaje u objeto en movimiento a trav\u00e9s de escritura alfanum\u00e9rica, c\u00f3digos de barras lineales, logos y cliparts. Las tintas a base de aceite permiten la aplicaci\u00f3n sobre superficies porosas como papel y cart\u00f3n blancos y colorados (marr\u00f3n) a condici\u00f3n que no sean estucados. Este sistema utiliza cabezales de impresi\u00f3n de 128, 384 y 512 puntos con resoluciones de 180 DPI (puntos por pulgada), determinado la altura del \u00e1rea de impresi\u00f3n igual a 16, 54 y 72 mm para cada cabezal. Fiable y vers\u00e1til gracias a la utilizaci\u00f3n de la tecnolog\u00eda piezoel\u00e9ctrica, representa la soluci\u00f3n ideal para satisfacer las necesidades m\u00e1s diversas de impresi\u00f3n, teniendo la posibilidad de gestionar m\u00faltiples cabezales de impresi\u00f3n (hasta 2), sean ellos independientes o acoplados entre s\u00ed. Esta \u00faltima posibilidad permite extender la altura de impresi\u00f3n hasta 144 mm, tratando el layout de impresi\u00f3n como entidad \u00fanica. De hecho el software procede a dividir el lay-out de impresi\u00f3n en tiras y a transmitirlas a los cabezales de modo que no se generen defectos en las l\u00edneas de contacto entre estas \u00faltimas.<br \/>\nGracias a sus dimensiones compactas y a la posici\u00f3n de instalaci\u00f3n universal, se integra f\u00e1cilmente en plantas y l\u00edneas de producci\u00f3n de cualquier tipo. La consola de programaci\u00f3n es simple e intuitiva y permite a los operadores de obtener en breve tiempo el completo dominio de los sistemas de impresi\u00f3n modelo HD.\n<\/p>\n<\/div>\n<p><!-- .vgblk-rw-wrapper --><\/p>\n","protected":false},"excerpt":{"rendered":"<p>El sistema de impresi\u00f3n en alta definiti\u00f3n y a chorro de tinta de la serie HD permite de imprimir sobre cualquier tipo de embalaje u objeto en movimiento a trav\u00e9s de escritura alfanum\u00e9rica, c\u00f3digos de barras lineales, logos y cliparts. Las tintas a base de aceite permiten la aplicaci\u00f3n sobre superficies porosas como papel y&#8230;<\/p>\n","protected":false},"featured_media":3441,"template":"","meta":[],"product_brand":[],"product_cat":[108],"product_tag":[],"class_list":{"0":"post-3436","1":"product","2":"type-product","3":"status-publish","4":"has-post-thumbnail","6":"product_cat-linea-de-seleccion","8":"first","9":"instock","10":"shipping-taxable","11":"product-type-simple"},"_links":{"self":[{"href":"https:\/\/www.sertam.it\/es\/wp-json\/wp\/v2\/product\/3436","targetHints":{"allow":["GET"]}}],"collection":[{"href":"https:\/\/www.sertam.it\/es\/wp-json\/wp\/v2\/product"}],"about":[{"href":"https:\/\/www.sertam.it\/es\/wp-json\/wp\/v2\/types\/product"}],"wp:featuredmedia":[{"embeddable":true,"href":"https:\/\/www.sertam.it\/es\/wp-json\/wp\/v2\/media\/3441"}],"wp:attachment":[{"href":"https:\/\/www.sertam.it\/es\/wp-json\/wp\/v2\/media?parent=3436"}],"wp:term":[{"taxonomy":"product_brand","embeddable":true,"href":"https:\/\/www.sertam.it\/es\/wp-json\/wp\/v2\/product_brand?post=3436"},{"taxonomy":"product_cat","embeddable":true,"href":"https:\/\/www.sertam.it\/es\/wp-json\/wp\/v2\/product_cat?post=3436"},{"taxonomy":"product_tag","embeddable":true,"href":"https:\/\/www.sertam.it\/es\/wp-json\/wp\/v2\/product_tag?post=3436"}],"curies":[{"name":"wp","href":"https:\/\/api.w.org\/{rel}","templated":true}]}}