{"id":3466,"date":"2019-09-26T17:45:27","date_gmt":"2019-09-26T15:45:27","guid":{"rendered":"http:\/\/smartwebmo.cloud:74\/sertam2020\/prodotto\/rotoprint-f40-f60\/"},"modified":"2020-12-10T09:17:26","modified_gmt":"2020-12-10T08:17:26","slug":"rotoprint-f40-f60","status":"publish","type":"product","link":"https:\/\/www.sertam.it\/es\/prodotto\/rotoprint-f40-f60\/","title":{"rendered":"ROTOPRINT SILK SCREEN"},"content":{"rendered":"<div class=\"vgblk-rw-wrapper limit-wrapper\">\n<p>M\u00c1QUINA DECORADORA ROTATIVA<\/p>\n<p>La m\u00e1quina ROTOPRINT est\u00e1 disponible en dos versiones: para impresi\u00f3n serigr\u00e1fica con la pantalla o para impresi\u00f3n serigr\u00e1fica con rodillos en silicona grabados con l\u00e1ser.<\/p>\n<p>&nbsp;<\/p>\n<table>\n<tbody>\n<tr>\n<th style=\"text-align: center;\" width=\"400\">MODEL<\/th>\n<th style=\"text-align: center;\" width=\"400\">MIN. SIZE<\/th>\n<th style=\"text-align: center;\" width=\"400\">MAX. SIZE<\/th>\n<\/tr>\n<tr>\n<td style=\"text-align: center;\">F40<\/td>\n<td style=\"text-align: center;\">100&#215;100 mm<\/td>\n<td style=\"text-align: center;\">450&#215;450 mm<\/td>\n<\/tr>\n<tr>\n<td style=\"text-align: center;\">F60<\/td>\n<td style=\"text-align: center;\">200&#215;200 mm<\/td>\n<td style=\"text-align: center;\">660&#215;660 mm<\/td>\n<\/tr>\n<tr>\n<td style=\"text-align: center;\">F100<\/td>\n<td style=\"text-align: center;\">300&#215;300 mm<\/td>\n<td style=\"text-align: center;\">1000&#215;1000 mm<\/td>\n<\/tr>\n<tr>\n<td style=\"text-align: center;\">F120<\/td>\n<td style=\"text-align: center;\">300&#215;300 mm<\/td>\n<td style=\"text-align: center;\">1200&#215;1200 mm<\/td>\n<\/tr>\n<\/tbody>\n<\/table>\n<\/div>\n<p><!-- .vgblk-rw-wrapper --><\/p>\n","protected":false},"excerpt":{"rendered":"<p>M\u00c1QUINA DECORADORA ROTATIVA La m\u00e1quina ROTOPRINT est\u00e1 disponible en dos versiones: para impresi\u00f3n serigr\u00e1fica con la pantalla o para impresi\u00f3n serigr\u00e1fica con rodillos en silicona grabados con l\u00e1ser. &nbsp; MODEL MIN. SIZE MAX. SIZE F40 100&#215;100 mm 450&#215;450 mm F60 200&#215;200 mm 660&#215;660 mm F100 300&#215;300 mm 1000&#215;1000 mm F120 300&#215;300 mm 1200&#215;1200 mm<\/p>\n","protected":false},"featured_media":3467,"template":"","meta":[],"product_brand":[],"product_cat":[140,141],"product_tag":[],"class_list":{"0":"post-3466","1":"product","2":"type-product","3":"status-publish","4":"has-post-thumbnail","6":"product_cat-decoradoras-rotativas","7":"product_cat-1-cabeza","9":"first","10":"instock","11":"shipping-taxable","12":"product-type-simple"},"_links":{"self":[{"href":"https:\/\/www.sertam.it\/es\/wp-json\/wp\/v2\/product\/3466","targetHints":{"allow":["GET"]}}],"collection":[{"href":"https:\/\/www.sertam.it\/es\/wp-json\/wp\/v2\/product"}],"about":[{"href":"https:\/\/www.sertam.it\/es\/wp-json\/wp\/v2\/types\/product"}],"wp:featuredmedia":[{"embeddable":true,"href":"https:\/\/www.sertam.it\/es\/wp-json\/wp\/v2\/media\/3467"}],"wp:attachment":[{"href":"https:\/\/www.sertam.it\/es\/wp-json\/wp\/v2\/media?parent=3466"}],"wp:term":[{"taxonomy":"product_brand","embeddable":true,"href":"https:\/\/www.sertam.it\/es\/wp-json\/wp\/v2\/product_brand?post=3466"},{"taxonomy":"product_cat","embeddable":true,"href":"https:\/\/www.sertam.it\/es\/wp-json\/wp\/v2\/product_cat?post=3466"},{"taxonomy":"product_tag","embeddable":true,"href":"https:\/\/www.sertam.it\/es\/wp-json\/wp\/v2\/product_tag?post=3466"}],"curies":[{"name":"wp","href":"https:\/\/api.w.org\/{rel}","templated":true}]}}