{"id":3484,"date":"2019-09-26T17:44:30","date_gmt":"2019-09-26T15:44:30","guid":{"rendered":"http:\/\/smartwebmo.cloud:74\/sertam2020\/prodotto\/sky\/"},"modified":"2019-09-26T17:44:30","modified_gmt":"2019-09-26T15:44:30","slug":"sky","status":"publish","type":"product","link":"https:\/\/www.sertam.it\/es\/prodotto\/sky\/","title":{"rendered":"SKY"},"content":{"rendered":"<div class=\"vgblk-rw-wrapper limit-wrapper\">\n<p>SMART ENGINEERING<\/p>\n<p>MAQUINA DECORADORA ROTATIVA<\/p>\n<p>Las cuatro cabezas decoradoras permiten la elecci\u00f3n entre cuatro modos de trabajo:<\/p>\n<p>RANDOM &#8211; decoraci\u00f3n de tipo casual con gr\u00e1fica cont\u00ednua, cada cabeza es completamente independiente. <\/p>\n<p>RANDOM SINCRONIZZATO &#8211; decoraci\u00f3n de tipo casual con gr\u00e1fica cont\u00ednua y movimiento sincronizado; una porci\u00f3n casual del primer rodillio decora los azulejos, lo restantes rodillos est\u00e1n sincronizados con el primero y entre ellios. Los azulejos producidos presentan un dibujo complejo y siempre diferente, pero perfectamente centrado y sobrepuesto.<\/p>\n<p>IMMAGINE \u2013 decoraci\u00f3n tradicional que prevee el uso de cilindros con reproducciones gr\u00e1ficas definidas con dimensiones iguales al formato en producci\u00f3n. <\/p>\n<p>STAND-BY \u2013 permite excluir el trabajo de una o m\u00e1s cabezas seleccionadas y manteniendo las otras en funci\u00f3n.<\/p>\n<\/div>\n<p><!-- .vgblk-rw-wrapper --><\/p>\n","protected":false},"excerpt":{"rendered":"<p>SMART ENGINEERING MAQUINA DECORADORA ROTATIVA Las cuatro cabezas decoradoras permiten la elecci\u00f3n entre cuatro modos de trabajo: RANDOM &#8211; decoraci\u00f3n de tipo casual con gr\u00e1fica cont\u00ednua, cada cabeza es completamente independiente. RANDOM SINCRONIZZATO &#8211; decoraci\u00f3n de tipo casual con gr\u00e1fica cont\u00ednua y movimiento sincronizado; una porci\u00f3n casual del primer rodillio decora los azulejos, lo restantes&#8230;<\/p>\n","protected":false},"featured_media":3485,"template":"","meta":[],"product_brand":[],"product_cat":[140,144],"product_tag":[],"class_list":{"0":"post-3484","1":"product","2":"type-product","3":"status-publish","4":"has-post-thumbnail","6":"product_cat-decoradoras-rotativas","7":"product_cat-4-cabezas","9":"first","10":"instock","11":"shipping-taxable","12":"product-type-simple"},"_links":{"self":[{"href":"https:\/\/www.sertam.it\/es\/wp-json\/wp\/v2\/product\/3484","targetHints":{"allow":["GET"]}}],"collection":[{"href":"https:\/\/www.sertam.it\/es\/wp-json\/wp\/v2\/product"}],"about":[{"href":"https:\/\/www.sertam.it\/es\/wp-json\/wp\/v2\/types\/product"}],"wp:featuredmedia":[{"embeddable":true,"href":"https:\/\/www.sertam.it\/es\/wp-json\/wp\/v2\/media\/3485"}],"wp:attachment":[{"href":"https:\/\/www.sertam.it\/es\/wp-json\/wp\/v2\/media?parent=3484"}],"wp:term":[{"taxonomy":"product_brand","embeddable":true,"href":"https:\/\/www.sertam.it\/es\/wp-json\/wp\/v2\/product_brand?post=3484"},{"taxonomy":"product_cat","embeddable":true,"href":"https:\/\/www.sertam.it\/es\/wp-json\/wp\/v2\/product_cat?post=3484"},{"taxonomy":"product_tag","embeddable":true,"href":"https:\/\/www.sertam.it\/es\/wp-json\/wp\/v2\/product_tag?post=3484"}],"curies":[{"name":"wp","href":"https:\/\/api.w.org\/{rel}","templated":true}]}}