{"id":3505,"date":"2019-09-26T17:37:06","date_gmt":"2019-09-26T15:37:06","guid":{"rendered":"http:\/\/smartwebmo.cloud:74\/sertam2020\/prodotto\/cuadros-electricos\/"},"modified":"2019-09-26T17:37:06","modified_gmt":"2019-09-26T15:37:06","slug":"cuadros-electricos","status":"publish","type":"product","link":"https:\/\/www.sertam.it\/es\/prodotto\/cuadros-electricos\/","title":{"rendered":"CUADROS EL\u00c9CTRICOS."},"content":{"rendered":"<div class=\"vgblk-rw-wrapper limit-wrapper\">\n<p>Dise\u00f1o, cableado e instalaci\u00f3n de cuadros el\u00e9ctricos de control para la operaci\u00f3n y control autom\u00e1tico y semiautom\u00e1tico de automatizaciones industriales.<\/p>\n<p>Todo el cableado se realiza en nuestro laboratorio, prestando especial atenci\u00f3n a la puesta a punto de los detalles. Nos gustar\u00eda precisar que los componentes utilizados para el montaje son de las mejores marcas y con marcado CE.<\/p>\n<p>Todos los paneles el\u00e9ctricos incluyen el diagrama de cableado \u00abCE\u00bb y el manual de usuario personalizado de acuerdo con las solicitudes del cliente.<\/p>\n<\/div>\n<p><!-- .vgblk-rw-wrapper --><\/p>\n","protected":false},"excerpt":{"rendered":"<p>Dise\u00f1o, cableado e instalaci\u00f3n de cuadros el\u00e9ctricos de control para la operaci\u00f3n y control autom\u00e1tico y semiautom\u00e1tico de automatizaciones industriales. Todo el cableado se realiza en nuestro laboratorio, prestando especial atenci\u00f3n a la puesta a punto de los detalles. Nos gustar\u00eda precisar que los componentes utilizados para el montaje son de las mejores marcas y&#8230;<\/p>\n","protected":false},"featured_media":3419,"template":"","meta":[],"product_brand":[],"product_cat":[149,150],"product_tag":[],"class_list":{"0":"post-3505","1":"product","2":"type-product","3":"status-publish","4":"has-post-thumbnail","6":"product_cat-automations-es","7":"product_cat-paneles-y-sistemas-electricos","9":"first","10":"instock","11":"shipping-taxable","12":"product-type-simple"},"_links":{"self":[{"href":"https:\/\/www.sertam.it\/es\/wp-json\/wp\/v2\/product\/3505","targetHints":{"allow":["GET"]}}],"collection":[{"href":"https:\/\/www.sertam.it\/es\/wp-json\/wp\/v2\/product"}],"about":[{"href":"https:\/\/www.sertam.it\/es\/wp-json\/wp\/v2\/types\/product"}],"wp:featuredmedia":[{"embeddable":true,"href":"https:\/\/www.sertam.it\/es\/wp-json\/wp\/v2\/media\/3419"}],"wp:attachment":[{"href":"https:\/\/www.sertam.it\/es\/wp-json\/wp\/v2\/media?parent=3505"}],"wp:term":[{"taxonomy":"product_brand","embeddable":true,"href":"https:\/\/www.sertam.it\/es\/wp-json\/wp\/v2\/product_brand?post=3505"},{"taxonomy":"product_cat","embeddable":true,"href":"https:\/\/www.sertam.it\/es\/wp-json\/wp\/v2\/product_cat?post=3505"},{"taxonomy":"product_tag","embeddable":true,"href":"https:\/\/www.sertam.it\/es\/wp-json\/wp\/v2\/product_tag?post=3505"}],"curies":[{"name":"wp","href":"https:\/\/api.w.org\/{rel}","templated":true}]}}