{"id":3547,"date":"2019-09-23T19:52:03","date_gmt":"2019-09-23T17:52:03","guid":{"rendered":"http:\/\/smartwebmo.cloud:74\/sertam2020\/prodotto\/s-tr-2\/"},"modified":"2019-09-23T19:52:03","modified_gmt":"2019-09-23T17:52:03","slug":"s-tr-2","status":"publish","type":"product","link":"https:\/\/www.sertam.it\/es\/prodotto\/s-tr-2\/","title":{"rendered":"S-TR"},"content":{"rendered":"<div class=\"vgblk-rw-wrapper limit-wrapper\">\n<p>Decorador h\u00famedo para una cocci\u00f3n, dos cocciones y una tercera cocci\u00f3n.<br \/>Decoraci\u00f3n longitudinal respecto a la direcci\u00f3n de marcha del material con el movimiento sobre gu\u00edas lineales.<br \/>Posicionamiento del material mediante correas laterales gestionadas por motores paso a paso o motores brushless.<br \/>Gesti\u00f3n electr\u00f3nica en tres versiones:<br \/>con PLC OMRON<br \/>con PLC SCHNEIDER<br \/>con PLC RENESAS 32 Bit<\/p>\n<p>&nbsp;<\/p>\n<table>\n<tbody>\n<tr>\n<th style=\"text-align: center;\" width=\"400\">MODEL<\/th>\n<th style=\"text-align: center;\" width=\"400\">MIN. SIZE<\/th>\n<th style=\"text-align: center;\" width=\"400\">MAX. SIZE<\/th>\n<\/tr>\n<tr>\n<td style=\"text-align: center;\">10\/45<\/td>\n<td style=\"text-align: center;\">100&#215;100 mm<\/td>\n<td style=\"text-align: center;\">450&#215;450 mm<\/td>\n<\/tr>\n<tr>\n<td style=\"text-align: center;\">20\/60<\/td>\n<td style=\"text-align: center;\">200&#215;200 mm<\/td>\n<td style=\"text-align: center;\">600&#215;600 mm<\/td>\n<\/tr>\n<tr>\n<td style=\"text-align: center;\">60\/90<\/td>\n<td style=\"text-align: center;\">200&#215;200 mm<\/td>\n<td style=\"text-align: center;\">660&#215;900 mm<\/td>\n<\/tr>\n<\/tbody>\n<\/table>\n<\/div>\n<p><!-- .vgblk-rw-wrapper --><\/p>\n","protected":false},"excerpt":{"rendered":"<p>Decorador h\u00famedo para una cocci\u00f3n, dos cocciones y una tercera cocci\u00f3n.Decoraci\u00f3n longitudinal respecto a la direcci\u00f3n de marcha del material con el movimiento sobre gu\u00edas lineales.Posicionamiento del material mediante correas laterales gestionadas por motores paso a paso o motores brushless.Gesti\u00f3n electr\u00f3nica en tres versiones:con PLC OMRONcon PLC SCHNEIDERcon PLC RENESAS 32 Bit &nbsp; MODEL MIN&#8230;.<\/p>\n","protected":false},"featured_media":3548,"template":"","meta":[],"product_brand":[],"product_cat":[119,123],"product_tag":[],"class_list":{"0":"post-3547","1":"product","2":"type-product","3":"status-publish","4":"has-post-thumbnail","6":"product_cat-decoradoras-plana","7":"product_cat-decoradoras-plana-supreme","9":"first","10":"instock","11":"shipping-taxable","12":"product-type-simple"},"_links":{"self":[{"href":"https:\/\/www.sertam.it\/es\/wp-json\/wp\/v2\/product\/3547","targetHints":{"allow":["GET"]}}],"collection":[{"href":"https:\/\/www.sertam.it\/es\/wp-json\/wp\/v2\/product"}],"about":[{"href":"https:\/\/www.sertam.it\/es\/wp-json\/wp\/v2\/types\/product"}],"wp:featuredmedia":[{"embeddable":true,"href":"https:\/\/www.sertam.it\/es\/wp-json\/wp\/v2\/media\/3548"}],"wp:attachment":[{"href":"https:\/\/www.sertam.it\/es\/wp-json\/wp\/v2\/media?parent=3547"}],"wp:term":[{"taxonomy":"product_brand","embeddable":true,"href":"https:\/\/www.sertam.it\/es\/wp-json\/wp\/v2\/product_brand?post=3547"},{"taxonomy":"product_cat","embeddable":true,"href":"https:\/\/www.sertam.it\/es\/wp-json\/wp\/v2\/product_cat?post=3547"},{"taxonomy":"product_tag","embeddable":true,"href":"https:\/\/www.sertam.it\/es\/wp-json\/wp\/v2\/product_tag?post=3547"}],"curies":[{"name":"wp","href":"https:\/\/api.w.org\/{rel}","templated":true}]}}