{"id":3565,"date":"2019-09-23T19:50:25","date_gmt":"2019-09-23T17:50:25","guid":{"rendered":"http:\/\/smartwebmo.cloud:74\/sertam2020\/prodotto\/decolab\/"},"modified":"2019-09-23T19:50:25","modified_gmt":"2019-09-23T17:50:25","slug":"decolab","status":"publish","type":"product","link":"https:\/\/www.sertam.it\/es\/prodotto\/decolab\/","title":{"rendered":"DECOLAB"},"content":{"rendered":"<div class=\"vgblk-rw-wrapper limit-wrapper\">\n<p>M\u00e1quina decoradora semiautom\u00e1tica, uso mesa, para las muestras y producciones peque\u00f1as.<\/p>\n<p>CARACTER\u00cdSTICAS TECNICAS: <\/p>\n<ul>\n<li>Elevacion y bajando retino neum\u00e1tico. <\/li>\n<li>Carro con cambio esp\u00e1tulas neum\u00e1tico con regulaci\u00f3n de presi\u00f3n.<\/li>\n<li>Regulaci\u00f3n de la pantalla a trav\u00e9s de perillas.<\/li>\n<li>Mesa de impresi\u00f3n con referencia a 90 \u00b0 ajustable.<\/li>\n<\/ul>\n<p>&nbsp;<\/p>\n<table>\n<tbody>\n<tr>\n<th style=\"text-align: center;\" width=\"400\">MODEL<\/th>\n<th style=\"text-align: center;\" width=\"400\">MIN. SIZE<\/th>\n<th style=\"text-align: center;\" width=\"400\">MAX. SIZE<\/th>\n<\/tr>\n<tr>\n<td style=\"text-align: center;\">45<\/td>\n<td style=\"text-align: center;\">100&#215;100 mm<\/td>\n<td style=\"text-align: center;\">450&#215;450 mm<\/td>\n<\/tr>\n<tr>\n<td style=\"text-align: center;\">60<\/td>\n<td style=\"text-align: center;\">100&#215;100 mm<\/td>\n<td style=\"text-align: center;\">660&#215;660 mm<\/td>\n<\/tr>\n<tr>\n<td style=\"text-align: center;\">100<\/td>\n<td style=\"text-align: center;\">100&#215;100 mm<\/td>\n<td style=\"text-align: center;\">1000&#215;1000 mm<\/td>\n<\/tr>\n<\/tbody>\n<\/table>\n<\/div>\n<p><!-- .vgblk-rw-wrapper --><\/p>\n","protected":false},"excerpt":{"rendered":"<p>M\u00e1quina decoradora semiautom\u00e1tica, uso mesa, para las muestras y producciones peque\u00f1as. CARACTER\u00cdSTICAS TECNICAS: Elevacion y bajando retino neum\u00e1tico. Carro con cambio esp\u00e1tulas neum\u00e1tico con regulaci\u00f3n de presi\u00f3n. Regulaci\u00f3n de la pantalla a trav\u00e9s de perillas. Mesa de impresi\u00f3n con referencia a 90 \u00b0 ajustable. &nbsp; MODEL MIN. SIZE MAX. SIZE 45 100&#215;100 mm 450&#215;450 mm&#8230;<\/p>\n","protected":false},"featured_media":3566,"template":"","meta":[],"product_brand":[],"product_cat":[119,153],"product_tag":[],"class_list":{"0":"post-3565","1":"product","2":"type-product","3":"status-publish","4":"has-post-thumbnail","6":"product_cat-decoradoras-plana","7":"product_cat-decolab-es","9":"first","10":"instock","11":"shipping-taxable","12":"product-type-simple"},"_links":{"self":[{"href":"https:\/\/www.sertam.it\/es\/wp-json\/wp\/v2\/product\/3565","targetHints":{"allow":["GET"]}}],"collection":[{"href":"https:\/\/www.sertam.it\/es\/wp-json\/wp\/v2\/product"}],"about":[{"href":"https:\/\/www.sertam.it\/es\/wp-json\/wp\/v2\/types\/product"}],"wp:featuredmedia":[{"embeddable":true,"href":"https:\/\/www.sertam.it\/es\/wp-json\/wp\/v2\/media\/3566"}],"wp:attachment":[{"href":"https:\/\/www.sertam.it\/es\/wp-json\/wp\/v2\/media?parent=3565"}],"wp:term":[{"taxonomy":"product_brand","embeddable":true,"href":"https:\/\/www.sertam.it\/es\/wp-json\/wp\/v2\/product_brand?post=3565"},{"taxonomy":"product_cat","embeddable":true,"href":"https:\/\/www.sertam.it\/es\/wp-json\/wp\/v2\/product_cat?post=3565"},{"taxonomy":"product_tag","embeddable":true,"href":"https:\/\/www.sertam.it\/es\/wp-json\/wp\/v2\/product_tag?post=3565"}],"curies":[{"name":"wp","href":"https:\/\/api.w.org\/{rel}","templated":true}]}}