{"id":3646,"date":"2019-09-23T19:45:09","date_gmt":"2019-09-23T17:45:09","guid":{"rendered":"http:\/\/smartwebmo.cloud:74\/sertam2020\/prodotto\/cfa-c11-45-2\/"},"modified":"2019-09-23T19:45:09","modified_gmt":"2019-09-23T17:45:09","slug":"cfa-c11-45-2","status":"publish","type":"product","link":"https:\/\/www.sertam.it\/es\/prodotto\/cfa-c11-45-2\/","title":{"rendered":"CFA-C11 45"},"content":{"rendered":"<div class=\"vgblk-rw-wrapper limit-wrapper\">\n<figure class=\"wp-block-embed wp-block-embed-youtube is-type-video is-provider-youtube epyt-figure\"><div class=\"wp-block-embed__wrapper\"><iframe loading=\"lazy\"  id=\"_ytid_31465\"  width=\"630\" height=\"300\"  data-origwidth=\"630\" data-origheight=\"300\" src=\"https:\/\/www.youtube.com\/embed\/wKpB0_QnN8Q?enablejsapi=1&autoplay=0&cc_load_policy=0&cc_lang_pref=&iv_load_policy=3&loop=1&playlist=wKpB0_QnN8Q&rel=1&fs=1&playsinline=0&autohide=2&theme=dark&color=red&controls=1&\" class=\"__youtube_prefs__  no-lazyload\" title=\"YouTube player\"  allow=\"fullscreen; accelerometer; autoplay; clipboard-write; encrypted-media; gyroscope; picture-in-picture\" allowfullscreen data-no-lazy=\"1\" data-skipgform_ajax_framebjll=\"\"><\/iframe><\/div><\/figure>\n<p>&nbsp;<\/p>\n<p>Decorador para la fabricaci\u00f3n de azulejos en monococci\u00f3n, bicocci\u00f3n, monoporos y porcelanos.<\/p>\n<p>Para baldosas de 100x100mm a 450x450mm.<\/p>\n<p>Velocidad m\u00e1xima de la cinta:  140 mt\/min.<\/p>\n<p>Velocidad m\u00e1xima de producci\u00f3n: 160 pcs\/min.<\/p>\n<p>Equipado con una innovadora gesti\u00f3n electr\u00f3nica, nuevos motores paso a paso y de accionamiento capaces de trabajar incluso en las condiciones m\u00e1s severas, a altas temperaturas y asegurando un menor mantenimiento.<\/p>\n<p>Tambi\u00e9n disponible con motores brushless.<\/p>\n<\/div>\n<p><!-- .vgblk-rw-wrapper --><\/p>\n","protected":false},"excerpt":{"rendered":"<p>&nbsp; Decorador para la fabricaci\u00f3n de azulejos en monococci\u00f3n, bicocci\u00f3n, monoporos y porcelanos. Para baldosas de 100x100mm a 450x450mm. Velocidad m\u00e1xima de la cinta: 140 mt\/min. Velocidad m\u00e1xima de producci\u00f3n: 160 pcs\/min. Equipado con una innovadora gesti\u00f3n electr\u00f3nica, nuevos motores paso a paso y de accionamiento capaces de trabajar incluso en las condiciones m\u00e1s severas,&#8230;<\/p>\n","protected":false},"featured_media":2143,"template":"","meta":[],"product_brand":[],"product_cat":[119,159],"product_tag":[],"class_list":{"0":"post-3646","1":"product","2":"type-product","3":"status-publish","4":"has-post-thumbnail","6":"product_cat-decoradoras-plana","7":"product_cat-cfa-c11-es","9":"first","10":"instock","11":"shipping-taxable","12":"product-type-simple"},"_links":{"self":[{"href":"https:\/\/www.sertam.it\/es\/wp-json\/wp\/v2\/product\/3646","targetHints":{"allow":["GET"]}}],"collection":[{"href":"https:\/\/www.sertam.it\/es\/wp-json\/wp\/v2\/product"}],"about":[{"href":"https:\/\/www.sertam.it\/es\/wp-json\/wp\/v2\/types\/product"}],"wp:featuredmedia":[{"embeddable":true,"href":"https:\/\/www.sertam.it\/es\/wp-json\/wp\/v2\/media\/2143"}],"wp:attachment":[{"href":"https:\/\/www.sertam.it\/es\/wp-json\/wp\/v2\/media?parent=3646"}],"wp:term":[{"taxonomy":"product_brand","embeddable":true,"href":"https:\/\/www.sertam.it\/es\/wp-json\/wp\/v2\/product_brand?post=3646"},{"taxonomy":"product_cat","embeddable":true,"href":"https:\/\/www.sertam.it\/es\/wp-json\/wp\/v2\/product_cat?post=3646"},{"taxonomy":"product_tag","embeddable":true,"href":"https:\/\/www.sertam.it\/es\/wp-json\/wp\/v2\/product_tag?post=3646"}],"curies":[{"name":"wp","href":"https:\/\/api.w.org\/{rel}","templated":true}]}}