{"id":3657,"date":"2019-09-23T19:33:46","date_gmt":"2019-09-23T17:33:46","guid":{"rendered":"http:\/\/smartwebmo.cloud:74\/sertam2020\/prodotto\/plc-hdmi-bp8s-2378-32-bit\/"},"modified":"2019-09-23T19:33:46","modified_gmt":"2019-09-23T17:33:46","slug":"plc-hdmi-bp8s-2378-32-bit","status":"publish","type":"product","link":"https:\/\/www.sertam.it\/es\/prodotto\/plc-hdmi-bp8s-2378-32-bit\/","title":{"rendered":"PLC + HDMI BP8S\/2378 32 BIT"},"content":{"rendered":"<div class=\"vgblk-rw-wrapper limit-wrapper\">\n<p> PLC + HMI BP8S \/ 2378 32 BIT <\/p>\n<p> Alto rendimiento gracias a la CPU de 32 Bit, 512KByte Flash, 32KByte RAM, 256KByte o 64KByte EEPROM, 16 entradas y 16 salidas, 2 entradas r\u00e1pidas y 2 salidas de 500 Khz, 2 entradas anal\u00f3gicas de 10 Bit y 4 8 salidas anal\u00f3gicas Bit o 16 Bit, 1 puerto serie RS 232, 1 puerto serie RS 485 y 1 puerto serie RS 422. <\/p>\n<\/div>\n<p><!-- .vgblk-rw-wrapper --><\/p>\n","protected":false},"excerpt":{"rendered":"<p>PLC + HMI BP8S \/ 2378 32 BIT Alto rendimiento gracias a la CPU de 32 Bit, 512KByte Flash, 32KByte RAM, 256KByte o 64KByte EEPROM, 16 entradas y 16 salidas, 2 entradas r\u00e1pidas y 2 salidas de 500 Khz, 2 entradas anal\u00f3gicas de 10 Bit y 4 8 salidas anal\u00f3gicas Bit o 16 Bit, 1&#8230;<\/p>\n","protected":false},"featured_media":3658,"template":"","meta":[],"product_brand":[],"product_cat":[149,162],"product_tag":[],"class_list":{"0":"post-3657","1":"product","2":"type-product","3":"status-publish","4":"has-post-thumbnail","6":"product_cat-automations-es","7":"product_cat-placas-electronicas-y-accesorios","9":"first","10":"instock","11":"shipping-taxable","12":"product-type-simple"},"_links":{"self":[{"href":"https:\/\/www.sertam.it\/es\/wp-json\/wp\/v2\/product\/3657","targetHints":{"allow":["GET"]}}],"collection":[{"href":"https:\/\/www.sertam.it\/es\/wp-json\/wp\/v2\/product"}],"about":[{"href":"https:\/\/www.sertam.it\/es\/wp-json\/wp\/v2\/types\/product"}],"wp:featuredmedia":[{"embeddable":true,"href":"https:\/\/www.sertam.it\/es\/wp-json\/wp\/v2\/media\/3658"}],"wp:attachment":[{"href":"https:\/\/www.sertam.it\/es\/wp-json\/wp\/v2\/media?parent=3657"}],"wp:term":[{"taxonomy":"product_brand","embeddable":true,"href":"https:\/\/www.sertam.it\/es\/wp-json\/wp\/v2\/product_brand?post=3657"},{"taxonomy":"product_cat","embeddable":true,"href":"https:\/\/www.sertam.it\/es\/wp-json\/wp\/v2\/product_cat?post=3657"},{"taxonomy":"product_tag","embeddable":true,"href":"https:\/\/www.sertam.it\/es\/wp-json\/wp\/v2\/product_tag?post=3657"}],"curies":[{"name":"wp","href":"https:\/\/api.w.org\/{rel}","templated":true}]}}