{"id":3739,"date":"2019-09-23T19:15:19","date_gmt":"2019-09-23T17:15:19","guid":{"rendered":"http:\/\/smartwebmo.cloud:74\/sertam2020\/prodotto\/aerografo\/"},"modified":"2019-09-23T19:15:19","modified_gmt":"2019-09-23T17:15:19","slug":"aerografo","status":"publish","type":"product","link":"https:\/\/www.sertam.it\/es\/prodotto\/aerografo\/","title":{"rendered":"AEROGRAFO"},"content":{"rendered":"<div class=\"vgblk-rw-wrapper limit-wrapper\">\n<p>Sertam programa software para la gesti\u00f3n de la cabina de flameado.<\/p>\n<p>Simulaci\u00f3n de la decoraci\u00f3n de ordenador, y transferencia de los resultados al quadro de control.<\/p>\n<p>El software est\u00e1 dise\u00f1ado para la idustria cer\u00e1mica pero es utilizable en todas industria el cual necesidad de decoraci\u00f3n con arrografo.<\/p>\n<\/div>\n<p><!-- .vgblk-rw-wrapper --><\/p>\n","protected":false},"excerpt":{"rendered":"<p>Sertam programa software para la gesti\u00f3n de la cabina de flameado. Simulaci\u00f3n de la decoraci\u00f3n de ordenador, y transferencia de los resultados al quadro de control. El software est\u00e1 dise\u00f1ado para la idustria cer\u00e1mica pero es utilizable en todas industria el cual necesidad de decoraci\u00f3n con arrografo.<\/p>\n","protected":false},"featured_media":3740,"template":"","meta":[],"product_brand":[],"product_cat":[149,165],"product_tag":[],"class_list":{"0":"post-3739","1":"product","2":"type-product","3":"status-publish","4":"has-post-thumbnail","6":"product_cat-automations-es","7":"product_cat-software-es","9":"first","10":"instock","11":"shipping-taxable","12":"product-type-simple"},"_links":{"self":[{"href":"https:\/\/www.sertam.it\/es\/wp-json\/wp\/v2\/product\/3739","targetHints":{"allow":["GET"]}}],"collection":[{"href":"https:\/\/www.sertam.it\/es\/wp-json\/wp\/v2\/product"}],"about":[{"href":"https:\/\/www.sertam.it\/es\/wp-json\/wp\/v2\/types\/product"}],"wp:featuredmedia":[{"embeddable":true,"href":"https:\/\/www.sertam.it\/es\/wp-json\/wp\/v2\/media\/3740"}],"wp:attachment":[{"href":"https:\/\/www.sertam.it\/es\/wp-json\/wp\/v2\/media?parent=3739"}],"wp:term":[{"taxonomy":"product_brand","embeddable":true,"href":"https:\/\/www.sertam.it\/es\/wp-json\/wp\/v2\/product_brand?post=3739"},{"taxonomy":"product_cat","embeddable":true,"href":"https:\/\/www.sertam.it\/es\/wp-json\/wp\/v2\/product_cat?post=3739"},{"taxonomy":"product_tag","embeddable":true,"href":"https:\/\/www.sertam.it\/es\/wp-json\/wp\/v2\/product_tag?post=3739"}],"curies":[{"name":"wp","href":"https:\/\/api.w.org\/{rel}","templated":true}]}}