{"id":3789,"date":"2019-09-19T11:47:34","date_gmt":"2019-09-19T09:47:34","guid":{"rendered":"http:\/\/smartwebmo.cloud:74\/sertam2020\/prodotto\/unidad-de-aplicacion-de-agua-o-fijador-con-bomba-flojet\/"},"modified":"2019-09-19T11:47:34","modified_gmt":"2019-09-19T09:47:34","slug":"unidad-de-aplicacion-de-agua-o-fijador-con-bomba-flojet","status":"publish","type":"product","link":"https:\/\/www.sertam.it\/es\/prodotto\/unidad-de-aplicacion-de-agua-o-fijador-con-bomba-flojet\/","title":{"rendered":"UNIDAD DE APLICACI\u00d3N DE AGUA O FIJADOR CON BOMBA FLOJET"},"content":{"rendered":"<div class=\"vgblk-rw-wrapper limit-wrapper\">\n<p>Cabina para aplicaci\u00f3n de agua o fijador, completa con aer\u00f3grafo, bomba y cuba.<br \/>\nDisponible con 1, 2, 3 o 4 aer\u00f3grafos.<br \/>\n&nbsp;<\/p>\n<table style=\"height: 403px;\" width=\"803\">\n<tbody>\n<tr>\n<td style=\"text-align: center;\" width=\"400\">MODEL<\/td>\n<td style=\"text-align: center;\" width=\"400\">MIN. SIZE<\/td>\n<td style=\"text-align: center;\" width=\"400\">MAX. SIZE<\/td>\n<\/tr>\n<tr>\n<td style=\"text-align: center;\">660<\/td>\n<td style=\"text-align: center;\">100&#215;100 mm<\/td>\n<td style=\"text-align: center;\">660&#215;660 mm<\/td>\n<\/tr>\n<tr>\n<td style=\"text-align: center;\">900<\/td>\n<td style=\"text-align: center;\">100&#215;100 mm<\/td>\n<td style=\"text-align: center;\">900&#215;900 mm<\/td>\n<\/tr>\n<tr>\n<td style=\"text-align: center;\">1100<\/td>\n<td style=\"text-align: center;\">100&#215;100 mm<\/td>\n<td style=\"text-align: center;\">1100&#215;1100 mm<\/td>\n<\/tr>\n<tr>\n<td style=\"text-align: center;\">1300<\/td>\n<td style=\"text-align: center;\">100&#215;100 mm<\/td>\n<td style=\"text-align: center;\">1300&#215;1300 mm<\/td>\n<\/tr>\n<tr>\n<td style=\"text-align: center;\">1500<\/td>\n<td style=\"text-align: center;\">100&#215;100 mm<\/td>\n<td style=\"text-align: center;\">1500&#215;1500 mm<\/td>\n<\/tr>\n<\/tbody>\n<\/table>\n<\/div>\n<p><!-- .vgblk-rw-wrapper --><\/p>\n","protected":false},"excerpt":{"rendered":"<p>Cabina para aplicaci\u00f3n de agua o fijador, completa con aer\u00f3grafo, bomba y cuba. Disponible con 1, 2, 3 o 4 aer\u00f3grafos. &nbsp; MODEL MIN. SIZE MAX. SIZE 660 100&#215;100 mm 660&#215;660 mm 900 100&#215;100 mm 900&#215;900 mm 1100 100&#215;100 mm 1100&#215;1100 mm 1300 100&#215;100 mm 1300&#215;1300 mm 1500 100&#215;100 mm 1500&#215;1500 mm<\/p>\n","protected":false},"featured_media":3790,"template":"","meta":[],"product_brand":[],"product_cat":[113,114],"product_tag":[],"class_list":{"0":"post-3789","1":"product","2":"type-product","3":"status-publish","4":"has-post-thumbnail","6":"product_cat-accessorios-para-la-linea-de-tercer-fuego","7":"product_cat-accessorios","9":"first","10":"instock","11":"shipping-taxable","12":"product-type-simple"},"_links":{"self":[{"href":"https:\/\/www.sertam.it\/es\/wp-json\/wp\/v2\/product\/3789","targetHints":{"allow":["GET"]}}],"collection":[{"href":"https:\/\/www.sertam.it\/es\/wp-json\/wp\/v2\/product"}],"about":[{"href":"https:\/\/www.sertam.it\/es\/wp-json\/wp\/v2\/types\/product"}],"wp:featuredmedia":[{"embeddable":true,"href":"https:\/\/www.sertam.it\/es\/wp-json\/wp\/v2\/media\/3790"}],"wp:attachment":[{"href":"https:\/\/www.sertam.it\/es\/wp-json\/wp\/v2\/media?parent=3789"}],"wp:term":[{"taxonomy":"product_brand","embeddable":true,"href":"https:\/\/www.sertam.it\/es\/wp-json\/wp\/v2\/product_brand?post=3789"},{"taxonomy":"product_cat","embeddable":true,"href":"https:\/\/www.sertam.it\/es\/wp-json\/wp\/v2\/product_cat?post=3789"},{"taxonomy":"product_tag","embeddable":true,"href":"https:\/\/www.sertam.it\/es\/wp-json\/wp\/v2\/product_tag?post=3789"}],"curies":[{"name":"wp","href":"https:\/\/api.w.org\/{rel}","templated":true}]}}