{"id":3835,"date":"2019-09-19T11:29:42","date_gmt":"2019-09-19T09:29:42","guid":{"rendered":"http:\/\/smartwebmo.cloud:74\/sertam2020\/prodotto\/secadero-2-mt\/"},"modified":"2019-09-19T11:29:42","modified_gmt":"2019-09-19T09:29:42","slug":"secadero-2-mt","status":"publish","type":"product","link":"https:\/\/www.sertam.it\/es\/prodotto\/secadero-2-mt\/","title":{"rendered":"SECADERO 2 mt"},"content":{"rendered":"<div class=\"vgblk-rw-wrapper limit-wrapper\">\n<p>SECADERO RAPIDO CON LLAMA INDIRECTA.<\/p>\n<p>Realizado en chapa barnizada, completa de ventilador, quemador, v\u00e1lvula mezcladora, termopar para la regulaci\u00f3n de la temperatura. Panel el\u00e9ctrico provisto de regulaci\u00f3n de la temperatura. Perfecto para usar con esmaltes tradicionales o metales preciosos. <\/p>\n<p>Longitud: 2 m.<\/p>\n<\/div>\n<p><!-- .vgblk-rw-wrapper --><\/p>\n","protected":false},"excerpt":{"rendered":"<p>SECADERO RAPIDO CON LLAMA INDIRECTA. Realizado en chapa barnizada, completa de ventilador, quemador, v\u00e1lvula mezcladora, termopar para la regulaci\u00f3n de la temperatura. Panel el\u00e9ctrico provisto de regulaci\u00f3n de la temperatura. Perfecto para usar con esmaltes tradicionales o metales preciosos. Longitud: 2 m.<\/p>\n","protected":false},"featured_media":3836,"template":"","meta":[],"product_brand":[],"product_cat":[113,177],"product_tag":[],"class_list":{"0":"post-3835","1":"product","2":"type-product","3":"status-publish","4":"has-post-thumbnail","6":"product_cat-accessorios-para-la-linea-de-tercer-fuego","7":"product_cat-secadero-2-mt","9":"first","10":"instock","11":"shipping-taxable","12":"product-type-simple"},"_links":{"self":[{"href":"https:\/\/www.sertam.it\/es\/wp-json\/wp\/v2\/product\/3835","targetHints":{"allow":["GET"]}}],"collection":[{"href":"https:\/\/www.sertam.it\/es\/wp-json\/wp\/v2\/product"}],"about":[{"href":"https:\/\/www.sertam.it\/es\/wp-json\/wp\/v2\/types\/product"}],"wp:featuredmedia":[{"embeddable":true,"href":"https:\/\/www.sertam.it\/es\/wp-json\/wp\/v2\/media\/3836"}],"wp:attachment":[{"href":"https:\/\/www.sertam.it\/es\/wp-json\/wp\/v2\/media?parent=3835"}],"wp:term":[{"taxonomy":"product_brand","embeddable":true,"href":"https:\/\/www.sertam.it\/es\/wp-json\/wp\/v2\/product_brand?post=3835"},{"taxonomy":"product_cat","embeddable":true,"href":"https:\/\/www.sertam.it\/es\/wp-json\/wp\/v2\/product_cat?post=3835"},{"taxonomy":"product_tag","embeddable":true,"href":"https:\/\/www.sertam.it\/es\/wp-json\/wp\/v2\/product_tag?post=3835"}],"curies":[{"name":"wp","href":"https:\/\/api.w.org\/{rel}","templated":true}]}}