{"id":3841,"date":"2019-09-19T11:30:12","date_gmt":"2019-09-19T09:30:12","guid":{"rendered":"http:\/\/smartwebmo.cloud:74\/sertam2020\/prodotto\/secadero-4-mt\/"},"modified":"2019-09-19T11:30:12","modified_gmt":"2019-09-19T09:30:12","slug":"secadero-4-mt","status":"publish","type":"product","link":"https:\/\/www.sertam.it\/es\/prodotto\/secadero-4-mt\/","title":{"rendered":"SECADERO 4 mt"},"content":{"rendered":"<div class=\"vgblk-rw-wrapper limit-wrapper\">\n<p>SECADERO RAPIDO CON LAMA INDIRECTA..<\/p>\n<p>Realizado en chapa barnizada, completa de ventilador, quemador, v\u00e1lvula mezcladora, termopar para la regulaci\u00f3n de la temperatura. Panel el\u00e9ctrico provisto de regulaci\u00f3n de la temperatura.\/p><\/p>\n<p>Longitud: 4 m.<\/p>\n<\/div>\n<p><!-- .vgblk-rw-wrapper --><\/p>\n","protected":false},"excerpt":{"rendered":"<p>SECADERO RAPIDO CON LAMA INDIRECTA.. Realizado en chapa barnizada, completa de ventilador, quemador, v\u00e1lvula mezcladora, termopar para la regulaci\u00f3n de la temperatura. Panel el\u00e9ctrico provisto de regulaci\u00f3n de la temperatura.\/p> Longitud: 4 m.<\/p>\n","protected":false},"featured_media":3842,"template":"","meta":[],"product_brand":[],"product_cat":[113,177],"product_tag":[],"class_list":{"0":"post-3841","1":"product","2":"type-product","3":"status-publish","4":"has-post-thumbnail","6":"product_cat-accessorios-para-la-linea-de-tercer-fuego","7":"product_cat-secadero-2-mt","9":"first","10":"instock","11":"shipping-taxable","12":"product-type-simple"},"_links":{"self":[{"href":"https:\/\/www.sertam.it\/es\/wp-json\/wp\/v2\/product\/3841","targetHints":{"allow":["GET"]}}],"collection":[{"href":"https:\/\/www.sertam.it\/es\/wp-json\/wp\/v2\/product"}],"about":[{"href":"https:\/\/www.sertam.it\/es\/wp-json\/wp\/v2\/types\/product"}],"wp:featuredmedia":[{"embeddable":true,"href":"https:\/\/www.sertam.it\/es\/wp-json\/wp\/v2\/media\/3842"}],"wp:attachment":[{"href":"https:\/\/www.sertam.it\/es\/wp-json\/wp\/v2\/media?parent=3841"}],"wp:term":[{"taxonomy":"product_brand","embeddable":true,"href":"https:\/\/www.sertam.it\/es\/wp-json\/wp\/v2\/product_brand?post=3841"},{"taxonomy":"product_cat","embeddable":true,"href":"https:\/\/www.sertam.it\/es\/wp-json\/wp\/v2\/product_cat?post=3841"},{"taxonomy":"product_tag","embeddable":true,"href":"https:\/\/www.sertam.it\/es\/wp-json\/wp\/v2\/product_tag?post=3841"}],"curies":[{"name":"wp","href":"https:\/\/api.w.org\/{rel}","templated":true}]}}