{"id":3845,"date":"2019-09-19T11:25:36","date_gmt":"2019-09-19T09:25:36","guid":{"rendered":"http:\/\/smartwebmo.cloud:74\/sertam2020\/prodotto\/maquina-paneladora-multiplex-2\/"},"modified":"2019-09-19T11:25:36","modified_gmt":"2019-09-19T09:25:36","slug":"maquina-paneladora-multiplex-2","status":"publish","type":"product","link":"https:\/\/www.sertam.it\/es\/prodotto\/maquina-paneladora-multiplex-2\/","title":{"rendered":"M\u00c1QUINA PANELADORA MULTIPLEX"},"content":{"rendered":"<div class=\"vgblk-rw-wrapper limit-wrapper\">\n<p>Decorador semiautom\u00e1tica para serigraf\u00eda plana, completa con mesa deslizante.<br \/>\nDecorador semiautom\u00e1tico para serigraf\u00eda plana.<br \/>\nCiclo de trabajo compuesto por:<br \/>\nFase de carga del material a imprimir en la superficie deslizante;<br \/>\nTraslaci\u00f3n de la mesa al \u00e1rea de impresi\u00f3n;<br \/>\nImpresi\u00f3n del material;<br \/>\nSalida de mesa para la fase de descarga de material mediante remolque con inversor.<br \/>\nSolo se requiere un operador para operar la m\u00e1quina a la velocidad m\u00e1xima.<br \/>\nLos ajustes de cambio de formato se pueden realizar mediante perillas.<br \/>\nEstructura de soporte de la m\u00e1quina en tubo de acero pintado.<br \/>\nSoporte sobre 4 pies regulables con posibilidad de fijaci\u00f3n al suelo con tacos de expansi\u00f3n para una \u00f3ptima estabilidad.<br \/>\nInicio autom\u00e1tico del ciclo de trabajo.<br \/>\nElevaci\u00f3n de la pantalla, desde la superficie de impresi\u00f3n, con la ayuda de 2 cilindros neum\u00e1ticos.<br \/>\nFunci\u00f3n de desprendimiento progresivo de la pantalla de serigraf\u00eda durante la fase de escritura. Activaci\u00f3n o desactivaci\u00f3n de la funci\u00f3n desde el terminal.<br \/>\nBloqueo de pantalla mediante 4 pomos y 4 cilindros neum\u00e1ticos.<br \/>\nVelocidad de aplicaci\u00f3n del esmalte y decoraci\u00f3n regulable por separado mediante potenci\u00f3metros; Conducir con inversor.<br \/>\nDecoraci\u00f3n neum\u00e1tica con 4 cilindros.<br \/>\nCarrera del carro esp\u00e1tula regulable desde el terminal, con funci\u00f3n \u00abautoaprendizaje\u00bb.<br \/>\nGesti\u00f3n electr\u00f3nica por PLC \u2013 Terminal de pantalla t\u00e1ctil.<br \/>\nRecuento de piezas producidas.<\/p>\n<\/div>\n<p><!-- .vgblk-rw-wrapper --><\/p>\n","protected":false},"excerpt":{"rendered":"<p>Decorador semiautom\u00e1tica para serigraf\u00eda plana, completa con mesa deslizante. Decorador semiautom\u00e1tico para serigraf\u00eda plana. Ciclo de trabajo compuesto por: Fase de carga del material a imprimir en la superficie deslizante; Traslaci\u00f3n de la mesa al \u00e1rea de impresi\u00f3n; Impresi\u00f3n del material; Salida de mesa para la fase de descarga de material mediante remolque con inversor&#8230;.<\/p>\n","protected":false},"featured_media":3519,"template":"","meta":[],"product_brand":[],"product_cat":[113,180],"product_tag":[],"class_list":{"0":"post-3845","1":"product","2":"type-product","3":"status-publish","4":"has-post-thumbnail","6":"product_cat-accessorios-para-la-linea-de-tercer-fuego","7":"product_cat-decoradores-supremos","9":"first","10":"instock","11":"shipping-taxable","12":"product-type-simple"},"_links":{"self":[{"href":"https:\/\/www.sertam.it\/es\/wp-json\/wp\/v2\/product\/3845","targetHints":{"allow":["GET"]}}],"collection":[{"href":"https:\/\/www.sertam.it\/es\/wp-json\/wp\/v2\/product"}],"about":[{"href":"https:\/\/www.sertam.it\/es\/wp-json\/wp\/v2\/types\/product"}],"wp:featuredmedia":[{"embeddable":true,"href":"https:\/\/www.sertam.it\/es\/wp-json\/wp\/v2\/media\/3519"}],"wp:attachment":[{"href":"https:\/\/www.sertam.it\/es\/wp-json\/wp\/v2\/media?parent=3845"}],"wp:term":[{"taxonomy":"product_brand","embeddable":true,"href":"https:\/\/www.sertam.it\/es\/wp-json\/wp\/v2\/product_brand?post=3845"},{"taxonomy":"product_cat","embeddable":true,"href":"https:\/\/www.sertam.it\/es\/wp-json\/wp\/v2\/product_cat?post=3845"},{"taxonomy":"product_tag","embeddable":true,"href":"https:\/\/www.sertam.it\/es\/wp-json\/wp\/v2\/product_tag?post=3845"}],"curies":[{"name":"wp","href":"https:\/\/api.w.org\/{rel}","templated":true}]}}