{"id":3850,"date":"2019-09-19T11:25:05","date_gmt":"2019-09-19T09:25:05","guid":{"rendered":"http:\/\/smartwebmo.cloud:74\/sertam2020\/prodotto\/trg-tf-granilla\/"},"modified":"2019-09-19T11:25:05","modified_gmt":"2019-09-19T09:25:05","slug":"trg-tf-granilla","status":"publish","type":"product","link":"https:\/\/www.sertam.it\/es\/prodotto\/trg-tf-granilla\/","title":{"rendered":"TRG-TF GRANILLA"},"content":{"rendered":"<div class=\"vgblk-rw-wrapper limit-wrapper\">\n<p>M\u00e1quina para la decoraci\u00f3n de cer\u00e1mica en tercer fuego, bicocci\u00f3n y lastras de vidrio.<br \/>\nCompleta de grupo tanque de alimentacion granilla.<br \/>\nDecoraci\u00f3n longitudinal respecto a la direcci\u00f3n de marcha del material con el movimiento sobre gu\u00edas lineales.<br \/>\nPosicionamiento del material remolcando la l\u00ednea de producci\u00f3n.<br \/>\nM\u00e1quina equipada con tope mec\u00e1nico.<br \/>\nGesti\u00f3n electr\u00f3nica en tres versiones:<br \/>\ncon PLC OMRON<br \/>\ncon PLC SCHNEIDER<br \/>\ncon PLC RENESAS 32 Bit<\/p>\n<table style=\"height: 403px;\" width=\"803\">\n<tbody>\n<tr>\n<th style=\"text-align: center;\" width=\"400\">MODEL<\/th>\n<th style=\"text-align: center;\" width=\"400\">MIN. SIZE<\/th>\n<th style=\"text-align: center;\" width=\"400\">MAX. SIZE<\/th>\n<\/tr>\n<tr>\n<td style=\"text-align: center;\">15\/45<\/td>\n<td style=\"text-align: center;\">100&#215;100 mm<\/td>\n<td style=\"text-align: center;\">450&#215;450 mm<\/td>\n<\/tr>\n<tr>\n<td style=\"text-align: center;\">20\/60<\/td>\n<td style=\"text-align: center;\">200&#215;200 mm<\/td>\n<td style=\"text-align: center;\">600&#215;600 mm<\/td>\n<\/tr>\n<tr>\n<td style=\"text-align: center;\">60\/70<\/td>\n<td style=\"text-align: center;\">100&#215;100 mm<\/td>\n<td style=\"text-align: center;\">600&#215;700 mm<\/td>\n<\/tr>\n<tr>\n<td style=\"text-align: center;\">45\/70<\/td>\n<td style=\"text-align: center;\">200&#215;200 mm<\/td>\n<td style=\"text-align: center;\">450&#215;450 mm<\/td>\n<\/tr>\n<tr>\n<td style=\"text-align: center;\">60\/90<\/td>\n<td style=\"text-align: center;\">200&#215;200 mm<\/td>\n<td style=\"text-align: center;\">660&#215;660 mm<\/td>\n<\/tr>\n<tr>\n<td style=\"text-align: center;\">90\/90<\/td>\n<td style=\"text-align: center;\">200&#215;200 mm<\/td>\n<td style=\"text-align: center;\">900&#215;900 mm<\/td>\n<\/tr>\n<tr>\n<td style=\"text-align: center;\">60\/120<\/td>\n<td style=\"text-align: center;\">200&#215;200 mm<\/td>\n<td style=\"text-align: center;\">450&#215;450 mm<\/td>\n<\/tr>\n<tr>\n<td style=\"text-align: center;\">100\/100<\/td>\n<td style=\"text-align: center;\">200&#215;200 mm<\/td>\n<td style=\"text-align: center;\">660&#215;660 mm<\/td>\n<\/tr>\n<tr>\n<td style=\"text-align: center;\">100\/120<\/td>\n<td style=\"text-align: center;\">200&#215;200 mm<\/td>\n<td style=\"text-align: center;\">900&#215;900 mm<\/td>\n<\/tr>\n<tr>\n<td style=\"text-align: center;\">120\/120<\/td>\n<td style=\"text-align: center;\">200&#215;200 mm<\/td>\n<td style=\"text-align: center;\">450&#215;450 mm<\/td>\n<\/tr>\n<tr>\n<td style=\"text-align: center;\">60\/150<\/td>\n<td style=\"text-align: center;\">200&#215;200 mm<\/td>\n<td style=\"text-align: center;\">600&#215;1500 mm<\/td>\n<\/tr>\n<tr>\n<td style=\"text-align: center;\">150\/300<\/td>\n<td style=\"text-align: center;\">500&#215;500 mm<\/td>\n<td style=\"text-align: center;\">1500&#215;3000 mm<\/td>\n<\/tr>\n<\/tbody>\n<\/table>\n<\/div>\n<p><!-- .vgblk-rw-wrapper --><\/p>\n","protected":false},"excerpt":{"rendered":"<p>M\u00e1quina para la decoraci\u00f3n de cer\u00e1mica en tercer fuego, bicocci\u00f3n y lastras de vidrio. Completa de grupo tanque de alimentacion granilla. Decoraci\u00f3n longitudinal respecto a la direcci\u00f3n de marcha del material con el movimiento sobre gu\u00edas lineales. Posicionamiento del material remolcando la l\u00ednea de producci\u00f3n. M\u00e1quina equipada con tope mec\u00e1nico. Gesti\u00f3n electr\u00f3nica en tres versiones:&#8230;<\/p>\n","protected":false},"featured_media":3532,"template":"","meta":[],"product_brand":[],"product_cat":[113,180],"product_tag":[],"class_list":{"0":"post-3850","1":"product","2":"type-product","3":"status-publish","4":"has-post-thumbnail","6":"product_cat-accessorios-para-la-linea-de-tercer-fuego","7":"product_cat-decoradores-supremos","9":"first","10":"instock","11":"shipping-taxable","12":"product-type-simple"},"_links":{"self":[{"href":"https:\/\/www.sertam.it\/es\/wp-json\/wp\/v2\/product\/3850","targetHints":{"allow":["GET"]}}],"collection":[{"href":"https:\/\/www.sertam.it\/es\/wp-json\/wp\/v2\/product"}],"about":[{"href":"https:\/\/www.sertam.it\/es\/wp-json\/wp\/v2\/types\/product"}],"wp:featuredmedia":[{"embeddable":true,"href":"https:\/\/www.sertam.it\/es\/wp-json\/wp\/v2\/media\/3532"}],"wp:attachment":[{"href":"https:\/\/www.sertam.it\/es\/wp-json\/wp\/v2\/media?parent=3850"}],"wp:term":[{"taxonomy":"product_brand","embeddable":true,"href":"https:\/\/www.sertam.it\/es\/wp-json\/wp\/v2\/product_brand?post=3850"},{"taxonomy":"product_cat","embeddable":true,"href":"https:\/\/www.sertam.it\/es\/wp-json\/wp\/v2\/product_cat?post=3850"},{"taxonomy":"product_tag","embeddable":true,"href":"https:\/\/www.sertam.it\/es\/wp-json\/wp\/v2\/product_tag?post=3850"}],"curies":[{"name":"wp","href":"https:\/\/api.w.org\/{rel}","templated":true}]}}