{"id":3860,"date":"2019-09-19T11:23:43","date_gmt":"2019-09-19T09:23:43","guid":{"rendered":"http:\/\/smartwebmo.cloud:74\/sertam2020\/prodotto\/k\/"},"modified":"2019-09-19T11:23:43","modified_gmt":"2019-09-19T09:23:43","slug":"k","status":"publish","type":"product","link":"https:\/\/www.sertam.it\/es\/prodotto\/k\/","title":{"rendered":"K"},"content":{"rendered":"<div class=\"vgblk-rw-wrapper limit-wrapper\">\n<p>M\u00e1quinas para la decoraci\u00f3n de tejas monococci\u00f3n, doble fuego y tercer fuego.<br \/>\nDecoraci\u00f3n longitudinal con biela orientada en el sentido de avance de las tejas.<br \/>\nAvance y posicionamiento de las tejas mediante correas laterales gestionadas por motores paso a paso o motores brushless.<br \/>\nGesti\u00f3n electr\u00f3nica en tres versiones:<br \/>\ncon PLC OMRON<br \/>\ncon PLC SCHNEIDER<br \/>\ncon PLC RENESAS<\/p>\n<table>\n<tbody>\n<tr>\n<th style=\"text-align: center;\" width=\"400\">MODEL<\/th>\n<th style=\"text-align: center;\" width=\"400\">MIN. SIZE<\/th>\n<th style=\"text-align: center;\" width=\"400\">MAX. SIZE<\/th>\n<\/tr>\n<tr>\n<td style=\"text-align: center;\">10\/45<\/td>\n<td style=\"text-align: center;\">100&#215;100 mm<\/td>\n<td style=\"text-align: center;\">450&#215;450 mm<\/td>\n<\/tr>\n<tr>\n<td style=\"text-align: center;\">20\/60<\/td>\n<td style=\"text-align: center;\">200X200 mm<\/td>\n<td style=\"text-align: center;\">600&#215;600 mm<\/td>\n<\/tr>\n<tr>\n<td style=\"text-align: center;\">60\/90<\/td>\n<td style=\"text-align: center;\">200X200 mm<\/td>\n<td style=\"text-align: center;\">600&#215;900 mm<\/td>\n<\/tr>\n<\/tbody>\n<\/table>\n<\/div>\n<p><!-- .vgblk-rw-wrapper --><\/p>\n","protected":false},"excerpt":{"rendered":"<p>M\u00e1quinas para la decoraci\u00f3n de tejas monococci\u00f3n, doble fuego y tercer fuego. Decoraci\u00f3n longitudinal con biela orientada en el sentido de avance de las tejas. Avance y posicionamiento de las tejas mediante correas laterales gestionadas por motores paso a paso o motores brushless. Gesti\u00f3n electr\u00f3nica en tres versiones: con PLC OMRON con PLC SCHNEIDER con&#8230;<\/p>\n","protected":false},"featured_media":3558,"template":"","meta":[],"product_brand":[],"product_cat":[113,180],"product_tag":[],"class_list":{"0":"post-3860","1":"product","2":"type-product","3":"status-publish","4":"has-post-thumbnail","6":"product_cat-accessorios-para-la-linea-de-tercer-fuego","7":"product_cat-decoradores-supremos","9":"first","10":"instock","11":"shipping-taxable","12":"product-type-simple"},"_links":{"self":[{"href":"https:\/\/www.sertam.it\/es\/wp-json\/wp\/v2\/product\/3860","targetHints":{"allow":["GET"]}}],"collection":[{"href":"https:\/\/www.sertam.it\/es\/wp-json\/wp\/v2\/product"}],"about":[{"href":"https:\/\/www.sertam.it\/es\/wp-json\/wp\/v2\/types\/product"}],"wp:featuredmedia":[{"embeddable":true,"href":"https:\/\/www.sertam.it\/es\/wp-json\/wp\/v2\/media\/3558"}],"wp:attachment":[{"href":"https:\/\/www.sertam.it\/es\/wp-json\/wp\/v2\/media?parent=3860"}],"wp:term":[{"taxonomy":"product_brand","embeddable":true,"href":"https:\/\/www.sertam.it\/es\/wp-json\/wp\/v2\/product_brand?post=3860"},{"taxonomy":"product_cat","embeddable":true,"href":"https:\/\/www.sertam.it\/es\/wp-json\/wp\/v2\/product_cat?post=3860"},{"taxonomy":"product_tag","embeddable":true,"href":"https:\/\/www.sertam.it\/es\/wp-json\/wp\/v2\/product_tag?post=3860"}],"curies":[{"name":"wp","href":"https:\/\/api.w.org\/{rel}","templated":true}]}}