{"id":3863,"date":"2019-09-19T11:23:23","date_gmt":"2019-09-19T09:23:23","guid":{"rendered":"http:\/\/smartwebmo.cloud:74\/sertam2020\/prodotto\/supreme-f-trg-granilla\/"},"modified":"2019-09-19T11:23:23","modified_gmt":"2019-09-19T09:23:23","slug":"supreme-f-trg-granilla","status":"publish","type":"product","link":"https:\/\/www.sertam.it\/es\/prodotto\/supreme-f-trg-granilla\/","title":{"rendered":"SUPREME F-TRG GRANILLA"},"content":{"rendered":"<div class=\"vgblk-rw-wrapper limit-wrapper\">\n<figure class=\"wp-block-embed wp-block-embed-youtube is-type-video is-provider-youtube epyt-figure\"><div class=\"wp-block-embed__wrapper\"><iframe loading=\"lazy\"  id=\"_ytid_25368\"  width=\"630\" height=\"300\"  data-origwidth=\"630\" data-origheight=\"300\" src=\"https:\/\/www.youtube.com\/embed\/CjGFJaOwZfM?enablejsapi=1&autoplay=0&cc_load_policy=0&cc_lang_pref=&iv_load_policy=3&loop=1&playlist=CjGFJaOwZfM&rel=1&fs=1&playsinline=0&autohide=2&theme=dark&color=red&controls=1&\" class=\"__youtube_prefs__  no-lazyload\" title=\"YouTube player\"  allow=\"fullscreen; accelerometer; autoplay; clipboard-write; encrypted-media; gyroscope; picture-in-picture\" allowfullscreen data-no-lazy=\"1\" data-skipgform_ajax_framebjll=\"\"><\/iframe><\/div><\/figure>\n<p>&nbsp;<\/p>\n<p>M\u00e1quina para la decoraci\u00f3n de cer\u00e1mica en monococci\u00f3n, bicocci\u00f3n, porcel\u00e1nico y lastras de vidrio.<br \/>\nCompleta de grupo tanque de alimentacion granilla.<br \/>\nDecoraci\u00f3n longitudinal respecto a la direcci\u00f3n de marcha del material con el movimiento sobre gu\u00edas lineales.<br \/>\nUnidad de accionamiento integrado, avance del material por medio de correas dentatas anti deslizamiento, accionadas por motor el\u00e9ctrico y inverter OMRON.<br \/>\nM\u00e1quina equipada con tope mec\u00e1nico.<br \/>\nGesti\u00f3n electr\u00f3nica en tres versiones:<br \/>\ncon PLC OMRON<br \/>\ncon PLC SCHNEIDER<br \/>\ncon PLC RENESAS 32 Bit<\/p>\n<table style=\"height: 403px;\" width=\"803\">\n<tbody>\n<tr>\n<th style=\"text-align: center;\" width=\"400\">MODEL<\/th>\n<th style=\"text-align: center;\" width=\"400\">MIN. SIZE<\/th>\n<th style=\"text-align: center;\" width=\"400\">MAX. SIZE<\/th>\n<\/tr>\n<tr>\n<td style=\"text-align: center;\">15\/45<\/td>\n<td style=\"text-align: center;\">100&#215;100 mm<\/td>\n<td style=\"text-align: center;\">450&#215;450 mm<\/td>\n<\/tr>\n<tr>\n<td style=\"text-align: center;\">20\/60<\/td>\n<td style=\"text-align: center;\">200&#215;200 mm<\/td>\n<td style=\"text-align: center;\">600&#215;600 mm<\/td>\n<\/tr>\n<tr>\n<td style=\"text-align: center;\">60\/70<\/td>\n<td style=\"text-align: center;\">200&#215;200 mm<\/td>\n<td style=\"text-align: center;\">600&#215;700 mm<\/td>\n<\/tr>\n<tr>\n<td style=\"text-align: center;\">45\/70<\/td>\n<td style=\"text-align: center;\">200&#215;200 mm<\/td>\n<td style=\"text-align: center;\">450&#215;700 mm<\/td>\n<\/tr>\n<tr>\n<td style=\"text-align: center;\">60\/90<\/td>\n<td style=\"text-align: center;\">200&#215;200 mm<\/td>\n<td style=\"text-align: center;\">600&#215;900 mm<\/td>\n<\/tr>\n<tr>\n<td style=\"text-align: center;\">90\/90<\/td>\n<td style=\"text-align: center;\">200&#215;200 mm<\/td>\n<td style=\"text-align: center;\">900&#215;900 mm<\/td>\n<\/tr>\n<tr>\n<td style=\"text-align: center;\">60\/120<\/td>\n<td style=\"text-align: center;\">200&#215;200 mm<\/td>\n<td style=\"text-align: center;\">600&#215;1200 mm<\/td>\n<\/tr>\n<tr>\n<td style=\"text-align: center;\">100\/100<\/td>\n<td style=\"text-align: center;\">200&#215;200 mm<\/td>\n<td style=\"text-align: center;\">1000&#215;1000 mm<\/td>\n<\/tr>\n<tr>\n<td style=\"text-align: center;\">100\/120<\/td>\n<td style=\"text-align: center;\">200&#215;200 mm<\/td>\n<td style=\"text-align: center;\">1000&#215;1200 mm<\/td>\n<\/tr>\n<tr>\n<td style=\"text-align: center;\">120\/120<\/td>\n<td style=\"text-align: center;\">200&#215;200 mm<\/td>\n<td style=\"text-align: center;\">1200&#215;1200 mm<\/td>\n<\/tr>\n<tr>\n<td style=\"text-align: center;\">60\/150<\/td>\n<td style=\"text-align: center;\">200&#215;200 mm<\/td>\n<td style=\"text-align: center;\">600&#215;1500 mm<\/td>\n<\/tr>\n<tr>\n<td style=\"text-align: center;\">150\/300<\/td>\n<td style=\"text-align: center;\">500&#215;500 mm<\/td>\n<td style=\"text-align: center;\">1500&#215;3000 mm<\/td>\n<\/tr>\n<\/tbody>\n<\/table>\n<\/div>\n<p><!-- .vgblk-rw-wrapper --><\/p>\n","protected":false},"excerpt":{"rendered":"<p>&nbsp; M\u00e1quina para la decoraci\u00f3n de cer\u00e1mica en monococci\u00f3n, bicocci\u00f3n, porcel\u00e1nico y lastras de vidrio. Completa de grupo tanque de alimentacion granilla. Decoraci\u00f3n longitudinal respecto a la direcci\u00f3n de marcha del material con el movimiento sobre gu\u00edas lineales. Unidad de accionamiento integrado, avance del material por medio de correas dentatas anti deslizamiento, accionadas por motor&#8230;<\/p>\n","protected":false},"featured_media":2710,"template":"","meta":[],"product_brand":[],"product_cat":[113,180],"product_tag":[],"class_list":{"0":"post-3863","1":"product","2":"type-product","3":"status-publish","4":"has-post-thumbnail","6":"product_cat-accessorios-para-la-linea-de-tercer-fuego","7":"product_cat-decoradores-supremos","9":"first","10":"instock","11":"shipping-taxable","12":"product-type-simple"},"_links":{"self":[{"href":"https:\/\/www.sertam.it\/es\/wp-json\/wp\/v2\/product\/3863","targetHints":{"allow":["GET"]}}],"collection":[{"href":"https:\/\/www.sertam.it\/es\/wp-json\/wp\/v2\/product"}],"about":[{"href":"https:\/\/www.sertam.it\/es\/wp-json\/wp\/v2\/types\/product"}],"wp:featuredmedia":[{"embeddable":true,"href":"https:\/\/www.sertam.it\/es\/wp-json\/wp\/v2\/media\/2710"}],"wp:attachment":[{"href":"https:\/\/www.sertam.it\/es\/wp-json\/wp\/v2\/media?parent=3863"}],"wp:term":[{"taxonomy":"product_brand","embeddable":true,"href":"https:\/\/www.sertam.it\/es\/wp-json\/wp\/v2\/product_brand?post=3863"},{"taxonomy":"product_cat","embeddable":true,"href":"https:\/\/www.sertam.it\/es\/wp-json\/wp\/v2\/product_cat?post=3863"},{"taxonomy":"product_tag","embeddable":true,"href":"https:\/\/www.sertam.it\/es\/wp-json\/wp\/v2\/product_tag?post=3863"}],"curies":[{"name":"wp","href":"https:\/\/api.w.org\/{rel}","templated":true}]}}