{"id":3871,"date":"2019-09-19T11:12:49","date_gmt":"2019-09-19T09:12:49","guid":{"rendered":"http:\/\/smartwebmo.cloud:74\/sertam2020\/prodotto\/cabina-de-laboratorio\/"},"modified":"2019-09-19T11:12:49","modified_gmt":"2019-09-19T09:12:49","slug":"cabina-de-laboratorio","status":"publish","type":"product","link":"https:\/\/www.sertam.it\/es\/prodotto\/cabina-de-laboratorio\/","title":{"rendered":"CABINA DE LABORATORIO"},"content":{"rendered":"<div class=\"vgblk-rw-wrapper limit-wrapper\">\n<p>Cabina de laboratorio en acero inoxidable AISI 304 compuesta por un sistema de recirculaci\u00f3n de agua con boquillas para supresi\u00f3n de polvo que forman un velo de agua en el interior de la cabina.<\/p>\n<p>Cabina completa con:<\/p>\n<p>Ventilador helicoidal de 0,37 kW para succi\u00f3n;<\/p>\n<p>Bomba de recirculaci\u00f3n de agua 0,75 kW;<\/p>\n<p>Luz de ne\u00f3n interna;<\/p>\n<p>Panel de control para encender el ventilador y la luz de la bomba.<\/p>\n<\/div>\n<p><!-- .vgblk-rw-wrapper --><\/p>\n","protected":false},"excerpt":{"rendered":"<p>Cabina de laboratorio en acero inoxidable AISI 304 compuesta por un sistema de recirculaci\u00f3n de agua con boquillas para supresi\u00f3n de polvo que forman un velo de agua en el interior de la cabina. Cabina completa con: Ventilador helicoidal de 0,37 kW para succi\u00f3n; Bomba de recirculaci\u00f3n de agua 0,75 kW; Luz de ne\u00f3n interna;&#8230;<\/p>\n","protected":false},"featured_media":4503,"template":"","meta":[],"product_brand":[],"product_cat":[105],"product_tag":[],"class_list":{"0":"post-3871","1":"product","2":"type-product","3":"status-publish","4":"has-post-thumbnail","6":"product_cat-accesorios-para-la-linea-de-esmaltado","8":"first","9":"instock","10":"shipping-taxable","11":"product-type-simple"},"_links":{"self":[{"href":"https:\/\/www.sertam.it\/es\/wp-json\/wp\/v2\/product\/3871","targetHints":{"allow":["GET"]}}],"collection":[{"href":"https:\/\/www.sertam.it\/es\/wp-json\/wp\/v2\/product"}],"about":[{"href":"https:\/\/www.sertam.it\/es\/wp-json\/wp\/v2\/types\/product"}],"wp:featuredmedia":[{"embeddable":true,"href":"https:\/\/www.sertam.it\/es\/wp-json\/wp\/v2\/media\/4503"}],"wp:attachment":[{"href":"https:\/\/www.sertam.it\/es\/wp-json\/wp\/v2\/media?parent=3871"}],"wp:term":[{"taxonomy":"product_brand","embeddable":true,"href":"https:\/\/www.sertam.it\/es\/wp-json\/wp\/v2\/product_brand?post=3871"},{"taxonomy":"product_cat","embeddable":true,"href":"https:\/\/www.sertam.it\/es\/wp-json\/wp\/v2\/product_cat?post=3871"},{"taxonomy":"product_tag","embeddable":true,"href":"https:\/\/www.sertam.it\/es\/wp-json\/wp\/v2\/product_tag?post=3871"}],"curies":[{"name":"wp","href":"https:\/\/api.w.org\/{rel}","templated":true}]}}