{"id":3932,"date":"2019-09-19T11:10:33","date_gmt":"2019-09-19T09:10:33","guid":{"rendered":"http:\/\/smartwebmo.cloud:74\/sertam2020\/prodotto\/grupo-de-remolque-lineas-de-esmaltado\/"},"modified":"2019-09-19T11:10:33","modified_gmt":"2019-09-19T09:10:33","slug":"grupo-de-remolque-lineas-de-esmaltado","status":"publish","type":"product","link":"https:\/\/www.sertam.it\/es\/prodotto\/grupo-de-remolque-lineas-de-esmaltado\/","title":{"rendered":"GRUPO DE REMOLQUE LINEAS DE ESMALTADO"},"content":{"rendered":"<div class=\"vgblk-rw-wrapper limit-wrapper\">\n<p>Grupo de remolque l\u00ednea de esmaltado con motorreductor.<br \/>\nTransmisi\u00f3n motorreductor poleas cig\u00fce\u00f1al directo o con acoplamiento el\u00e1stico.<br \/>\nControl mediante inversor.<\/p>\n<\/div>\n<p><!-- .vgblk-rw-wrapper --><\/p>\n","protected":false},"excerpt":{"rendered":"<p>Grupo de remolque l\u00ednea de esmaltado con motorreductor. Transmisi\u00f3n motorreductor poleas cig\u00fce\u00f1al directo o con acoplamiento el\u00e1stico. Control mediante inversor.<\/p>\n","protected":false},"featured_media":2649,"template":"","meta":[],"product_brand":[],"product_cat":[105],"product_tag":[],"class_list":{"0":"post-3932","1":"product","2":"type-product","3":"status-publish","4":"has-post-thumbnail","6":"product_cat-accesorios-para-la-linea-de-esmaltado","8":"first","9":"instock","10":"shipping-taxable","11":"product-type-simple"},"_links":{"self":[{"href":"https:\/\/www.sertam.it\/es\/wp-json\/wp\/v2\/product\/3932","targetHints":{"allow":["GET"]}}],"collection":[{"href":"https:\/\/www.sertam.it\/es\/wp-json\/wp\/v2\/product"}],"about":[{"href":"https:\/\/www.sertam.it\/es\/wp-json\/wp\/v2\/types\/product"}],"wp:featuredmedia":[{"embeddable":true,"href":"https:\/\/www.sertam.it\/es\/wp-json\/wp\/v2\/media\/2649"}],"wp:attachment":[{"href":"https:\/\/www.sertam.it\/es\/wp-json\/wp\/v2\/media?parent=3932"}],"wp:term":[{"taxonomy":"product_brand","embeddable":true,"href":"https:\/\/www.sertam.it\/es\/wp-json\/wp\/v2\/product_brand?post=3932"},{"taxonomy":"product_cat","embeddable":true,"href":"https:\/\/www.sertam.it\/es\/wp-json\/wp\/v2\/product_cat?post=3932"},{"taxonomy":"product_tag","embeddable":true,"href":"https:\/\/www.sertam.it\/es\/wp-json\/wp\/v2\/product_tag?post=3932"}],"curies":[{"name":"wp","href":"https:\/\/api.w.org\/{rel}","templated":true}]}}