{"id":3947,"date":"2019-09-19T11:09:47","date_gmt":"2019-09-19T09:09:47","guid":{"rendered":"http:\/\/smartwebmo.cloud:74\/sertam2020\/prodotto\/green-blow-ventilador-centrifugo\/"},"modified":"2019-09-19T11:09:47","modified_gmt":"2019-09-19T09:09:47","slug":"green-blow-ventilador-centrifugo","status":"publish","type":"product","link":"https:\/\/www.sertam.it\/es\/prodotto\/green-blow-ventilador-centrifugo\/","title":{"rendered":"GREEN BLOW \u2013 VENTILADOR CENTR\u00cdFUGO"},"content":{"rendered":"<div class=\"vgblk-rw-wrapper limit-wrapper\">\n<p>Green Blow es el nuevo ventilador centr\u00edfugo especialmente dise\u00f1ado para su uso en l\u00edneas cer\u00e1micas, en particular para limpiar y enfriar las baldosas en la entrada de las m\u00e1quinas digital.<\/p>\n<p>Green Blow tambi\u00e9n se puede utilizar en otros sectores industriales donde es necesario enfriar o limpiar paquetes u otros objetos y dispositivos.<\/p>\n<table style=\"height: 403px;\" width=\"803\">\n<tbody>\n<tr>\n<th style=\"text-align: center;\" width=\"400\">MODEL<\/th>\n<th style=\"text-align: center;\" width=\"400\">AIRBLADE<\/th>\n<\/tr>\n<tr>\n<td style=\"text-align: center;\">185<\/td>\n<td style=\"text-align: center;\">185 mm<\/td>\n<\/tr>\n<tr>\n<td style=\"text-align: center;\">245<\/td>\n<td style=\"text-align: center;\">245 mm<\/td>\n<\/tr>\n<tr>\n<td style=\"text-align: center;\">450<\/td>\n<td style=\"text-align: center;\">450 mm<\/td>\n<\/tr>\n<tr>\n<td style=\"text-align: center;\">620<\/td>\n<td style=\"text-align: center;\">620 mm<\/td>\n<\/tr>\n<\/tbody>\n<\/table>\n<\/div>\n<p><!-- .vgblk-rw-wrapper --><\/p>\n","protected":false},"excerpt":{"rendered":"<p>Green Blow es el nuevo ventilador centr\u00edfugo especialmente dise\u00f1ado para su uso en l\u00edneas cer\u00e1micas, en particular para limpiar y enfriar las baldosas en la entrada de las m\u00e1quinas digital. Green Blow tambi\u00e9n se puede utilizar en otros sectores industriales donde es necesario enfriar o limpiar paquetes u otros objetos y dispositivos. MODEL AIRBLADE 185&#8230;<\/p>\n","protected":false},"featured_media":2660,"template":"","meta":[],"product_brand":[],"product_cat":[105],"product_tag":[],"class_list":{"0":"post-3947","1":"product","2":"type-product","3":"status-publish","4":"has-post-thumbnail","6":"product_cat-accesorios-para-la-linea-de-esmaltado","8":"first","9":"instock","10":"shipping-taxable","11":"product-type-simple"},"_links":{"self":[{"href":"https:\/\/www.sertam.it\/es\/wp-json\/wp\/v2\/product\/3947","targetHints":{"allow":["GET"]}}],"collection":[{"href":"https:\/\/www.sertam.it\/es\/wp-json\/wp\/v2\/product"}],"about":[{"href":"https:\/\/www.sertam.it\/es\/wp-json\/wp\/v2\/types\/product"}],"wp:featuredmedia":[{"embeddable":true,"href":"https:\/\/www.sertam.it\/es\/wp-json\/wp\/v2\/media\/2660"}],"wp:attachment":[{"href":"https:\/\/www.sertam.it\/es\/wp-json\/wp\/v2\/media?parent=3947"}],"wp:term":[{"taxonomy":"product_brand","embeddable":true,"href":"https:\/\/www.sertam.it\/es\/wp-json\/wp\/v2\/product_brand?post=3947"},{"taxonomy":"product_cat","embeddable":true,"href":"https:\/\/www.sertam.it\/es\/wp-json\/wp\/v2\/product_cat?post=3947"},{"taxonomy":"product_tag","embeddable":true,"href":"https:\/\/www.sertam.it\/es\/wp-json\/wp\/v2\/product_tag?post=3947"}],"curies":[{"name":"wp","href":"https:\/\/api.w.org\/{rel}","templated":true}]}}