{"id":3952,"date":"2019-09-19T11:09:20","date_gmt":"2019-09-19T09:09:20","guid":{"rendered":"http:\/\/smartwebmo.cloud:74\/sertam2020\/prodotto\/separador-de-hierro-2\/"},"modified":"2019-09-19T11:09:20","modified_gmt":"2019-09-19T09:09:20","slug":"separador-de-hierro-2","status":"publish","type":"product","link":"https:\/\/www.sertam.it\/es\/prodotto\/separador-de-hierro-2\/","title":{"rendered":"SEPARADOR DE HIERRO PARA BARBOTTINA DE C\u00c9RAMICA."},"content":{"rendered":"<div class=\"vgblk-rw-wrapper limit-wrapper\">\n<p>Separador de hierro para barbottina de c\u00e9ramica compuesto de:<br \/>\nPoder magn\u00e9tico de los rodillos: 16.000 gauss en campo cerrado;<br \/>\nMaterial de construcci\u00f3n del im\u00e1n: neodimio hierro boro;<br \/>\nRevestimiento exterior de los rodillos: en acero inoxidable AISI 304;<br \/>\nPotencia el\u00e9ctrica instalada: 0,55 kW;<br \/>\nFuente de alimentaci\u00f3n: 230 \/ 400V 50\/60 Hz;<br \/>\nCajas de engranajes helicoidales con carcasa de aluminio con recubrimiento en polvo;<br \/>\nPanel de control el\u00e9ctrico para instalar en la pared;<br \/>\nImpermeabilidad: IP65;<br \/>\nEstructura y cuerpo de la m\u00e1quina: chapa doblada en acero inoxidable AISI 304 micro-arenado;<br \/>\nTapas de contenci\u00f3n para zona de rodillos y carcasa de protecci\u00f3n de motorizaci\u00f3n en ABS termoformado negro;<br \/>\nCaudal m\u00e1ximo recomendado: 18 Mt3 \/ h. (18.000 lt.\/h);<br \/>\nTemperatura m\u00e1xima de uso: 85 \u00b0 C.<\/p>\n<\/div>\n<p><!-- .vgblk-rw-wrapper --><\/p>\n","protected":false},"excerpt":{"rendered":"<p>Separador de hierro para barbottina de c\u00e9ramica compuesto de: Poder magn\u00e9tico de los rodillos: 16.000 gauss en campo cerrado; Material de construcci\u00f3n del im\u00e1n: neodimio hierro boro; Revestimiento exterior de los rodillos: en acero inoxidable AISI 304; Potencia el\u00e9ctrica instalada: 0,55 kW; Fuente de alimentaci\u00f3n: 230 \/ 400V 50\/60 Hz; Cajas de engranajes helicoidales con&#8230;<\/p>\n","protected":false},"featured_media":3953,"template":"","meta":[],"product_brand":[],"product_cat":[105],"product_tag":[],"class_list":{"0":"post-3952","1":"product","2":"type-product","3":"status-publish","4":"has-post-thumbnail","6":"product_cat-accesorios-para-la-linea-de-esmaltado","8":"first","9":"instock","10":"shipping-taxable","11":"product-type-simple"},"_links":{"self":[{"href":"https:\/\/www.sertam.it\/es\/wp-json\/wp\/v2\/product\/3952","targetHints":{"allow":["GET"]}}],"collection":[{"href":"https:\/\/www.sertam.it\/es\/wp-json\/wp\/v2\/product"}],"about":[{"href":"https:\/\/www.sertam.it\/es\/wp-json\/wp\/v2\/types\/product"}],"wp:featuredmedia":[{"embeddable":true,"href":"https:\/\/www.sertam.it\/es\/wp-json\/wp\/v2\/media\/3953"}],"wp:attachment":[{"href":"https:\/\/www.sertam.it\/es\/wp-json\/wp\/v2\/media?parent=3952"}],"wp:term":[{"taxonomy":"product_brand","embeddable":true,"href":"https:\/\/www.sertam.it\/es\/wp-json\/wp\/v2\/product_brand?post=3952"},{"taxonomy":"product_cat","embeddable":true,"href":"https:\/\/www.sertam.it\/es\/wp-json\/wp\/v2\/product_cat?post=3952"},{"taxonomy":"product_tag","embeddable":true,"href":"https:\/\/www.sertam.it\/es\/wp-json\/wp\/v2\/product_tag?post=3952"}],"curies":[{"name":"wp","href":"https:\/\/api.w.org\/{rel}","templated":true}]}}