{"id":3996,"date":"2019-09-19T11:07:41","date_gmt":"2019-09-19T09:07:41","guid":{"rendered":"http:\/\/smartwebmo.cloud:74\/sertam2020\/prodotto\/cabinas-de-nebulizacion\/"},"modified":"2019-09-19T11:07:41","modified_gmt":"2019-09-19T09:07:41","slug":"cabinas-de-nebulizacion","status":"publish","type":"product","link":"https:\/\/www.sertam.it\/es\/prodotto\/cabinas-de-nebulizacion\/","title":{"rendered":"CABINAS DE NEBULIZACION"},"content":{"rendered":"<div class=\"vgblk-rw-wrapper limit-wrapper\">\n<p>Cabinas de nebulizacion<\/p>\n<p>Cabinas de spray para efectos flameados con esmalte o engobe.<\/p>\n<p>Disponible en versiones con:<\/p>\n<ul>\n<li>cuadro el\u00e9ctrico con PLC y con motorreductores e inversores<\/li>\n<li>cuadro el\u00e9ctrico con PLC y con motores paso a paso<\/li>\n<\/ul>\n<p>ambas versiones pueden equiparse con 1, 2, 3, 4 o 6 motores independientes.<\/p>\n<p>&nbsp;<\/p>\n<p>DIMENSIONES M\u00c1S UTILIZADAS:<\/p>\n<ul>\n<li>Formato m\u00e1ximo 450 mm<\/li>\n<li>Formato m\u00e1ximo 660 mm<\/li>\n<li>Formato m\u00e1ximo 900 mm<\/li>\n<\/ul>\n<p>&nbsp;<\/p>\n<p>Optional: software de aer\u00f3grafo<\/p>\n<p>Software creado por Sertam para la gesti\u00f3n de las cabinas en llamas desde un PC.<\/p>\n<p>Simulaci\u00f3n por PC del proceso de decoraci\u00f3n y transmisi\u00f3n de las \u00abrecetas\u00bb en el cuadro el\u00e9ctrico (v\u00eda serie RS232).<\/p>\n<p>El software dise\u00f1ado para el sector cer\u00e1mico encuentra aplicaci\u00f3n en todos los sectores que requieren la ayuda de la decoraci\u00f3n con aer\u00f3grafo.<\/p>\n<\/div>\n<p><!-- .vgblk-rw-wrapper --><\/p>\n","protected":false},"excerpt":{"rendered":"<p>Cabinas de nebulizacion Cabinas de spray para efectos flameados con esmalte o engobe. Disponible en versiones con: cuadro el\u00e9ctrico con PLC y con motorreductores e inversores cuadro el\u00e9ctrico con PLC y con motores paso a paso ambas versiones pueden equiparse con 1, 2, 3, 4 o 6 motores independientes. &nbsp; DIMENSIONES M\u00c1S UTILIZADAS: Formato m\u00e1ximo&#8230;<\/p>\n","protected":false},"featured_media":4001,"template":"","meta":[],"product_brand":[],"product_cat":[105],"product_tag":[],"class_list":{"0":"post-3996","1":"product","2":"type-product","3":"status-publish","4":"has-post-thumbnail","6":"product_cat-accesorios-para-la-linea-de-esmaltado","8":"first","9":"instock","10":"shipping-taxable","11":"product-type-simple"},"_links":{"self":[{"href":"https:\/\/www.sertam.it\/es\/wp-json\/wp\/v2\/product\/3996","targetHints":{"allow":["GET"]}}],"collection":[{"href":"https:\/\/www.sertam.it\/es\/wp-json\/wp\/v2\/product"}],"about":[{"href":"https:\/\/www.sertam.it\/es\/wp-json\/wp\/v2\/types\/product"}],"wp:featuredmedia":[{"embeddable":true,"href":"https:\/\/www.sertam.it\/es\/wp-json\/wp\/v2\/media\/4001"}],"wp:attachment":[{"href":"https:\/\/www.sertam.it\/es\/wp-json\/wp\/v2\/media?parent=3996"}],"wp:term":[{"taxonomy":"product_brand","embeddable":true,"href":"https:\/\/www.sertam.it\/es\/wp-json\/wp\/v2\/product_brand?post=3996"},{"taxonomy":"product_cat","embeddable":true,"href":"https:\/\/www.sertam.it\/es\/wp-json\/wp\/v2\/product_cat?post=3996"},{"taxonomy":"product_tag","embeddable":true,"href":"https:\/\/www.sertam.it\/es\/wp-json\/wp\/v2\/product_tag?post=3996"}],"curies":[{"name":"wp","href":"https:\/\/api.w.org\/{rel}","templated":true}]}}