{"id":4012,"date":"2019-09-19T10:55:38","date_gmt":"2019-09-19T08:55:38","guid":{"rendered":"http:\/\/smartwebmo.cloud:74\/sertam2020\/prodotto\/bomba-electrica-para-agua-y-fijador\/"},"modified":"2019-09-19T10:55:38","modified_gmt":"2019-09-19T08:55:38","slug":"bomba-electrica-para-agua-y-fijador","status":"publish","type":"product","link":"https:\/\/www.sertam.it\/es\/prodotto\/bomba-electrica-para-agua-y-fijador\/","title":{"rendered":"BOMBA EL\u00c9CTRICA PARA AGUA Y FIJADOR"},"content":{"rendered":"<div class=\"vgblk-rw-wrapper limit-wrapper\">\n<p>La bomba airless el\u00e9ctrica para la aplicaci\u00f3n de agua y l\u00edquidos de fijaci\u00f3n compuesta por:<\/p>\n<p>Grupo de bombeo de 95 Bar con motor el\u00e9ctrico de 1,5 Kw 400V;<\/p>\n<p>Regulador de presi\u00f3n;<\/p>\n<p>4 salidas de alta presi\u00f3n;<\/p>\n<p>Filtro;<\/p>\n<p>Panel de control el\u00e9ctrico;<\/p>\n<p>Carrito.<\/p>\n<p>&nbsp;<\/p>\n<p>&nbsp;<\/p>\n<p><strong>CARACTER\u00cdSTICAS T\u00c9CNICAS<\/strong><\/p>\n<p>&nbsp;<\/p>\n<p>N\u00famero de salidas: 4<\/p>\n<p>Presi\u00f3n de funcionamiento: 10 \u00f7 40 Bar<\/p>\n<p>Presi\u00f3n m\u00e1xima: 95 Bar<\/p>\n<p>Maxima capacidad: 11 Lt\/min<\/p>\n<p>Potencia m\u00e1xima instalada: 1,5 Kw<\/p>\n<p>Voltaje: 400 V<\/p>\n<p>Frecuencia: 50\/60 Hz<\/p>\n<\/div>\n<p><!-- .vgblk-rw-wrapper --><\/p>\n","protected":false},"excerpt":{"rendered":"<p>La bomba airless el\u00e9ctrica para la aplicaci\u00f3n de agua y l\u00edquidos de fijaci\u00f3n compuesta por: Grupo de bombeo de 95 Bar con motor el\u00e9ctrico de 1,5 Kw 400V; Regulador de presi\u00f3n; 4 salidas de alta presi\u00f3n; Filtro; Panel de control el\u00e9ctrico; Carrito. &nbsp; &nbsp; CARACTER\u00cdSTICAS T\u00c9CNICAS &nbsp; N\u00famero de salidas: 4 Presi\u00f3n de funcionamiento: 10&#8230;<\/p>\n","protected":false},"featured_media":4013,"template":"","meta":[],"product_brand":[],"product_cat":[105],"product_tag":[],"class_list":{"0":"post-4012","1":"product","2":"type-product","3":"status-publish","4":"has-post-thumbnail","6":"product_cat-accesorios-para-la-linea-de-esmaltado","8":"first","9":"instock","10":"shipping-taxable","11":"product-type-simple"},"_links":{"self":[{"href":"https:\/\/www.sertam.it\/es\/wp-json\/wp\/v2\/product\/4012","targetHints":{"allow":["GET"]}}],"collection":[{"href":"https:\/\/www.sertam.it\/es\/wp-json\/wp\/v2\/product"}],"about":[{"href":"https:\/\/www.sertam.it\/es\/wp-json\/wp\/v2\/types\/product"}],"wp:featuredmedia":[{"embeddable":true,"href":"https:\/\/www.sertam.it\/es\/wp-json\/wp\/v2\/media\/4013"}],"wp:attachment":[{"href":"https:\/\/www.sertam.it\/es\/wp-json\/wp\/v2\/media?parent=4012"}],"wp:term":[{"taxonomy":"product_brand","embeddable":true,"href":"https:\/\/www.sertam.it\/es\/wp-json\/wp\/v2\/product_brand?post=4012"},{"taxonomy":"product_cat","embeddable":true,"href":"https:\/\/www.sertam.it\/es\/wp-json\/wp\/v2\/product_cat?post=4012"},{"taxonomy":"product_tag","embeddable":true,"href":"https:\/\/www.sertam.it\/es\/wp-json\/wp\/v2\/product_tag?post=4012"}],"curies":[{"name":"wp","href":"https:\/\/api.w.org\/{rel}","templated":true}]}}