{"id":4030,"date":"2019-09-19T10:51:05","date_gmt":"2019-09-19T08:51:05","guid":{"rendered":"http:\/\/smartwebmo.cloud:74\/sertam2020\/prodotto\/bomba-vertical-de-esmalte-en-acero-inoxidable\/"},"modified":"2019-09-19T10:51:05","modified_gmt":"2019-09-19T08:51:05","slug":"bomba-vertical-de-esmalte-en-acero-inoxidable","status":"publish","type":"product","link":"https:\/\/www.sertam.it\/es\/prodotto\/bomba-vertical-de-esmalte-en-acero-inoxidable\/","title":{"rendered":"BOMBA VERTICAL DE ESMALTE EN ACERO INOXIDABLE"},"content":{"rendered":"<div class=\"vgblk-rw-wrapper limit-wrapper\">\n<p>Bomba centr\u00edfuga vertical en acero inoxidable para productos esmaltados, engobes y abrasivos.<\/p>\n<p>Especialmente indicado para la alimentaci\u00f3n de Campanas, Velos, Cabinas de Disco, Engobers y para el transporte de l\u00edquidos de alta densidad, abrasivos y corrosivos incluso con s\u00f3lidos en suspensi\u00f3n, mediante acci\u00f3n de bombeo centr\u00edfugo.<\/p>\n<p>&nbsp;<\/p>\n<p>Disponible con:<\/p>\n<p>Una o dos v\u00e1lvulas de bola<\/p>\n<p>Motor el\u00e9ctrico de 48V &#8211; 230 V &#8211; 400V \/ 50 \u2013 60 Hz<\/p>\n<p>Con o sin articulaci\u00f3n el\u00e1stica<\/p>\n<table style=\"height: 403px;\" width=\"803\">\n<tbody>\n<tr>\n<td style=\"text-align: center;\" width=\"400\">HP<\/td>\n<td style=\"text-align: center;\" width=\"400\">KW<\/td>\n<\/tr>\n<tr>\n<td style=\"text-align: center;\">0,5<\/td>\n<td style=\"text-align: center;\">0,37<\/td>\n<\/tr>\n<tr>\n<td style=\"text-align: center;\">1<\/td>\n<td style=\"text-align: center;\">0,75<\/td>\n<\/tr>\n<tr>\n<td style=\"text-align: center;\">1,5<\/td>\n<td style=\"text-align: center;\">1,1<\/td>\n<\/tr>\n<tr>\n<td style=\"text-align: center;\">2<\/td>\n<td style=\"text-align: center;\">1,5<\/td>\n<\/tr>\n<tr>\n<td style=\"text-align: center;\">3<\/td>\n<td style=\"text-align: center;\">2,2<\/td>\n<\/tr>\n<tr>\n<td style=\"text-align: center;\">4<\/td>\n<td style=\"text-align: center;\">3<\/td>\n<\/tr>\n<\/tbody>\n<\/table>\n<\/div>\n<p><!-- .vgblk-rw-wrapper --><\/p>\n","protected":false},"excerpt":{"rendered":"<p>Bomba centr\u00edfuga vertical en acero inoxidable para productos esmaltados, engobes y abrasivos. Especialmente indicado para la alimentaci\u00f3n de Campanas, Velos, Cabinas de Disco, Engobers y para el transporte de l\u00edquidos de alta densidad, abrasivos y corrosivos incluso con s\u00f3lidos en suspensi\u00f3n, mediante acci\u00f3n de bombeo centr\u00edfugo. &nbsp; Disponible con: Una o dos v\u00e1lvulas de bola&#8230;<\/p>\n","protected":false},"featured_media":4037,"template":"","meta":[],"product_brand":[],"product_cat":[105],"product_tag":[],"class_list":{"0":"post-4030","1":"product","2":"type-product","3":"status-publish","4":"has-post-thumbnail","6":"product_cat-accesorios-para-la-linea-de-esmaltado","8":"first","9":"instock","10":"shipping-taxable","11":"product-type-simple"},"_links":{"self":[{"href":"https:\/\/www.sertam.it\/es\/wp-json\/wp\/v2\/product\/4030","targetHints":{"allow":["GET"]}}],"collection":[{"href":"https:\/\/www.sertam.it\/es\/wp-json\/wp\/v2\/product"}],"about":[{"href":"https:\/\/www.sertam.it\/es\/wp-json\/wp\/v2\/types\/product"}],"wp:featuredmedia":[{"embeddable":true,"href":"https:\/\/www.sertam.it\/es\/wp-json\/wp\/v2\/media\/4037"}],"wp:attachment":[{"href":"https:\/\/www.sertam.it\/es\/wp-json\/wp\/v2\/media?parent=4030"}],"wp:term":[{"taxonomy":"product_brand","embeddable":true,"href":"https:\/\/www.sertam.it\/es\/wp-json\/wp\/v2\/product_brand?post=4030"},{"taxonomy":"product_cat","embeddable":true,"href":"https:\/\/www.sertam.it\/es\/wp-json\/wp\/v2\/product_cat?post=4030"},{"taxonomy":"product_tag","embeddable":true,"href":"https:\/\/www.sertam.it\/es\/wp-json\/wp\/v2\/product_tag?post=4030"}],"curies":[{"name":"wp","href":"https:\/\/api.w.org\/{rel}","templated":true}]}}