{"id":4046,"date":"2019-09-19T10:50:29","date_gmt":"2019-09-19T08:50:29","guid":{"rendered":"http:\/\/smartwebmo.cloud:74\/sertam2020\/prodotto\/deviostep\/"},"modified":"2019-09-19T10:50:29","modified_gmt":"2019-09-19T08:50:29","slug":"deviostep","status":"publish","type":"product","link":"https:\/\/www.sertam.it\/es\/prodotto\/deviostep\/","title":{"rendered":"DEVIOSTEP"},"content":{"rendered":"<div class=\"vgblk-rw-wrapper limit-wrapper\">\n<p>Sistema controlado por motor paso a paso y PLC para el movimiento lateral del flujo de los azulejos en la l\u00ednea de esmaltado.<\/p>\n<p>Este sistema hace posible toda la utilizaci\u00f3n de la gr\u00e1fica sobre el rodillo de la m\u00e1quina serigr\u00e1fica rotativa.<\/p>\n<p>Este sistema est\u00e1 formado por:<\/p>\n<ul>\n<li>Movimentaci\u00f3n del flujo en ingreso equipado con gu\u00edas deformables en polizene <\/li>\n<li>Un carret\u00f3n de movimiento sobre guias rectificadas y endurecidas con movimiento paso a paso <\/li>\n<li>Cuadro el\u00e9ctrico con PLC.<\/li>\n<\/ul>\n<\/div>\n<p><!-- .vgblk-rw-wrapper --><\/p>\n","protected":false},"excerpt":{"rendered":"<p>Sistema controlado por motor paso a paso y PLC para el movimiento lateral del flujo de los azulejos en la l\u00ednea de esmaltado. Este sistema hace posible toda la utilizaci\u00f3n de la gr\u00e1fica sobre el rodillo de la m\u00e1quina serigr\u00e1fica rotativa. Este sistema est\u00e1 formado por: Movimentaci\u00f3n del flujo en ingreso equipado con gu\u00edas deformables&#8230;<\/p>\n","protected":false},"featured_media":4049,"template":"","meta":[],"product_brand":[],"product_cat":[105],"product_tag":[],"class_list":{"0":"post-4046","1":"product","2":"type-product","3":"status-publish","4":"has-post-thumbnail","6":"product_cat-accesorios-para-la-linea-de-esmaltado","8":"first","9":"instock","10":"shipping-taxable","11":"product-type-simple"},"_links":{"self":[{"href":"https:\/\/www.sertam.it\/es\/wp-json\/wp\/v2\/product\/4046","targetHints":{"allow":["GET"]}}],"collection":[{"href":"https:\/\/www.sertam.it\/es\/wp-json\/wp\/v2\/product"}],"about":[{"href":"https:\/\/www.sertam.it\/es\/wp-json\/wp\/v2\/types\/product"}],"wp:featuredmedia":[{"embeddable":true,"href":"https:\/\/www.sertam.it\/es\/wp-json\/wp\/v2\/media\/4049"}],"wp:attachment":[{"href":"https:\/\/www.sertam.it\/es\/wp-json\/wp\/v2\/media?parent=4046"}],"wp:term":[{"taxonomy":"product_brand","embeddable":true,"href":"https:\/\/www.sertam.it\/es\/wp-json\/wp\/v2\/product_brand?post=4046"},{"taxonomy":"product_cat","embeddable":true,"href":"https:\/\/www.sertam.it\/es\/wp-json\/wp\/v2\/product_cat?post=4046"},{"taxonomy":"product_tag","embeddable":true,"href":"https:\/\/www.sertam.it\/es\/wp-json\/wp\/v2\/product_tag?post=4046"}],"curies":[{"name":"wp","href":"https:\/\/api.w.org\/{rel}","templated":true}]}}