{"id":4106,"date":"2019-09-19T10:47:41","date_gmt":"2019-09-19T08:47:41","guid":{"rendered":"http:\/\/smartwebmo.cloud:74\/sertam2020\/prodotto\/cabina-de-nebulizacion-a-unico-disco-para-esmalte-y-engobe-2\/"},"modified":"2019-09-19T10:47:41","modified_gmt":"2019-09-19T08:47:41","slug":"cabina-de-nebulizacion-a-unico-disco-para-esmalte-y-engobe-2","status":"publish","type":"product","link":"https:\/\/www.sertam.it\/es\/prodotto\/cabina-de-nebulizacion-a-unico-disco-para-esmalte-y-engobe-2\/","title":{"rendered":"CABINA DE NEBULIZACI\u00d3N A \u00daNICO DISCO PARA ESMALTE Y ENGOBE"},"content":{"rendered":"<div class=\"vgblk-rw-wrapper limit-wrapper\">\n<p>Cabina de nebulizaci\u00f3n a \u00fanico ajustable disco para esmalte y engobe.<br \/>\nOptional: Cuadro el\u00e9ctrico con inversor.<\/p>\n<p>&nbsp;<\/p>\n<table style=\"height: 403px;\" width=\"803\">\n<tbody>\n<tr>\n<td style=\"text-align: center;\" width=\"400\">MODEL<\/td>\n<td style=\"text-align: center;\" width=\"400\">MIN. SIZE<\/td>\n<td style=\"text-align: center;\" width=\"400\">MAX. SIZE<\/td>\n<\/tr>\n<tr>\n<td style=\"text-align: center;\">450<\/td>\n<td style=\"text-align: center;\">100&#215;100 mm<\/td>\n<td style=\"text-align: center;\">450&#215;450 mm<\/td>\n<\/tr>\n<tr>\n<td style=\"text-align: center;\">660<\/td>\n<td style=\"text-align: center;\">100&#215;100 mm<\/td>\n<td style=\"text-align: center;\">660&#215;660 mm<\/td>\n<\/tr>\n<tr>\n<td style=\"text-align: center;\">900<\/td>\n<td style=\"text-align: center;\">100&#215;100 mm<\/td>\n<td style=\"text-align: center;\">900&#215;900 mm<\/td>\n<\/tr>\n<tr>\n<td style=\"text-align: center;\">1000<\/td>\n<td style=\"text-align: center;\">100&#215;100 mm<\/td>\n<td style=\"text-align: center;\">1000&#215;1000 mm<\/td>\n<\/tr>\n<tr>\n<td style=\"text-align: center;\">1100<\/td>\n<td style=\"text-align: center;\">100&#215;100 mm<\/td>\n<td style=\"text-align: center;\">1100&#215;1100 mm<\/td>\n<\/tr>\n<tr>\n<td style=\"text-align: center;\">1200<\/td>\n<td style=\"text-align: center;\">100&#215;100 mm<\/td>\n<td style=\"text-align: center;\">1200&#215;1200 mm<\/td>\n<\/tr>\n<tr>\n<td style=\"text-align: center;\">1350<\/td>\n<td style=\"text-align: center;\">100&#215;100 mm<\/td>\n<td style=\"text-align: center;\">1350&#215;1350 mm<\/td>\n<\/tr>\n<\/tbody>\n<\/table>\n<\/div>\n<p><!-- .vgblk-rw-wrapper --><\/p>\n","protected":false},"excerpt":{"rendered":"<p>Cabina de nebulizaci\u00f3n a \u00fanico ajustable disco para esmalte y engobe. Optional: Cuadro el\u00e9ctrico con inversor. &nbsp; MODEL MIN. SIZE MAX. SIZE 450 100&#215;100 mm 450&#215;450 mm 660 100&#215;100 mm 660&#215;660 mm 900 100&#215;100 mm 900&#215;900 mm 1000 100&#215;100 mm 1000&#215;1000 mm 1100 100&#215;100 mm 1100&#215;1100 mm 1200 100&#215;100 mm 1200&#215;1200 mm 1350 100&#215;100 mm&#8230;<\/p>\n","protected":false},"featured_media":4113,"template":"","meta":[],"product_brand":[],"product_cat":[105],"product_tag":[],"class_list":{"0":"post-4106","1":"product","2":"type-product","3":"status-publish","4":"has-post-thumbnail","6":"product_cat-accesorios-para-la-linea-de-esmaltado","8":"first","9":"instock","10":"shipping-taxable","11":"product-type-simple"},"_links":{"self":[{"href":"https:\/\/www.sertam.it\/es\/wp-json\/wp\/v2\/product\/4106","targetHints":{"allow":["GET"]}}],"collection":[{"href":"https:\/\/www.sertam.it\/es\/wp-json\/wp\/v2\/product"}],"about":[{"href":"https:\/\/www.sertam.it\/es\/wp-json\/wp\/v2\/types\/product"}],"wp:featuredmedia":[{"embeddable":true,"href":"https:\/\/www.sertam.it\/es\/wp-json\/wp\/v2\/media\/4113"}],"wp:attachment":[{"href":"https:\/\/www.sertam.it\/es\/wp-json\/wp\/v2\/media?parent=4106"}],"wp:term":[{"taxonomy":"product_brand","embeddable":true,"href":"https:\/\/www.sertam.it\/es\/wp-json\/wp\/v2\/product_brand?post=4106"},{"taxonomy":"product_cat","embeddable":true,"href":"https:\/\/www.sertam.it\/es\/wp-json\/wp\/v2\/product_cat?post=4106"},{"taxonomy":"product_tag","embeddable":true,"href":"https:\/\/www.sertam.it\/es\/wp-json\/wp\/v2\/product_tag?post=4106"}],"curies":[{"name":"wp","href":"https:\/\/api.w.org\/{rel}","templated":true}]}}