{"id":4187,"date":"2019-09-19T10:43:21","date_gmt":"2019-09-19T08:43:21","guid":{"rendered":"http:\/\/smartwebmo.cloud:74\/sertam2020\/prodotto\/control-flux\/"},"modified":"2019-09-19T10:43:21","modified_gmt":"2019-09-19T08:43:21","slug":"control-flux","status":"publish","type":"product","link":"https:\/\/www.sertam.it\/es\/prodotto\/control-flux\/","title":{"rendered":"CONTROL FLUX"},"content":{"rendered":"<div class=\"vgblk-rw-wrapper limit-wrapper\">\n<figure class=\"wp-block-embed wp-block-embed-youtube is-type-video is-provider-youtube epyt-figure\"><div class=\"wp-block-embed__wrapper\"><iframe loading=\"lazy\"  id=\"_ytid_86680\"  width=\"630\" height=\"300\"  data-origwidth=\"630\" data-origheight=\"300\" src=\"https:\/\/www.youtube.com\/embed\/2zDXZktrRuo?enablejsapi=1&autoplay=0&cc_load_policy=0&cc_lang_pref=&iv_load_policy=3&loop=1&playlist=2zDXZktrRuo&rel=1&fs=1&playsinline=0&autohide=2&theme=dark&color=red&controls=1&\" class=\"__youtube_prefs__  no-lazyload\" title=\"YouTube player\"  allow=\"fullscreen; accelerometer; autoplay; clipboard-write; encrypted-media; gyroscope; picture-in-picture\" allowfullscreen data-no-lazy=\"1\" data-skipgform_ajax_framebjll=\"\"><\/iframe><\/div><\/figure>\n<p>&nbsp;<\/p>\n<p class=\"p1\"><span class=\"s1\">CONTROL FLUX es un dispositivo que controla autom\u00e1ticamente la cantidad de esmalte dispensado, permitiendo as\u00ed mantenerlo constante en el tiempo, optimizando la producci\u00f3n.<\/span><\/p>\n<p class=\"p1\"><span class=\"s1\">Su uso permite la eliminaci\u00f3n de las burbujas frecuentemente presentes en el esmalte, asegurando adem\u00e1s un importante ahorro de producto.<\/span><\/p>\n<p class=\"p1\"><span class=\"s1\">Se utiliza junto con las Campana, Velatrice o Disc cabina.<\/span><\/p>\n<p>Flow meter max L\/min: 50 \/ 100 \/ 200<\/p>\n<p>&nbsp;<\/p>\n<p>&nbsp;<\/p>\n<table style=\"height: 249px;\" width=\"897\">\n<tbody>\n<tr>\n<th style=\"text-align: center;\" width=\"900\">TANK DIAMETER<\/th>\n<th style=\"text-align: center;\" width=\"900\">CAPACITY IN LITERS<\/th>\n<\/tr>\n<tr>\n<td width=\"110\">\n<p style=\"text-align: center;\">600 mm<\/p>\n<\/td>\n<td style=\"text-align: center;\" width=\"284\">124<\/td>\n<\/tr>\n<tr>\n<td width=\"110\">\n<p style=\"text-align: center;\">800 mm<\/p>\n<\/td>\n<td width=\"284\">\n<p style=\"text-align: center;\">210<\/p>\n<\/td>\n<\/tr>\n<tr>\n<td width=\"110\">\n<p style=\"text-align: center;\">900 mm<\/p>\n<\/td>\n<td width=\"284\">\n<p style=\"text-align: center;\">265<\/p>\n<\/td>\n<\/tr>\n<tr>\n<td style=\"text-align: center;\" width=\"110\">1000 mm<\/td>\n<td width=\"284\">\n<p style=\"text-align: center;\">330<\/p>\n<\/td>\n<\/tr>\n<tr>\n<td style=\"text-align: center;\" width=\"110\">1200 mm<\/td>\n<td width=\"284\">\n<p style=\"text-align: center;\">500<\/p>\n<\/td>\n<\/tr>\n<\/tbody>\n<\/table>\n<\/div>\n<p><!-- .vgblk-rw-wrapper --><\/p>\n","protected":false},"excerpt":{"rendered":"<p>&nbsp; CONTROL FLUX es un dispositivo que controla autom\u00e1ticamente la cantidad de esmalte dispensado, permitiendo as\u00ed mantenerlo constante en el tiempo, optimizando la producci\u00f3n. Su uso permite la eliminaci\u00f3n de las burbujas frecuentemente presentes en el esmalte, asegurando adem\u00e1s un importante ahorro de producto. Se utiliza junto con las Campana, Velatrice o Disc cabina. Flow&#8230;<\/p>\n","protected":false},"featured_media":4544,"template":"","meta":[],"product_brand":[],"product_cat":[105],"product_tag":[],"class_list":{"0":"post-4187","1":"product","2":"type-product","3":"status-publish","4":"has-post-thumbnail","6":"product_cat-accesorios-para-la-linea-de-esmaltado","8":"first","9":"instock","10":"shipping-taxable","11":"product-type-simple"},"_links":{"self":[{"href":"https:\/\/www.sertam.it\/es\/wp-json\/wp\/v2\/product\/4187","targetHints":{"allow":["GET"]}}],"collection":[{"href":"https:\/\/www.sertam.it\/es\/wp-json\/wp\/v2\/product"}],"about":[{"href":"https:\/\/www.sertam.it\/es\/wp-json\/wp\/v2\/types\/product"}],"wp:featuredmedia":[{"embeddable":true,"href":"https:\/\/www.sertam.it\/es\/wp-json\/wp\/v2\/media\/4544"}],"wp:attachment":[{"href":"https:\/\/www.sertam.it\/es\/wp-json\/wp\/v2\/media?parent=4187"}],"wp:term":[{"taxonomy":"product_brand","embeddable":true,"href":"https:\/\/www.sertam.it\/es\/wp-json\/wp\/v2\/product_brand?post=4187"},{"taxonomy":"product_cat","embeddable":true,"href":"https:\/\/www.sertam.it\/es\/wp-json\/wp\/v2\/product_cat?post=4187"},{"taxonomy":"product_tag","embeddable":true,"href":"https:\/\/www.sertam.it\/es\/wp-json\/wp\/v2\/product_tag?post=4187"}],"curies":[{"name":"wp","href":"https:\/\/api.w.org\/{rel}","templated":true}]}}