{"id":4212,"date":"2019-09-19T10:42:04","date_gmt":"2019-09-19T08:42:04","guid":{"rendered":"http:\/\/smartwebmo.cloud:74\/sertam2020\/prodotto\/velatrice\/"},"modified":"2019-09-19T10:42:04","modified_gmt":"2019-09-19T08:42:04","slug":"velatrice","status":"publish","type":"product","link":"https:\/\/www.sertam.it\/es\/prodotto\/velatrice\/","title":{"rendered":"VELATRICE"},"content":{"rendered":"<div class=\"vgblk-rw-wrapper limit-wrapper\">\n<p><figure class=\"wp-block-embed wp-block-embed-youtube is-type-video is-provider-youtube epyt-figure\"><div class=\"wp-block-embed__wrapper\"><iframe loading=\"lazy\"  id=\"_ytid_34611\"  width=\"630\" height=\"300\"  data-origwidth=\"630\" data-origheight=\"300\" src=\"https:\/\/www.youtube.com\/embed\/dK8GJRo7ngM?enablejsapi=1&autoplay=0&cc_load_policy=0&cc_lang_pref=&iv_load_policy=3&loop=1&playlist=dK8GJRo7ngM&rel=1&fs=1&playsinline=0&autohide=2&theme=dark&color=red&controls=1&\" class=\"__youtube_prefs__  no-lazyload\" title=\"YouTube player\"  allow=\"fullscreen; accelerometer; autoplay; clipboard-write; encrypted-media; gyroscope; picture-in-picture\" allowfullscreen data-no-lazy=\"1\" data-skipgform_ajax_framebjll=\"\"><\/iframe><\/div><\/figure><br \/>\n<figure class=\"wp-block-embed wp-block-embed-youtube is-type-video is-provider-youtube epyt-figure\"><div class=\"wp-block-embed__wrapper\"><iframe loading=\"lazy\"  id=\"_ytid_29537\"  width=\"630\" height=\"300\"  data-origwidth=\"630\" data-origheight=\"300\" src=\"https:\/\/www.youtube.com\/embed\/l_B8XH7C670?enablejsapi=1&autoplay=0&cc_load_policy=0&cc_lang_pref=&iv_load_policy=3&loop=1&playlist=l_B8XH7C670&rel=1&fs=1&playsinline=0&autohide=2&theme=dark&color=red&controls=1&\" class=\"__youtube_prefs__  no-lazyload\" title=\"YouTube player\"  allow=\"fullscreen; accelerometer; autoplay; clipboard-write; encrypted-media; gyroscope; picture-in-picture\" allowfullscreen data-no-lazy=\"1\" data-skipgform_ajax_framebjll=\"\"><\/iframe><\/div><\/figure><\/p>\n<p>&nbsp;<\/p>\n<p class=\"p1\">M\u00e1quina para la aplicaci\u00f3n uniforme del esmalte, engobe y cristalina, a trav\u00e9s de un cabezal donde act\u00faa un circuito de presurizaci\u00f3. Permite la aplicaci\u00f3n de un peso uniforme y constante en el azulejo. Simple e intuitiva ha sido dise\u0148ada y realizada para facilitar las acciones del operador. Apto para cualquier tipo de esmalte, permite obtener superficies uniformes con planicidad especular.<\/p>\n<p class=\"p2\">Disponible en tres modelos: Basic, AUTOMATIC y DENSITY. <\/p>\n<p>&nbsp;<\/p>\n<table style=\"height: 420px;\" width=\"900\">\n<tbody>\n<tr>\n<th style=\"text-align: center;\" width=\"900\">MODEL<\/th>\n<th style=\"text-align: center;\" width=\"900\">MAX. GREEN SIZE<\/th>\n<th style=\"text-align: center;\" width=\"900\">MAX. EFFECTIVE WIDTH<\/th>\n<\/tr>\n<tr>\n<td style=\"text-align: center;\">V500<\/td>\n<td style=\"text-align: center;\" width=\"284\">330 mm<\/td>\n<td style=\"text-align: center;\" width=\"298\">500 mm<\/td>\n<\/tr>\n<tr>\n<td style=\"text-align: center;\">V700<\/td>\n<td style=\"text-align: center;\">500 mm<\/td>\n<td style=\"text-align: center;\">700 mm<\/td>\n<\/tr>\n<tr>\n<td style=\"text-align: center;\">V900<\/td>\n<td style=\"text-align: center;\">700 mm<\/td>\n<td style=\"text-align: center;\">900 mm<\/td>\n<\/tr>\n<tr>\n<td style=\"text-align: center;\" width=\"110\">V1000<\/td>\n<td style=\"text-align: center;\">800 mm<\/td>\n<td style=\"text-align: center;\">1000 mm<\/td>\n<\/tr>\n<tr>\n<td style=\"text-align: center;\" width=\"110\">V1200<\/td>\n<td style=\"text-align: center;\">1000 mm<\/td>\n<td style=\"text-align: center;\">1200 mm<\/td>\n<\/tr>\n<tr>\n<td style=\"text-align: center;\">V1500<\/td>\n<td style=\"text-align: center;\">1350 mm<\/td>\n<td style=\"text-align: center;\">1500 mm<\/td>\n<\/tr>\n<tr>\n<td style=\"text-align: center;\">V1600<\/td>\n<td style=\"text-align: center;\">1450 mm<\/td>\n<td style=\"text-align: center;\">1600 mm<\/td>\n<\/tr>\n<tr>\n<td style=\"text-align: center;\">V2200<\/td>\n<td style=\"text-align: center;\">2000 mm<\/td>\n<td style=\"text-align: center;\">2200 mm<\/td>\n<\/tr>\n<\/tbody>\n<\/table>\n<\/div>\n<p><!-- .vgblk-rw-wrapper --><\/p>\n","protected":false},"excerpt":{"rendered":"<p>&nbsp; M\u00e1quina para la aplicaci\u00f3n uniforme del esmalte, engobe y cristalina, a trav\u00e9s de un cabezal donde act\u00faa un circuito de presurizaci\u00f3. Permite la aplicaci\u00f3n de un peso uniforme y constante en el azulejo. Simple e intuitiva ha sido dise\u0148ada y realizada para facilitar las acciones del operador. Apto para cualquier tipo de esmalte, permite&#8230;<\/p>\n","protected":false},"featured_media":4474,"template":"","meta":[],"product_brand":[],"product_cat":[105],"product_tag":[],"class_list":{"0":"post-4212","1":"product","2":"type-product","3":"status-publish","4":"has-post-thumbnail","6":"product_cat-accesorios-para-la-linea-de-esmaltado","8":"first","9":"instock","10":"shipping-taxable","11":"product-type-simple"},"_links":{"self":[{"href":"https:\/\/www.sertam.it\/es\/wp-json\/wp\/v2\/product\/4212","targetHints":{"allow":["GET"]}}],"collection":[{"href":"https:\/\/www.sertam.it\/es\/wp-json\/wp\/v2\/product"}],"about":[{"href":"https:\/\/www.sertam.it\/es\/wp-json\/wp\/v2\/types\/product"}],"wp:featuredmedia":[{"embeddable":true,"href":"https:\/\/www.sertam.it\/es\/wp-json\/wp\/v2\/media\/4474"}],"wp:attachment":[{"href":"https:\/\/www.sertam.it\/es\/wp-json\/wp\/v2\/media?parent=4212"}],"wp:term":[{"taxonomy":"product_brand","embeddable":true,"href":"https:\/\/www.sertam.it\/es\/wp-json\/wp\/v2\/product_brand?post=4212"},{"taxonomy":"product_cat","embeddable":true,"href":"https:\/\/www.sertam.it\/es\/wp-json\/wp\/v2\/product_cat?post=4212"},{"taxonomy":"product_tag","embeddable":true,"href":"https:\/\/www.sertam.it\/es\/wp-json\/wp\/v2\/product_tag?post=4212"}],"curies":[{"name":"wp","href":"https:\/\/api.w.org\/{rel}","templated":true}]}}